{"id":8914,"date":"2025-10-31T21:11:20","date_gmt":"2025-10-31T20:11:20","guid":{"rendered":"https:\/\/colonos.it\/in-file\/in-file-2005\/"},"modified":"2025-11-11T18:21:53","modified_gmt":"2025-11-11T17:21:53","slug":"in-file-2005","status":"publish","type":"page","link":"https:\/\/colonos.it\/furlan\/in-file\/in-file-2005\/","title":{"rendered":"In File 2005"},"content":{"rendered":"<h2>Impressions intor da la seconde met\u00e2t dal N\u00fbfcent<\/h2>\n<p>(prime part)<\/p>\n<p>Fontana di aga dal me pais.<br \/>\nA no \u00e8 aga pi fres-cia che tal me pais.<br \/>\nFontana di rustic amour.<em><span style=\"font-size: 11px;\"><br \/>\n<\/span><\/em><span style=\"font-size: 11px;\">Pier Paolo Pasolini, La meglio giovent\u00f9 1941<\/span><\/p>\n<p>Fontana di aga di un pais no me.<br \/>\nA no \u00e8 aga pi vecia che ta chel pais.<br \/>\nFontana di amour par niss\u00f9n.<em><span style=\"font-size: 11px;\"><br \/>\n<\/span><\/em><span style=\"font-size: 11px;\">Pier Paolo Pasolini, La nuova giovent\u00f9 1974<\/span><\/p>\n<p><em><br \/>\ncul contrib\u00fbt di <\/em><br \/>\nRegjon Fri\u00fbl-Vignesie Julie &#8211; Assessor\u00e2t a la Culture<br \/>\nProvincie di Udin &#8211; Assessor\u00e2t a la Culture<\/p>\n<p><em>cul sostegn di<\/em><br \/>\nDistilleria Mercedes De Mezzo<br \/>\nBanca Popolare FriulAdria<\/p>\n<p>28 di Zen\u00e2r &gt; 13 di Mar\u00e7 2006<br \/>\nAgriturisim Ai Colonos &#8211; Vilecjasse di Lestize (Udin) Fri\u00fbl<\/p>\n<p>Consulence sientifiche<br \/>\nG<strong>uido Crainz<br \/>\nGian Paolo Gri<br \/>\nTito Maniacco<br \/>\nMario Turello<\/strong><\/p>\n<p>Supervision pa la lenghe furlane<br \/>\n<strong>Giorgia Zamparo<\/strong><\/p>\n<p>Ideazion music\u00e2l<br \/>\n<strong>Giovanni Floreani<\/strong><\/p>\n<p>Responsabil tecnic<br \/>\n<strong>Gianfranco Lugano<\/strong><\/p>\n<p>Direzion artistiche<br \/>\n<strong>Federico Rossi<\/strong><\/p>\n<p>La partecipazion ai incuintris e je vierte ai socis. La cuote associative pal 2005 e je di 15 euros, e e d\u00e0 dirit a jentr\u00e2 a gratis a dutis lis manifestazions e ai spetacui organiz\u00e2ts da l&#8217;Associazion cultur\u00e2l Colonos vie pal an, cun di plui al scont dal 30% su lis publicazions \u201cprogjet Colonos&#8221;.<\/p>\n<p>Lis seradis di In File, f\u00fbr che ch\u00ea da la proiezion dal documentari Rai, a vignaran trasmetudis in diferide su RADIO SPAZIO 103, la domenie da\u00fbr, a lis cuatri dopo misd\u00ec, tacant dai 6 di Fevr\u00e2r.<\/p>\n","protected":false},"excerpt":{"rendered":"<p>Impressions intor da la seconde met\u00e2t dal N\u00fbfcent (prime part) Fontana di aga dal me pais. A no \u00e8 aga pi fres-cia che tal me pais. Fontana di rustic amour. Pier Paolo Pasolini, La meglio giovent\u00f9 1941 Fontana di aga di un pais no me. A no \u00e8 aga pi vecia che ta chel pais.<\/p>\n","protected":false},"author":3,"featured_media":8242,"parent":2580,"menu_order":2005,"comment_status":"closed","ping_status":"closed","template":"page-templates\/rassegna-edizione.php","meta":[],"acf":[],"_links":{"self":[{"href":"https:\/\/colonos.it\/furlan\/wp-json\/wp\/v2\/pages\/8914"}],"collection":[{"href":"https:\/\/colonos.it\/furlan\/wp-json\/wp\/v2\/pages"}],"about":[{"href":"https:\/\/colonos.it\/furlan\/wp-json\/wp\/v2\/types\/page"}],"author":[{"embeddable":true,"href":"https:\/\/colonos.it\/furlan\/wp-json\/wp\/v2\/users\/3"}],"replies":[{"embeddable":true,"href":"https:\/\/colonos.it\/furlan\/wp-json\/wp\/v2\/comments?post=8914"}],"version-history":[{"count":7,"href":"https:\/\/colonos.it\/furlan\/wp-json\/wp\/v2\/pages\/8914\/revisions"}],"predecessor-version":[{"id":8915,"href":"https:\/\/colonos.it\/furlan\/wp-json\/wp\/v2\/pages\/8914\/revisions\/8915"}],"up":[{"embeddable":true,"href":"https:\/\/colonos.it\/furlan\/wp-json\/wp\/v2\/pages\/2580"}],"wp:featuredmedia":[{"embeddable":true,"href":"https:\/\/colonos.it\/furlan\/wp-json\/wp\/v2\/media\/8242"}],"wp:attachment":[{"href":"https:\/\/colonos.it\/furlan\/wp-json\/wp\/v2\/media?parent=8914"}],"curies":[{"name":"wp","href":"https:\/\/api.w.org\/{rel}","templated":true}]}}