{"id":8852,"date":"2025-10-23T23:24:04","date_gmt":"2025-10-23T21:24:04","guid":{"rendered":"https:\/\/colonos.it\/?page_id=8852"},"modified":"2025-11-11T18:26:53","modified_gmt":"2025-11-11T17:26:53","slug":"in-file-2006","status":"publish","type":"page","link":"https:\/\/colonos.it\/furlan\/in-file\/in-file-2006\/","title":{"rendered":"In File 2006"},"content":{"rendered":"<h2>Impressions intor da la seconde met\u00e2t dal N\u00fbfcent<\/h2>\n<p>(seconde part)<\/p>\n<p><em>cul contrib\u00fbt dal <\/em><br \/>\nAssessor\u00e2t a la Culture &#8211; Regjon Fri\u00fbl-Vignesie Julie<\/p>\n<p><em>cul sostegn di<\/em><br \/>\nDistilleria Mercedes De Mezzo<br \/>\nBanca Popolare FriulAdria<\/p>\n<p>27 di Zen\u00e2r &gt; 31 di Mar\u00e7 2006<br \/>\nAgriturisim Ai Colonos &#8211; Vilecjasse di Lestize<br \/>\n(Udin) Fri\u00fbl<\/p>\n<p>Supervision pa la lenghe furlane<br \/>\n<strong>Giorgia Zamparo<\/strong><\/p>\n<p>Responsabil tecnic<br \/>\n<strong>Gianfranco Lugano<\/strong><\/p>\n<p>Direzion artistiche<br \/>\n<strong>Federico Rossi<\/strong><\/p>\n<p>La partecipazion ai incuintris e je vierte ai socis. La cuote associative pal 2006 e je di 15 euros e e da dirit a jentr\u00e2 a gratis a dutis lis manifestazions e ai spetacui organiz\u00e2ts da l\u2019 associazion cultural Colonos vie pal an, cun di plui al scont di cirche il 30% su lis publicazions &#8220;progjet Colonos&#8221;.<\/p>\n","protected":false},"excerpt":{"rendered":"<p>Impressions intor da la seconde met\u00e2t dal N\u00fbfcent (seconde part) cul contrib\u00fbt dal Assessor\u00e2t a la Culture &#8211; Regjon Fri\u00fbl-Vignesie Julie cul sostegn di Distilleria Mercedes De Mezzo Banca Popolare FriulAdria 27 di Zen\u00e2r &gt; 31 di Mar\u00e7 2006 Agriturisim Ai Colonos &#8211; Vilecjasse di Lestize (Udin) Fri\u00fbl Supervision pa la lenghe furlane Giorgia Zamparo<\/p>\n","protected":false},"author":3,"featured_media":8228,"parent":2580,"menu_order":2006,"comment_status":"closed","ping_status":"closed","template":"page-templates\/rassegna-edizione.php","meta":[],"acf":[],"_links":{"self":[{"href":"https:\/\/colonos.it\/furlan\/wp-json\/wp\/v2\/pages\/8852"}],"collection":[{"href":"https:\/\/colonos.it\/furlan\/wp-json\/wp\/v2\/pages"}],"about":[{"href":"https:\/\/colonos.it\/furlan\/wp-json\/wp\/v2\/types\/page"}],"author":[{"embeddable":true,"href":"https:\/\/colonos.it\/furlan\/wp-json\/wp\/v2\/users\/3"}],"replies":[{"embeddable":true,"href":"https:\/\/colonos.it\/furlan\/wp-json\/wp\/v2\/comments?post=8852"}],"version-history":[{"count":4,"href":"https:\/\/colonos.it\/furlan\/wp-json\/wp\/v2\/pages\/8852\/revisions"}],"predecessor-version":[{"id":9085,"href":"https:\/\/colonos.it\/furlan\/wp-json\/wp\/v2\/pages\/8852\/revisions\/9085"}],"up":[{"embeddable":true,"href":"https:\/\/colonos.it\/furlan\/wp-json\/wp\/v2\/pages\/2580"}],"wp:featuredmedia":[{"embeddable":true,"href":"https:\/\/colonos.it\/furlan\/wp-json\/wp\/v2\/media\/8228"}],"wp:attachment":[{"href":"https:\/\/colonos.it\/furlan\/wp-json\/wp\/v2\/media?parent=8852"}],"curies":[{"name":"wp","href":"https:\/\/api.w.org\/{rel}","templated":true}]}}