{"id":8789,"date":"2025-10-23T18:46:09","date_gmt":"2025-10-23T16:46:09","guid":{"rendered":"https:\/\/colonos.it\/?page_id=8789"},"modified":"2025-10-23T20:39:38","modified_gmt":"2025-10-23T18:39:38","slug":"in-file-2007","status":"publish","type":"page","link":"https:\/\/colonos.it\/furlan\/in-file\/in-file-2007\/","title":{"rendered":"In File 2007"},"content":{"rendered":"<p><strong>Esplorazions sul Doi mil<\/strong><\/p>\n<p>Associazion Cultur\u00e2l Colonos<\/p>\n<p><em>cul contrib\u00fbt dal <\/em><br \/>\nAssessor\u00e2t a la Culture &#8211; Regjon Fri\u00fbl-Vignesie Julie<\/p>\n<p><em>cul sostegn di<\/em><br \/>\nNordest Banca<br \/>\nGalleria d&#8217;Arte La Piazzetta &#8211; Udin<\/p>\n<p><em>Sponsor ufici\u00e0l<\/em><br \/>\nDistilleria Domenis<\/p>\n<p>26 di Zen\u00e2r > 17 di Mar\u00e7 2007<br \/>\nAgriturisim Ai Colonos &#8211; Vilecjasse di Lestize (Udin &#8211; Fri\u00fbl)<\/p>\n<p>Musichis in colaborazion cul<br \/>\n<strong>Conservatori Jacopo Tomadini<\/strong> di Udin<br \/>\ne coordenament di <strong>Fabio Spruzzola<\/strong><\/p>\n<p>Responsabil tecnic<br \/>\n<strong>Gianfranco Lugano<\/strong><\/p>\n<p>Direzion artistiche<br \/>\n<strong>Federico Rossi<\/strong><\/p>\n<p>La partecipazion ai incuintris di sere e je vierte ai socis. La cuote associative pal 2007 e je di 15 euros e e da dirit di partecip\u00e2 a gratis a dutis lis manifestazions e ai spetacui organiz\u00e2ts da l\u2019 associazion cultur\u00e2l Colonos vie pal an, cun di plui al scont dal 30% su lis publicazions &#8220;progjet colonos&#8221;<\/p>\n<p>I incuintris di In File a vignar\u00e0n trasmet\u00fcts in diferide su radio Spazio 103 la domenie da\u00fbr, a lis cuatri dopo misdi, tacant dal 28 di Zen\u00e2r.<\/p>\n","protected":false},"excerpt":{"rendered":"<p>Esplorazions sul Doi mil Associazion Cultur\u00e2l Colonos cul contrib\u00fbt dal Assessor\u00e2t a la Culture &#8211; Regjon Fri\u00fbl-Vignesie Julie cul sostegn di Nordest Banca Galleria d&#8217;Arte La Piazzetta &#8211; Udin Sponsor ufici\u00e0l Distilleria Domenis 26 di Zen\u00e2r > 17 di Mar\u00e7 2007 Agriturisim Ai Colonos &#8211; Vilecjasse di Lestize (Udin &#8211; Fri\u00fbl) Musichis in colaborazion cul<\/p>\n","protected":false},"author":3,"featured_media":8259,"parent":2580,"menu_order":2007,"comment_status":"closed","ping_status":"closed","template":"page-templates\/rassegna-edizione.php","meta":[],"acf":[],"_links":{"self":[{"href":"https:\/\/colonos.it\/furlan\/wp-json\/wp\/v2\/pages\/8789"}],"collection":[{"href":"https:\/\/colonos.it\/furlan\/wp-json\/wp\/v2\/pages"}],"about":[{"href":"https:\/\/colonos.it\/furlan\/wp-json\/wp\/v2\/types\/page"}],"author":[{"embeddable":true,"href":"https:\/\/colonos.it\/furlan\/wp-json\/wp\/v2\/users\/3"}],"replies":[{"embeddable":true,"href":"https:\/\/colonos.it\/furlan\/wp-json\/wp\/v2\/comments?post=8789"}],"version-history":[{"count":4,"href":"https:\/\/colonos.it\/furlan\/wp-json\/wp\/v2\/pages\/8789\/revisions"}],"predecessor-version":[{"id":8795,"href":"https:\/\/colonos.it\/furlan\/wp-json\/wp\/v2\/pages\/8789\/revisions\/8795"}],"up":[{"embeddable":true,"href":"https:\/\/colonos.it\/furlan\/wp-json\/wp\/v2\/pages\/2580"}],"wp:featuredmedia":[{"embeddable":true,"href":"https:\/\/colonos.it\/furlan\/wp-json\/wp\/v2\/media\/8259"}],"wp:attachment":[{"href":"https:\/\/colonos.it\/furlan\/wp-json\/wp\/v2\/media?parent=8789"}],"curies":[{"name":"wp","href":"https:\/\/api.w.org\/{rel}","templated":true}]}}