{"id":8245,"date":"2025-02-23T18:53:45","date_gmt":"2025-02-23T17:53:45","guid":{"rendered":"https:\/\/colonos.it\/avostanis\/avostanis-1993\/"},"modified":"2025-02-25T13:50:43","modified_gmt":"2025-02-25T12:50:43","slug":"avostanis-1993","status":"publish","type":"page","link":"https:\/\/colonos.it\/furlan\/avostanis\/avostanis-1993\/","title":{"rendered":"Avostanis 1993"},"content":{"rendered":"<p>Mangjative furlane e bon bevi.<br \/>\nPoesiis, musiche, imagjinis sui m\u00fbrs, il vuestri snait, i avostans&#8230;<br \/>\nUs spiet\u00ecn a lis siet di sere, se o rivais prime pazienze!<\/p>\n<p>PROGRAM<br \/>\nVinars ai 13 di Avost, h 21.00<br \/>\n<strong>Vinars 13!<\/strong><br \/>\nsfighe cul <strong>Teatro Incerto<\/strong><\/p>\n<p>Sabide ai 14 di Avost, h 18.30<br \/>\n<strong>L\u2019albar dai agnui<\/strong><br \/>\nPresentazion dal roman\u00e7 di <strong>Stefano Montello<\/strong> e <strong>Flavio Zannier<\/strong><br \/>\nCun <strong>Giorgio Ferigo<\/strong>, <strong>Alberto Princis<\/strong> e i <strong>aut\u00f4rs<\/strong><br \/>\nh 21.00<br \/>\n<strong>Mitili FLK<\/strong> in concert<\/p>\n<p>Domenie ai 15 di Avost, h 18.30<br \/>\nDa la Cjargne <strong>Chei di Dav\u00e2r<\/strong> cun armoniche e liron<br \/>\n<strong>Lunis<\/strong><br \/>\nImagjinis intal barcon, di <strong>Paolo Gallo<\/strong><\/p>\n<p>Miercus ai 18 di Avost, h 21.00<br \/>\n<strong>Trois da la gnove poesie furlane<\/strong><br \/>\nLeturis e performances cui gnoufs aut\u00f4rs in lenghe furlane<br \/>\nPar cure di <strong>Usmis<\/strong><\/p>\n<p>Vinars ai 20 di Avost, h 21.00<br \/>\nIn compan\u00ece dai sunad\u00f4rs dal <strong>Grop Folcloristic di Pasian di Pr\u00e2t<\/strong><br \/>\n<strong>Personagjos di curt\u00eel<\/strong><br \/>\nsculturis di <strong>Nico Colle<\/strong><\/p>\n<p>Sabide ai 21 di Avost, h 21.00<br \/>\nSerade music\u00e2l cun <strong>Chei di Cjasteons di Strade<\/strong><\/p>\n<p>Domenie ai 22 di Avost, h 21.00<br \/>\nA dute bire cu l\u2019armoniche di <strong>Tulio<\/strong><br \/>\n<strong>C\u00eei<\/strong><br \/>\nimagjinis intal barcon, di <strong>Pierluigi D\u2019Ambrosio<\/strong><\/p>\n<p>Joibe ai 26 di Avost, h 21.00<br \/>\n<strong>La sere dal mulin\u00e2r<\/strong><br \/>\nSpetacul teatr\u00e2l cul <strong>G.A.D. Quintino Ronchi<\/strong> di San Dan\u00eal<br \/>\nInta la loze grande dal stalon<\/p>\n<p>Vinars ai 27 di Avost, h 21.00<br \/>\nInduv\u00ecne cui che al sune?<br \/>\n<strong>I Nutui di Pin\u00e7an<\/strong> po!<br \/>\nInstalazions di <strong>Paolo Cantarutti<\/strong><\/p>\n<p>Sabide ai 28 di Avost, h 21.00<br \/>\nCul trombon e il bidofono di <strong>Toni e Tonut<\/strong> (e no dome)<\/p>\n<p>Domenie ai 29 di Avost, h 21.00<br \/>\nA sunin i <strong>Carantan<\/strong><br \/>\n<strong>Loucs<\/strong><br \/>\nimagjinis intal barcon di <strong>Ulderica Da Pozzo<\/strong><\/p>\n","protected":false},"excerpt":{"rendered":"<p>Mangjative furlane e bon bevi. Poesiis, musiche, imagjinis sui m\u00fbrs, il vuestri snait, i avostans&#8230; Us spiet\u00ecn a lis siet di sere, se o rivais prime pazienze! PROGRAM Vinars ai 13 di Avost, h 21.00 Vinars 13! sfighe cul Teatro Incerto Sabide ai 14 di Avost, h 18.30 L\u2019albar dai agnui Presentazion dal roman\u00e7 di<\/p>\n","protected":false},"author":3,"featured_media":8242,"parent":1939,"menu_order":1993,"comment_status":"closed","ping_status":"closed","template":"page-templates\/rassegna-edizione.php","meta":[],"acf":[],"_links":{"self":[{"href":"https:\/\/colonos.it\/furlan\/wp-json\/wp\/v2\/pages\/8245"}],"collection":[{"href":"https:\/\/colonos.it\/furlan\/wp-json\/wp\/v2\/pages"}],"about":[{"href":"https:\/\/colonos.it\/furlan\/wp-json\/wp\/v2\/types\/page"}],"author":[{"embeddable":true,"href":"https:\/\/colonos.it\/furlan\/wp-json\/wp\/v2\/users\/3"}],"replies":[{"embeddable":true,"href":"https:\/\/colonos.it\/furlan\/wp-json\/wp\/v2\/comments?post=8245"}],"version-history":[{"count":3,"href":"https:\/\/colonos.it\/furlan\/wp-json\/wp\/v2\/pages\/8245\/revisions"}],"predecessor-version":[{"id":8263,"href":"https:\/\/colonos.it\/furlan\/wp-json\/wp\/v2\/pages\/8245\/revisions\/8263"}],"up":[{"embeddable":true,"href":"https:\/\/colonos.it\/furlan\/wp-json\/wp\/v2\/pages\/1939"}],"wp:featuredmedia":[{"embeddable":true,"href":"https:\/\/colonos.it\/furlan\/wp-json\/wp\/v2\/media\/8242"}],"wp:attachment":[{"href":"https:\/\/colonos.it\/furlan\/wp-json\/wp\/v2\/media?parent=8245"}],"curies":[{"name":"wp","href":"https:\/\/api.w.org\/{rel}","templated":true}]}}