{"id":8201,"date":"2025-02-19T22:19:41","date_gmt":"2025-02-19T21:19:41","guid":{"rendered":"https:\/\/colonos.it\/?page_id=8201"},"modified":"2025-02-20T11:24:59","modified_gmt":"2025-02-20T10:24:59","slug":"avostanis-1995","status":"publish","type":"page","link":"https:\/\/colonos.it\/furlan\/avostanis\/avostanis-1995\/","title":{"rendered":"Avostanis 1995"},"content":{"rendered":"<p>1 di Avost &gt; 14 di Setembar 1995<\/p>\n<p>Agriturismo Ai Colonos<br \/>\nVilecjasse di Lestize (Udin &#8211; Fri\u00fbl)<\/p>\n<p>I Colonos a \u00e0n agr\u00e2t a ducj chei che \u00e0n colabor\u00e2t pa la riusside di &#8220;Avostanis 95&#8221;, massime a Valter Colle, Licio Damiani, Ekostudio, Paolo Medeossi, Francesco Messina, Roberto Rizzi, Franco Russo<\/p>\n<p>L&#8217;orchestre dai griis avostans e jemple di musiche lis gnots di avost. Inta la planure furlane une vecje cjase di colonos si imp\u00ece di memorie e di vite, intun clime dibot f\u00fbr dal timp. Lis lozis, il curt\u00eel, la lobie, lis tiezis, il bear\u00e7, lis stalis a si compagnin cui acjadiments da la musiche, da la poesie, da lis arts visivis, dal teatri, dal video, da lis performances e adiriture di spetacui\/events che a son st\u00e2ts ide\u00e2ts di pueste e che a stan cjapant forme in chest l\u00fbc ant\u00eec di sugestions architetonichis.<br \/>\nLa fieste si misture cu la culture, jenfri civilt\u00e2t contadine e ricerce contempor\u00e0nie, cuntun miscli\u00e7 di lidr\u00ees, memoriis, identit\u00e2ts e gnovis tendencis, creazions, messedancis, sclesis di fut\u00fbr. Si vier\u00e7 la prospetive di un gn\u00fbf pont di ecuilibri, indul\u00e2 che a tornin in armonie i diviers val\u00f4rs da la vite di un popul: l&#8217;ambient, la tradizion, l&#8217;architeture, la socialit\u00e2t, l&#8217;alimentazion, la culture. E la Tiere. Batude-bati\u00e7ade, clapignose-argilose, nere-rosse, glereose-savalonose, grasse-magre, surtumose-sute, sfarinose-mote, pustote-noglose. Tiere e vite.<\/p>\n<p>&nbsp;<\/p>\n<p>PROGRAM<\/p>\n<p>Martars 1 avost, h 21.00<br \/>\n<strong>M\u00e0kvir\u00e0g*<\/strong><br \/>\nconcert<br \/>\nTre musiciscj e 50 struments music\u00e2i. Un dai grops ongjar\u00eas plui fam\u00f4s e plui fed\u00eai a la tradizion music\u00e2l ongjarese.<\/p>\n<p>Martars ai 8 di Avost, h 20.30<br \/>\n<strong>Pino Mucchiut<\/strong><br \/>\nLens<br \/>\nInaugurazion cun <strong>Licio Damiani<\/strong> e <strong>Tito Maniacco<\/strong><\/p>\n<p>Lunis ai 14 di Avost, h 21.00<br \/>\n<strong>Teatro Ingenuo<\/strong><br \/>\nMorda chi pu\u00f2<br \/>\n<strong>Ferruccio Cainero <\/strong>e <strong>Giovanni De Lucia<\/strong>, furlans<br \/>\nDoi clowns dal di di vu\u00ea, che a \u00e0n puartat at\u00f4r pa l&#8217;Europe par 15 agns la tradizion da la comedie da l\u2019art, in forme creative.<\/p>\n<p>Vinars ai 18 di Avost, h 20.30<br \/>\n<strong>Arbe Garbe &amp; Bakan<\/strong><br \/>\nconcert rock furlan<br \/>\nZovins frescs morbin\u00f4s energietics vulcanics vivar\u00f4s eletrics.<\/p>\n<p>Domenie ai 20 di Avost, h 20.30<br \/>\n<strong>Zuf De Zur<\/strong><br \/>\nMusichis di curt\u00eel<br \/>\nMusicisci gurizans di diviersis tendencis music\u00e2ls &#8211; classiche, jazz e folk &#8211; a sunin musichis Klezmer, balcanichis, popol\u00e2rs etc.<\/p>\n<p>Miercus ai 23 di Avost, h 20.30<br \/>\nSerade cun <strong>Mauro Corona<\/strong><br \/>\nInterferencis di <strong>Federico Tavan<\/strong><br \/>\nVideoproiezions<\/p>\n<p>Domenie ai 27 di Avost, h 21.00<br \/>\n<strong>Rototrans<\/strong><br \/>\nIl strap\u00e0s<br \/>\nSpetacul teatr\u00e2l di place realiz\u00e2t cun tecnichis acrobatichis, di f\u00fbcs e mangjef\u00fbcs, e percussions dal v\u00eef.<\/p>\n<p>Miercus ai 30 di Avost, h 20.30<br \/>\n<strong>Alfredo Lacosegliaz<\/strong><br \/>\nPatchwork Ensemble<br \/>\nConcert<br \/>\nMiscli\u00e7 linguistic-music\u00e2l. Une giostre di melodiis ritmos col\u00f4rs e imagjinis dai Balcans, Arabie, Maroc, Dalmazie\u2026<\/p>\n<p>Sabide ai 2 di Setembar &#8211; h 18.00<br \/>\n<strong>Fieste pai 15 Ains di Onde Furlane<\/strong><br \/>\nGrande serade in on\u00f4r da la radio libare dai furlans: musiche, teatro, animazions, mostris, sorpresis\u2026 Un ghiringhel par ducj<\/p>\n<p>Miercus ai 6 e joibe ai 7 di Setembar, h 20.30<br \/>\n<strong>Candotti &amp; Mitili FLK<\/strong><br \/>\nChoreis e Marculis<br \/>\nStudi par un event multimedi\u00e2l sul paradigme di Acuil\u00e8e<br \/>\nSogjet e realizazion: <strong>Coro Candotti<\/strong> e <strong>Mitili FLK<\/strong><br \/>\nProduzion Colonos<\/p>\n<p>Miercus ai 13 e joibe ai 14 di Setembar, h 20.30<br \/>\n<strong>Cjere<\/strong><br \/>\ncun <strong>La Compagnie di Dongje<\/strong><br \/>\nPerformance une vore free sui ritmos da la nature inta la civilt\u00e2t contadine e su chei dal omp inta ch\u00ea agricule<br \/>\nSogjet e regjie di <strong>Claudio Moret<\/strong><br \/>\nConsulence tecniche e assistence di <strong>Monica Aguzzi<\/strong><br \/>\nProduzion Colonos<\/p>\n<p>&nbsp;<\/p>\n<p>ESPOSIZIONS E PERFORMANCES<\/p>\n<p>Dal 1 al 8 di Avost, h 22.30 &#8211; 24.00<br \/>\n<strong>Cinise e tocs di veri<\/strong><br \/>\n<strong>Renato Rinaldi<\/strong> &#8211; <strong>Gianluca Valoppi<\/strong> &#8211; <strong>Mauro Valoppi<\/strong> (tescj)<br \/>\nImagjinis sonoris tal sol\u00e2r dai Colonos<\/p>\n<p>Dal 1 al 6 di Avost<br \/>\n<strong>Ritrats<\/strong><br \/>\n<strong>Giovanni Cavazzon<\/strong><\/p>\n<p>Dal 8 al 20 di Avost<br \/>\n<strong>Lens<\/strong><br \/>\nsculturis di <strong>Pino Mucchiut<\/strong><\/p>\n<p>Dal 23 al 30 di Avost<br \/>\n<strong>Mauro Corona<\/strong><br \/>\nsculturis<br \/>\nWork in progress: 26 e 27 di Avost<\/p>\n<p>Dal 1 al 7 di Setembar<br \/>\n<strong>Tom\u00e2ts<\/strong><br \/>\nMascaris di len<br \/>\nIncjant ant\u00eec, emozions resintis<\/p>\n<p>Dal 9 al 14 di Setembar<br \/>\n<strong>I M\u00e9stris da la Grafiche<\/strong><br \/>\nGalarie ArteSegno<\/p>\n","protected":false},"excerpt":{"rendered":"<p>1 di Avost &gt; 14 di Setembar 1995 Agriturismo Ai Colonos Vilecjasse di Lestize (Udin &#8211; Fri\u00fbl) I Colonos a \u00e0n agr\u00e2t a ducj chei che \u00e0n colabor\u00e2t pa la riusside di &#8220;Avostanis 95&#8221;, massime a Valter Colle, Licio Damiani, Ekostudio, Paolo Medeossi, Francesco Messina, Roberto Rizzi, Franco Russo L&#8217;orchestre dai griis avostans e jemple<\/p>\n","protected":false},"author":3,"featured_media":8202,"parent":1939,"menu_order":1995,"comment_status":"closed","ping_status":"closed","template":"page-templates\/rassegna-edizione.php","meta":[],"acf":[],"_links":{"self":[{"href":"https:\/\/colonos.it\/furlan\/wp-json\/wp\/v2\/pages\/8201"}],"collection":[{"href":"https:\/\/colonos.it\/furlan\/wp-json\/wp\/v2\/pages"}],"about":[{"href":"https:\/\/colonos.it\/furlan\/wp-json\/wp\/v2\/types\/page"}],"author":[{"embeddable":true,"href":"https:\/\/colonos.it\/furlan\/wp-json\/wp\/v2\/users\/3"}],"replies":[{"embeddable":true,"href":"https:\/\/colonos.it\/furlan\/wp-json\/wp\/v2\/comments?post=8201"}],"version-history":[{"count":6,"href":"https:\/\/colonos.it\/furlan\/wp-json\/wp\/v2\/pages\/8201\/revisions"}],"predecessor-version":[{"id":8216,"href":"https:\/\/colonos.it\/furlan\/wp-json\/wp\/v2\/pages\/8201\/revisions\/8216"}],"up":[{"embeddable":true,"href":"https:\/\/colonos.it\/furlan\/wp-json\/wp\/v2\/pages\/1939"}],"wp:featuredmedia":[{"embeddable":true,"href":"https:\/\/colonos.it\/furlan\/wp-json\/wp\/v2\/media\/8202"}],"wp:attachment":[{"href":"https:\/\/colonos.it\/furlan\/wp-json\/wp\/v2\/media?parent=8201"}],"curies":[{"name":"wp","href":"https:\/\/api.w.org\/{rel}","templated":true}]}}