{"id":7742,"date":"2025-01-17T19:57:56","date_gmt":"2025-01-17T18:57:56","guid":{"rendered":"https:\/\/colonos.it\/?page_id=7742"},"modified":"2025-03-16T12:01:17","modified_gmt":"2025-03-16T11:01:17","slug":"in-file-2025","status":"publish","type":"page","link":"https:\/\/colonos.it\/furlan\/in-file\/in-file-2025\/","title":{"rendered":"In File 2025"},"content":{"rendered":"<p>Cul contrib\u00fbt di<\/p>\n<p><img decoding=\"async\" loading=\"lazy\" class=\"loghi300 alignnone size-full wp-image-5466\" src=\"https:\/\/colonos.it\/wp-content\/uploads\/2023\/01\/arlef_fvg.jpg\" alt=\"\" width=\"437\" height=\"136\" srcset=\"https:\/\/colonos.it\/wp-content\/uploads\/2023\/01\/arlef_fvg.jpg 437w, https:\/\/colonos.it\/wp-content\/uploads\/2023\/01\/arlef_fvg-300x93.jpg 300w\" sizes=\"(max-width: 437px) 100vw, 437px\" \/><\/p>\n<p>Cul sostegn di<\/p>\n<p><img decoding=\"async\" loading=\"lazy\" class=\"loghi130 alignnone wp-image-3190 size-medium\" src=\"https:\/\/colonos.it\/wp-content\/uploads\/2021\/02\/Logo-Nonino-Nero_VETTORIALE-400-300x67.jpg\" alt=\"\" width=\"300\" height=\"67\" srcset=\"https:\/\/colonos.it\/wp-content\/uploads\/2021\/02\/Logo-Nonino-Nero_VETTORIALE-400-300x67.jpg 300w, https:\/\/colonos.it\/wp-content\/uploads\/2021\/02\/Logo-Nonino-Nero_VETTORIALE-400.jpg 414w\" sizes=\"(max-width: 300px) 100vw, 300px\" \/><\/p>\n<p>In colaborazion cun<br \/>\nAssociazion <strong>Glesie Furlane APS<\/strong><br \/>\nClape di culture &#8220;<strong>Patrie dal Fri\u00fbl&#8221; APS<\/strong><\/p>\n<p><strong>MAGISTERIUM<br \/>\nOlmis, siums e utopiis di oms e feminis bogns di lass\u00e2 il segn<br \/>\n<\/strong><\/p>\n<p><strong>26\/1 &gt; 2\/3 _ 2025<\/strong><br \/>\nAi Colonos &#8211; Vilecjasse di Listize<\/p>\n<p>Direzion artistiche\u00a0 _ <strong>Federico Rossi<\/strong><br \/>\nConsulence sientifiche _ <strong>Angelo Floramo<\/strong><\/p>\n<p>Testcj _ <strong>Martina Delpiccolo<\/strong><br \/>\nTraduzion furlane _ <strong>Gotart Mitri<br \/>\n<\/strong><\/p>\n<p>&#8230;&#8230;&#8230;&#8230;&#8230;&#8230;&#8230;&#8230;&#8230;&#8230;&#8230;&#8230;&#8230;&#8230;&#8230;&#8230;&#8230;&#8230;&#8230;&#8230;&#8230;&#8230;&#8230;&#8230;&#8230;&#8230;&#8230;&#8230;&#8230;&#8230;<br \/>\n<strong><br \/>\nI incuintri a son riserv\u00e2ts ai socis.<br \/>\n<\/strong>Quote associative 2025: 10 euros<br \/>\nIscrizione: prime dai incuintris, o tal s\u00eet web www.colonos.it (Diventa socio)<\/p>\n<p>&#8230;&#8230;&#8230;&#8230;&#8230;&#8230;&#8230;&#8230;&#8230;&#8230;&#8230;&#8230;&#8230;&#8230;&#8230;&#8230;&#8230;&#8230;&#8230;&#8230;&#8230;&#8230;&#8230;&#8230;&#8230;&#8230;&#8230;&#8230;&#8230;&#8230;<\/p>\n<p><span style=\"color: #846a00;\"><strong><a href=\"https:\/\/colonos.it\/wp-content\/uploads\/2025\/03\/In-File-in-onde.pdf\">In File, in onde<\/a><\/strong><br \/>\n<\/span>Radio Spazio e YouYube<\/p>\n<p>&#8230;&#8230;&#8230;&#8230;&#8230;&#8230;&#8230;&#8230;&#8230;&#8230;&#8230;&#8230;&#8230;&#8230;&#8230;&#8230;&#8230;&#8230;&#8230;&#8230;&#8230;&#8230;&#8230;&#8230;&#8230;&#8230;&#8230;&#8230;&#8230;&#8230;<\/p>\n","protected":false},"excerpt":{"rendered":"<p>Cul contrib\u00fbt di Cul sostegn di In colaborazion cun Associazion Glesie Furlane APS Clape di culture &#8220;Patrie dal Fri\u00fbl&#8221; APS MAGISTERIUM Olmis, siums e utopiis di oms e feminis bogns di lass\u00e2 il segn 26\/1 &gt; 2\/3 _ 2025 Ai Colonos &#8211; Vilecjasse di Listize Direzion artistiche\u00a0 _ Federico Rossi Consulence sientifiche _ Angelo Floramo<\/p>\n","protected":false},"author":3,"featured_media":7884,"parent":2580,"menu_order":2025,"comment_status":"closed","ping_status":"closed","template":"page-templates\/rassegna-edizione.php","meta":[],"acf":[],"_links":{"self":[{"href":"https:\/\/colonos.it\/furlan\/wp-json\/wp\/v2\/pages\/7742"}],"collection":[{"href":"https:\/\/colonos.it\/furlan\/wp-json\/wp\/v2\/pages"}],"about":[{"href":"https:\/\/colonos.it\/furlan\/wp-json\/wp\/v2\/types\/page"}],"author":[{"embeddable":true,"href":"https:\/\/colonos.it\/furlan\/wp-json\/wp\/v2\/users\/3"}],"replies":[{"embeddable":true,"href":"https:\/\/colonos.it\/furlan\/wp-json\/wp\/v2\/comments?post=7742"}],"version-history":[{"count":15,"href":"https:\/\/colonos.it\/furlan\/wp-json\/wp\/v2\/pages\/7742\/revisions"}],"predecessor-version":[{"id":8313,"href":"https:\/\/colonos.it\/furlan\/wp-json\/wp\/v2\/pages\/7742\/revisions\/8313"}],"up":[{"embeddable":true,"href":"https:\/\/colonos.it\/furlan\/wp-json\/wp\/v2\/pages\/2580"}],"wp:featuredmedia":[{"embeddable":true,"href":"https:\/\/colonos.it\/furlan\/wp-json\/wp\/v2\/media\/7884"}],"wp:attachment":[{"href":"https:\/\/colonos.it\/furlan\/wp-json\/wp\/v2\/media?parent=7742"}],"curies":[{"name":"wp","href":"https:\/\/api.w.org\/{rel}","templated":true}]}}