{"id":7194,"date":"2024-07-16T21:45:39","date_gmt":"2024-07-16T19:45:39","guid":{"rendered":"https:\/\/colonos.it\/?page_id=7194"},"modified":"2024-07-24T13:34:29","modified_gmt":"2024-07-24T11:34:29","slug":"avostanis-2024","status":"publish","type":"page","link":"https:\/\/colonos.it\/furlan\/avostanis\/avostanis-2024\/","title":{"rendered":"Avostanis 2024"},"content":{"rendered":"<p><strong><img decoding=\"async\" loading=\"lazy\" class=\"alignnone size-full wp-image-7398\" src=\"https:\/\/colonos.it\/wp-content\/uploads\/2024\/07\/I_Il-volt-di-sede.jpg\" alt=\"\" width=\"1087\" height=\"610\" srcset=\"https:\/\/colonos.it\/wp-content\/uploads\/2024\/07\/I_Il-volt-di-sede.jpg 1087w, https:\/\/colonos.it\/wp-content\/uploads\/2024\/07\/I_Il-volt-di-sede-300x168.jpg 300w, https:\/\/colonos.it\/wp-content\/uploads\/2024\/07\/I_Il-volt-di-sede-1024x575.jpg 1024w, https:\/\/colonos.it\/wp-content\/uploads\/2024\/07\/I_Il-volt-di-sede-768x431.jpg 768w\" sizes=\"(max-width: 1087px) 100vw, 1087px\" \/><\/strong><\/p>\n<p>\u201cCuant che i caval\u00eers a deventin trasparents e a passin tal bosc\u201d<br \/>\n(dal dizionari furlan di Giorgio Faggin)<\/p>\n<p>Ce ise une metamorfosi? A \u2018ndi viod\u00ecn esemplis infin\u00eets tal ream anim\u00e2l. La ruie che si f\u00e2s s\u00f9 intune crisalide e scomence un proc\u00e8s ch\u2019al \u00e8 di autodistruzion ma ancje di autoricostruzion, da\u00fbr di une organizazion e une forme &#8211; la pavee &#8211; che e je altri da la ruie ancje se e reste ruie&#8230; L\u2019idee di trasformazion, plui furte da l\u2019idee di rivoluzion, \u2018ndi conserve il caratar radic\u00e2l, ma la lee a la conservazion (da la vite, da l\u2019eredit\u00e2t da lis culturis). Vu\u00ea dut al \u00e0 di jessi torn\u00e2t a pens\u00e2. Dut al \u00e0 di scomen\u00e7\u00e2 di gn\u00fbf. E in efiet dut al \u00e0 torn\u00e2t a scomen\u00e7\u00e2, cence che si lu sepi. O sin torn\u00e2ts al stadi dai inizis: modescj, invisibii, margjin\u00e2i, sparni\u00e7\u00e2ts. Parc\u00e8 che al \u00e8 za, in ducj i continents, un ferment creat\u00eef, une sdrume di iniziativis loc\u00e2ls che a van ta la direzion da la rigjenerazion economiche o soci\u00e2l o politiche o cognitive o educative o etiche o di st\u00eei di vite.<br \/>\n<em>Edgar Morin<\/em><\/p>\n<p><strong><br \/>\n22\/7 &gt; 12\/10 _ 2024<\/strong><\/p>\n<p><strong>Ai Colonos &#8211; Vilecjasse di Listize<br \/>\nZui \/ Aquilee \/ Gardiscje dal Lusin\u00e7<\/strong><\/p>\n<p>&nbsp;<\/p>\n<p>Progjet finanzi\u00e2t di<\/p>\n<p><img decoding=\"async\" loading=\"lazy\" class=\"loghi130 alignnone wp-image-1283\" src=\"https:\/\/colonos.it\/wp-content\/uploads\/2020\/12\/Logo_ARLeF_fondino.jpg\" alt=\"\" width=\"300\" height=\"117\" \/> <img decoding=\"async\" loading=\"lazy\" class=\"loghi150 alignnone wp-image-4854\" src=\"https:\/\/colonos.it\/wp-content\/uploads\/2022\/07\/logo-regioneFVG.jpg\" alt=\"\" width=\"612\" height=\"156\" srcset=\"https:\/\/colonos.it\/wp-content\/uploads\/2022\/07\/logo-regioneFVG.jpg 612w, https:\/\/colonos.it\/wp-content\/uploads\/2022\/07\/logo-regioneFVG-300x76.jpg 300w\" sizes=\"(max-width: 612px) 100vw, 612px\" \/><\/p>\n<p>Cul contrib\u00fbt di<\/p>\n<p><img decoding=\"async\" loading=\"lazy\" class=\"loghi150 alignnone wp-image-1274 size-full\" src=\"https:\/\/colonos.it\/wp-content\/uploads\/2020\/12\/logo-fondazione-friuli.jpg\" alt=\"\" width=\"300\" height=\"85\" \/><\/p>\n<p>Cul sostegn di<\/p>\n<p><img decoding=\"async\" loading=\"lazy\" class=\"loghi150 alignnone wp-image-1276 size-full\" src=\"https:\/\/colonos.it\/wp-content\/uploads\/2020\/12\/Logo_Nonino_Nero_VETTORIALE_400.jpg\" alt=\"\" width=\"414\" height=\"93\" srcset=\"https:\/\/colonos.it\/wp-content\/uploads\/2020\/12\/Logo_Nonino_Nero_VETTORIALE_400.jpg 414w, https:\/\/colonos.it\/wp-content\/uploads\/2020\/12\/Logo_Nonino_Nero_VETTORIALE_400-300x67.jpg 300w\" sizes=\"(max-width: 414px) 100vw, 414px\" \/><\/p>\n<p><img decoding=\"async\" loading=\"lazy\" class=\"loghi150 alignnone wp-image-5599 size-full\" src=\"https:\/\/colonos.it\/wp-content\/uploads\/2023\/07\/Civibank_Logo_Gruppo_CMYK.gif\" alt=\"\" width=\"300\" height=\"71\" \/><\/p>\n<p>In colaborazion cun<br \/>\n<strong>Comun di Lestize<br \/>\nComun di Aquilee<br \/>\nFondazione Pistoletto &#8211; Cittadellarte<br \/>\nAssociazion Glesie furlane APS<br \/>\nClape di culture La Patrie dal Fri\u00fbl APS<br \/>\nGalarie Regjon\u00e2l di Art contemporanie Luigi Spazzapan<br \/>\nCantine Bulfon<\/strong> di Valerian (Pin\u00e7an)<\/p>\n<p>Direzion artistiche <strong>Federico Rossi<\/strong><br \/>\nDirezion organizzative e tescj <strong>Alessio Screm<\/strong><br \/>\nUfici stampe <strong>Martina Delpiccolo<\/strong><br \/>\nTraduzion friulane <strong>Gotart Mitri<\/strong><\/p>\n<p>Progjet grafic <strong>Ekostudio di Stefano Pallavisini <\/strong><br \/>\nStampe <strong>Poligrafiche San Marco<\/strong><\/p>\n<p>&#8230;&#8230;&#8230;&#8230;<br \/>\nJentrade libare par ducj i apontaments.<br \/>\nPar eventu\u00e2ls variazions, program inzorn\u00e2t su: www.colonos.it<br \/>\nFacebook (Associazion Cultur\u00e2l Colonos)<br \/>\nInstagram (associazionculturalcolonos)<\/p>\n<p>Devente ancje tu protagonist dal PROGJET COLONOS.<br \/>\nIl to sostegn al \u00e8 l\u2019anime da la nestre Associazion.<br \/>\nLa cuote associative pal 2024 e je di 10 euros.<br \/>\n<a style=\"text-decoration: none;\" href=\"https:\/\/colonos.it\/furlan\/devente-soci\/\">Modalit\u00e0 di iscrizione sul sito web<\/a><\/p>\n<p><a href=\"https:\/\/colonos.it\/wp-content\/uploads\/2024\/07\/avostanis-24-web.pdf\">Chi il librut dal program<\/a><\/p>\n","protected":false},"excerpt":{"rendered":"<p>\u201cCuant che i caval\u00eers a deventin trasparents e a passin tal bosc\u201d (dal dizionari furlan di Giorgio Faggin) Ce ise une metamorfosi? A \u2018ndi viod\u00ecn esemplis infin\u00eets tal ream anim\u00e2l. La ruie che si f\u00e2s s\u00f9 intune crisalide e scomence un proc\u00e8s ch\u2019al \u00e8 di autodistruzion ma ancje di autoricostruzion, da\u00fbr di une organizazion e<\/p>\n","protected":false},"author":3,"featured_media":7509,"parent":1939,"menu_order":2024,"comment_status":"closed","ping_status":"closed","template":"page-templates\/rassegna-edizione.php","meta":[],"acf":[],"_links":{"self":[{"href":"https:\/\/colonos.it\/furlan\/wp-json\/wp\/v2\/pages\/7194"}],"collection":[{"href":"https:\/\/colonos.it\/furlan\/wp-json\/wp\/v2\/pages"}],"about":[{"href":"https:\/\/colonos.it\/furlan\/wp-json\/wp\/v2\/types\/page"}],"author":[{"embeddable":true,"href":"https:\/\/colonos.it\/furlan\/wp-json\/wp\/v2\/users\/3"}],"replies":[{"embeddable":true,"href":"https:\/\/colonos.it\/furlan\/wp-json\/wp\/v2\/comments?post=7194"}],"version-history":[{"count":52,"href":"https:\/\/colonos.it\/furlan\/wp-json\/wp\/v2\/pages\/7194\/revisions"}],"predecessor-version":[{"id":7576,"href":"https:\/\/colonos.it\/furlan\/wp-json\/wp\/v2\/pages\/7194\/revisions\/7576"}],"up":[{"embeddable":true,"href":"https:\/\/colonos.it\/furlan\/wp-json\/wp\/v2\/pages\/1939"}],"wp:featuredmedia":[{"embeddable":true,"href":"https:\/\/colonos.it\/furlan\/wp-json\/wp\/v2\/media\/7509"}],"wp:attachment":[{"href":"https:\/\/colonos.it\/furlan\/wp-json\/wp\/v2\/media?parent=7194"}],"curies":[{"name":"wp","href":"https:\/\/api.w.org\/{rel}","templated":true}]}}