{"id":6225,"date":"2024-02-18T21:13:48","date_gmt":"2024-02-18T20:13:48","guid":{"rendered":"https:\/\/colonos.it\/?page_id=6225"},"modified":"2024-02-18T21:26:39","modified_gmt":"2024-02-18T20:26:39","slug":"avostanis-2003","status":"publish","type":"page","link":"https:\/\/colonos.it\/furlan\/avostanis\/avostanis-2003\/","title":{"rendered":"Avostanis 2003"},"content":{"rendered":"<h2><strong>L\u00fbs la to v\u00f4s<\/strong><\/h2>\n<p>Associazion cultur\u00e2l Colonos<\/p>\n<p>8 di avost &#8211; 11 di setembar 2003<br \/>\nAgriturisim Ai Colonos<br \/>\nVilecjasse di Lestisse (Udin) Fri\u00fbl<\/p>\n<p><em> cul contrib\u00fbt di<\/em><br \/>\nRegjon Fri\u00fbl-Vignesie Julie &#8211; Assessor\u00e2t a la culture<br \/>\nProvincie di Udin &#8211; Assessor\u00e2t a la culture<\/p>\n<p><em>cu la colaborazion di<\/em><br \/>\nDistilleria De Mezzo<\/p>\n<p>Direzion artistiche Federico Rossi<\/p>\n<p>I socios iscrits a la Associazion cultur\u00e2l Colonos a \u00e0n dirit a la jentrade libare par ducj i spetacui e al 30% di scont su lis publicazions dai Colonos.<br \/>\nLa cuote associative pal 2003 e je di 15 Euro.<br \/>\nSi po iscrivisi ancje prin che a scomencin i spetacui.<\/p>\n","protected":false},"excerpt":{"rendered":"<p>L\u00fbs la to v\u00f4s Associazion cultur\u00e2l Colonos 8 di avost &#8211; 11 di setembar 2003 Agriturisim Ai Colonos Vilecjasse di Lestisse (Udin) Fri\u00fbl cul contrib\u00fbt di Regjon Fri\u00fbl-Vignesie Julie &#8211; Assessor\u00e2t a la culture Provincie di Udin &#8211; Assessor\u00e2t a la culture cu la colaborazion di Distilleria De Mezzo Direzion artistiche Federico Rossi I socios<\/p>\n","protected":false},"author":3,"featured_media":6247,"parent":1939,"menu_order":2003,"comment_status":"closed","ping_status":"closed","template":"page-templates\/rassegna-edizione.php","meta":[],"acf":[],"_links":{"self":[{"href":"https:\/\/colonos.it\/furlan\/wp-json\/wp\/v2\/pages\/6225"}],"collection":[{"href":"https:\/\/colonos.it\/furlan\/wp-json\/wp\/v2\/pages"}],"about":[{"href":"https:\/\/colonos.it\/furlan\/wp-json\/wp\/v2\/types\/page"}],"author":[{"embeddable":true,"href":"https:\/\/colonos.it\/furlan\/wp-json\/wp\/v2\/users\/3"}],"replies":[{"embeddable":true,"href":"https:\/\/colonos.it\/furlan\/wp-json\/wp\/v2\/comments?post=6225"}],"version-history":[{"count":8,"href":"https:\/\/colonos.it\/furlan\/wp-json\/wp\/v2\/pages\/6225\/revisions"}],"predecessor-version":[{"id":6249,"href":"https:\/\/colonos.it\/furlan\/wp-json\/wp\/v2\/pages\/6225\/revisions\/6249"}],"up":[{"embeddable":true,"href":"https:\/\/colonos.it\/furlan\/wp-json\/wp\/v2\/pages\/1939"}],"wp:featuredmedia":[{"embeddable":true,"href":"https:\/\/colonos.it\/furlan\/wp-json\/wp\/v2\/media\/6247"}],"wp:attachment":[{"href":"https:\/\/colonos.it\/furlan\/wp-json\/wp\/v2\/media?parent=6225"}],"curies":[{"name":"wp","href":"https:\/\/api.w.org\/{rel}","templated":true}]}}