{"id":5876,"date":"2024-01-09T17:27:01","date_gmt":"2024-01-09T16:27:01","guid":{"rendered":"https:\/\/colonos.it\/?page_id=5876"},"modified":"2024-01-10T17:04:47","modified_gmt":"2024-01-10T16:04:47","slug":"avostanis-2004","status":"publish","type":"page","link":"https:\/\/colonos.it\/furlan\/avostanis\/avostanis-2004\/","title":{"rendered":"Avostanis 2004"},"content":{"rendered":"<h2>A vegnar\u00e0 ben il d\u00ec<\/h2>\n<p>&#8220;A vegnar\u00e0 ben il d\u00ec che il Friul al si necuarzar\u00e0 di vei na storia, un passat, na tradission!&#8221; &#8220;Verr\u00e0 bene il giorno in cui il Friuli si accorger\u00e0 di avere una storia, un passato, una tradizione!\u201d<br \/>\n(Pier Paolo Pasolini, <em>Dialet, lenga e stil, <\/em>da<em> &#8220;<\/em>Strolic di c\u00e0 da l&#8217;Aga&#8221;, 1944)<\/p>\n<div class=\"page\" title=\"Page 1\">\n<div class=\"section\">\n<div class=\"layoutArea\">\n<div class=\"column\">\n<p>Associazion cultura\u0302l Colonos<\/p>\n<p>7 di Avost &#8211; 12 di Setembar 2004<br \/>\nAgriturisim Ai Colonos<br \/>\nVilecjasse di Lestisse (Udin) &#8211; Friu\u0302l<\/p>\n<p><em>cul contribu\u0302t di<\/em><br \/>\nRegjon Friu\u0302l-Vignesie Julie &#8211; Assessora\u0302t a la culture<br \/>\nProvincie di Udin &#8211; Assessora\u0302t a la culture<\/p>\n<p><em>in colaborazion cun<\/em><br \/>\nProgjet integra\u0302t Culture dal Friu\u0302l di Miec\u0327<br \/>\nCollinaEcultura &#8211; Servizi associa\u0302t Culure dal Friu\u0302l culina\u0302r<br \/>\nAssociazion cultur\u00e2l In Siele<\/p>\n<p><em>cul sostegn di<\/em><br \/>\nDistilleria De Mezzo<br \/>\nPoligrafiche San Marco<\/p>\n<p>Direzion artistiche Federico Rossi<\/p>\n<\/div>\n<\/div>\n<\/div>\n<\/div>\n<p>&nbsp;<\/p>\n","protected":false},"excerpt":{"rendered":"<p>A vegnar\u00e0 ben il d\u00ec &#8220;A vegnar\u00e0 ben il d\u00ec che il Friul al si necuarzar\u00e0 di vei na storia, un passat, na tradission!&#8221; &#8220;Verr\u00e0 bene il giorno in cui il Friuli si accorger\u00e0 di avere una storia, un passato, una tradizione!\u201d (Pier Paolo Pasolini, Dialet, lenga e stil, da &#8220;Strolic di c\u00e0 da l&#8217;Aga&#8221;,<\/p>\n","protected":false},"author":3,"featured_media":6048,"parent":1939,"menu_order":2004,"comment_status":"closed","ping_status":"closed","template":"page-templates\/rassegna-edizione.php","meta":[],"acf":[],"_links":{"self":[{"href":"https:\/\/colonos.it\/furlan\/wp-json\/wp\/v2\/pages\/5876"}],"collection":[{"href":"https:\/\/colonos.it\/furlan\/wp-json\/wp\/v2\/pages"}],"about":[{"href":"https:\/\/colonos.it\/furlan\/wp-json\/wp\/v2\/types\/page"}],"author":[{"embeddable":true,"href":"https:\/\/colonos.it\/furlan\/wp-json\/wp\/v2\/users\/3"}],"replies":[{"embeddable":true,"href":"https:\/\/colonos.it\/furlan\/wp-json\/wp\/v2\/comments?post=5876"}],"version-history":[{"count":9,"href":"https:\/\/colonos.it\/furlan\/wp-json\/wp\/v2\/pages\/5876\/revisions"}],"predecessor-version":[{"id":6034,"href":"https:\/\/colonos.it\/furlan\/wp-json\/wp\/v2\/pages\/5876\/revisions\/6034"}],"up":[{"embeddable":true,"href":"https:\/\/colonos.it\/furlan\/wp-json\/wp\/v2\/pages\/1939"}],"wp:featuredmedia":[{"embeddable":true,"href":"https:\/\/colonos.it\/furlan\/wp-json\/wp\/v2\/media\/6048"}],"wp:attachment":[{"href":"https:\/\/colonos.it\/furlan\/wp-json\/wp\/v2\/media?parent=5876"}],"curies":[{"name":"wp","href":"https:\/\/api.w.org\/{rel}","templated":true}]}}