{"id":5037,"date":"2023-01-13T14:55:37","date_gmt":"2023-01-13T13:55:37","guid":{"rendered":"https:\/\/colonos.it\/?page_id=5037"},"modified":"2023-01-28T19:01:25","modified_gmt":"2023-01-28T18:01:25","slug":"in-file-2023","status":"publish","type":"page","link":"https:\/\/colonos.it\/furlan\/in-file\/in-file-2023\/","title":{"rendered":"In File 2023"},"content":{"rendered":"<p><img decoding=\"async\" loading=\"lazy\" class=\"loghi300 alignnone size-full wp-image-5465\" src=\"https:\/\/colonos.it\/\/wp-content\/uploads\/2023\/01\/arlef_fvg.jpg\" alt=\"\" width=\"437\" height=\"136\" srcset=\"https:\/\/colonos.it\/wp-content\/uploads\/2023\/01\/arlef_fvg.jpg 437w, https:\/\/colonos.it\/wp-content\/uploads\/2023\/01\/arlef_fvg-300x93.jpg 300w\" sizes=\"(max-width: 437px) 100vw, 437px\" \/><\/p>\n<p>cul sostegn di<\/p>\n<p><img decoding=\"async\" loading=\"lazy\" class=\"loghi130 alignnone wp-image-3191 size-medium\" src=\"https:\/\/colonos.it\/\/wp-content\/uploads\/2021\/02\/Logo-Nonino-Nero_VETTORIALE-400-300x67.jpg\" alt=\"\" width=\"300\" height=\"67\" srcset=\"https:\/\/colonos.it\/wp-content\/uploads\/2021\/02\/Logo-Nonino-Nero_VETTORIALE-400-300x67.jpg 300w, https:\/\/colonos.it\/wp-content\/uploads\/2021\/02\/Logo-Nonino-Nero_VETTORIALE-400.jpg 414w\" sizes=\"(max-width: 300px) 100vw, 300px\" \/><\/p>\n<p><img decoding=\"async\" loading=\"lazy\" class=\"loghi130 alignnone wp-image-3199 size-medium\" src=\"https:\/\/colonos.it\/\/wp-content\/uploads\/2021\/02\/Logo-CiviBank-nopayoff-300x71.png\" alt=\"\" width=\"300\" height=\"71\" srcset=\"https:\/\/colonos.it\/wp-content\/uploads\/2021\/02\/Logo-CiviBank-nopayoff-300x71.png 300w, https:\/\/colonos.it\/wp-content\/uploads\/2021\/02\/Logo-CiviBank-nopayoff-1024x244.png 1024w, https:\/\/colonos.it\/wp-content\/uploads\/2021\/02\/Logo-CiviBank-nopayoff-768x183.png 768w, https:\/\/colonos.it\/wp-content\/uploads\/2021\/02\/Logo-CiviBank-nopayoff-1536x365.png 1536w, https:\/\/colonos.it\/wp-content\/uploads\/2021\/02\/Logo-CiviBank-nopayoff.png 1988w\" sizes=\"(max-width: 300px) 100vw, 300px\" \/><\/p>\n<p>in colaborazion cun<\/p>\n<p><strong>Comun di Lestize<\/strong><br \/>\n<strong>Consulte zovins dal Comun di Mortean<\/strong><br \/>\nClape di culture <strong>La Patrie dal Fri\u00fbl<\/strong><br \/>\nAssociazion <strong>Glesie Furlane<\/strong><br \/>\nAssociazion cultur\u00e2l <strong>Furclap<\/strong><br \/>\n<strong>Ostarie di Bic<\/strong> &#8211; San Den\u00eal dal Fri\u00fbl<\/p>\n<p>IN FILE 2023<br \/>\n<strong>Tal resp\u00eer dal mont<\/strong><br \/>\n<strong>22\/1 &gt; 23\/3 _ 2023<\/strong><\/p>\n<p>Agriturisim Ai Colonos &#8211; Vilecjasse di Lestize<\/p>\n<p>Direzion artistiche _ <strong>Federico Rossi<\/strong><br \/>\nDirezion sientifiche _ <strong>Angelo Floramo<\/strong><\/p>\n<p>Tescj par furlan _ <strong>Gotart Mitri<br \/>\n<\/strong><br \/>\nProgjet grafic _ <strong>Stefano Pallavisini<\/strong> _ Ekostudio &#8211; Udin<br \/>\nStampe _ Poligrafiche San Marco &#8211; Cormons<br \/>\n&#8230;&#8230;&#8230;&#8230;&#8230;&#8230;&#8230;&#8230;&#8230;&#8230;&#8230;&#8230;&#8230;&#8230;&#8230;&#8230;&#8230;&#8230;&#8230;&#8230;&#8230;&#8230;&#8230;&#8230;&#8230;&#8230;&#8230;&#8230;&#8230;&#8230;<br \/>\n<strong><br \/>\nI incuintris a son risierv\u00e2ts ai socis<\/strong><br \/>\n<strong>Pa la proiezion dai 20-23 di Mar\u00e7 la jentrade e je libare<\/strong><b><br \/>\n<\/b>La cuote associative pal 2023 e je di 10 \u20ac &#8211; Al \u00e8 pussibil f\u00e2si soci jentrant ta la home page dal s\u00eet web www.colonos.it (associazion &gt; devente soci) op\u00fbr ta l\u2019ocasion dai incuintris<br \/>\n&#8230;&#8230;&#8230;&#8230;&#8230;&#8230;&#8230;&#8230;&#8230;&#8230;&#8230;&#8230;&#8230;&#8230;&#8230;&#8230;&#8230;&#8230;&#8230;&#8230;&#8230;&#8230;&#8230;&#8230;&#8230;&#8230;&#8230;&#8230;&#8230;&#8230;<br \/>\nLa regjistrazion dai apuntaments In File 2023 e sar\u00e0 disponibil su YouTube tacant di domenie ai 26 di Mar\u00e7, h 16.30<br \/>\n&#8230;&#8230;&#8230;&#8230;&#8230;&#8230;&#8230;&#8230;&#8230;&#8230;&#8230;&#8230;&#8230;&#8230;&#8230;&#8230;&#8230;&#8230;&#8230;&#8230;&#8230;&#8230;&#8230;&#8230;&#8230;&#8230;&#8230;&#8230;&#8230;&#8230;<br \/>\nAgriturisim Ai Colonos<br \/>\ncell 342 0803361 &#8211; agriturismo.aicolonos@gmail.com<br \/>\n&#8230;&#8230;&#8230;&#8230;&#8230;&#8230;&#8230;&#8230;&#8230;&#8230;&#8230;&#8230;&#8230;&#8230;&#8230;&#8230;&#8230;&#8230;&#8230;&#8230;&#8230;&#8230;&#8230;&#8230;&#8230;&#8230;&#8230;&#8230;&#8230;&#8230;<\/p>\n<p><em>Il titul al \u00e8 ispir\u00e2t a un viers di Pierluigi Cappello<\/em><\/p>\n","protected":false},"excerpt":{"rendered":"<p>cul sostegn di in colaborazion cun Comun di Lestize Consulte zovins dal Comun di Mortean Clape di culture La Patrie dal Fri\u00fbl Associazion Glesie Furlane Associazion cultur\u00e2l Furclap Ostarie di Bic &#8211; San Den\u00eal dal Fri\u00fbl IN FILE 2023 Tal resp\u00eer dal mont 22\/1 &gt; 23\/3 _ 2023 Agriturisim Ai Colonos &#8211; Vilecjasse di Lestize<\/p>\n","protected":false},"author":1,"featured_media":5420,"parent":2580,"menu_order":2023,"comment_status":"closed","ping_status":"closed","template":"page-templates\/rassegna-edizione.php","meta":[],"acf":[],"_links":{"self":[{"href":"https:\/\/colonos.it\/furlan\/wp-json\/wp\/v2\/pages\/5037"}],"collection":[{"href":"https:\/\/colonos.it\/furlan\/wp-json\/wp\/v2\/pages"}],"about":[{"href":"https:\/\/colonos.it\/furlan\/wp-json\/wp\/v2\/types\/page"}],"author":[{"embeddable":true,"href":"https:\/\/colonos.it\/furlan\/wp-json\/wp\/v2\/users\/1"}],"replies":[{"embeddable":true,"href":"https:\/\/colonos.it\/furlan\/wp-json\/wp\/v2\/comments?post=5037"}],"version-history":[{"count":41,"href":"https:\/\/colonos.it\/furlan\/wp-json\/wp\/v2\/pages\/5037\/revisions"}],"predecessor-version":[{"id":5478,"href":"https:\/\/colonos.it\/furlan\/wp-json\/wp\/v2\/pages\/5037\/revisions\/5478"}],"up":[{"embeddable":true,"href":"https:\/\/colonos.it\/furlan\/wp-json\/wp\/v2\/pages\/2580"}],"wp:featuredmedia":[{"embeddable":true,"href":"https:\/\/colonos.it\/furlan\/wp-json\/wp\/v2\/media\/5420"}],"wp:attachment":[{"href":"https:\/\/colonos.it\/furlan\/wp-json\/wp\/v2\/media?parent=5037"}],"curies":[{"name":"wp","href":"https:\/\/api.w.org\/{rel}","templated":true}]}}