{"id":3169,"date":"2021-02-05T09:14:06","date_gmt":"2021-02-05T08:14:06","guid":{"rendered":"https:\/\/colonos.it\/\/in-file\/in-file-2021\/"},"modified":"2021-02-13T10:48:51","modified_gmt":"2021-02-13T09:48:51","slug":"in-file-2021","status":"publish","type":"page","link":"https:\/\/colonos.it\/furlan\/in-file\/in-file-2021\/","title":{"rendered":"In File 2021"},"content":{"rendered":"<p><strong>IN FILE TV <\/strong><\/p>\n<p><em>su\u00a0 <img decoding=\"async\" loading=\"lazy\" class=\"loghi150 svincola wp-image-3260 alignnone\" src=\"https:\/\/colonos.it\/\/wp-content\/uploads\/2021\/02\/logo-telefriuli_bn-300x68.jpg\" alt=\"\" width=\"80\" height=\"18\" srcset=\"https:\/\/colonos.it\/wp-content\/uploads\/2021\/02\/logo-telefriuli_bn-300x68.jpg 300w, https:\/\/colonos.it\/wp-content\/uploads\/2021\/02\/logo-telefriuli_bn-1024x231.jpg 1024w, https:\/\/colonos.it\/wp-content\/uploads\/2021\/02\/logo-telefriuli_bn-768x174.jpg 768w, https:\/\/colonos.it\/wp-content\/uploads\/2021\/02\/logo-telefriuli_bn-1536x347.jpg 1536w, https:\/\/colonos.it\/wp-content\/uploads\/2021\/02\/logo-telefriuli_bn-2048x463.jpg 2048w\" sizes=\"(max-width: 80px) 100vw, 80px\" \/><\/em><\/p>\n<p>&nbsp;<\/p>\n<p><strong>21 di Fevr\u00e2r &#8211; 28 di Fevr\u00e2r &#8211; 07 di Mar\u00e7 _ h 19,15<\/strong><\/p>\n<p lang=\"\" align=\"LEFT\"><em>Direzion artistiche<\/em> _ <strong><span style=\"color: #5c9eab;\">Federico Rossi<\/span><br \/>\n<\/strong><em>Regjie video<\/em> _ <strong><span style=\"color: #5c9eab;\">Paolo Comuzzi<\/span><br \/>\n<\/strong><em>Consulence televisive<\/em>\u00a0_ <strong><span style=\"color: #5c9eab;\">Alessandra Salvatori<\/span><br \/>\n<\/strong><em>Tescj par furlan<\/em> _ <strong><span style=\"color: #5c9eab;\">Gottardo Mitri<\/span><br \/>\n<\/strong><em>Progjet grafic<\/em>\u00a0_ <span style=\"color: #5c9eab;\"><strong>Stefano Pallavisini \u2013 Ekostudio<\/strong><\/span><\/p>\n<hr \/>\n<p><strong>Lis conferencis, cuntune durade di 25 min\u00fbts,<br \/>\na vignar\u00e0n regjistradis <\/strong><strong>ta la stale vecje dai Colonos. <\/strong><\/p>\n<hr \/>\n<p><em>Partnership<br \/>\n<\/em><em><img decoding=\"async\" loading=\"lazy\" class=\"loghi150 alignnone wp-image-3260 size-medium\" src=\"https:\/\/colonos.it\/\/wp-content\/uploads\/2021\/02\/logo-telefriuli_bn-300x68.jpg\" alt=\"\" width=\"300\" height=\"68\" srcset=\"https:\/\/colonos.it\/wp-content\/uploads\/2021\/02\/logo-telefriuli_bn-300x68.jpg 300w, https:\/\/colonos.it\/wp-content\/uploads\/2021\/02\/logo-telefriuli_bn-1024x231.jpg 1024w, https:\/\/colonos.it\/wp-content\/uploads\/2021\/02\/logo-telefriuli_bn-768x174.jpg 768w, https:\/\/colonos.it\/wp-content\/uploads\/2021\/02\/logo-telefriuli_bn-1536x347.jpg 1536w, https:\/\/colonos.it\/wp-content\/uploads\/2021\/02\/logo-telefriuli_bn-2048x463.jpg 2048w\" sizes=\"(max-width: 300px) 100vw, 300px\" \/><\/em><\/p>\n<p><em>Contrib\u00fbt<br \/>\n<\/em><span style=\"color: #008080;\">Assessor\u00e2t regjon\u00e2l ai Ents Loc\u00e2i<\/span><em><br \/>\n<\/em><img decoding=\"async\" loading=\"lazy\" class=\"loghi170 alignnone wp-image-3197 size-medium\" src=\"https:\/\/colonos.it\/\/wp-content\/uploads\/2021\/02\/marchio-fvg-nuovo-300x72.png\" alt=\"\" width=\"300\" height=\"72\" srcset=\"https:\/\/colonos.it\/wp-content\/uploads\/2021\/02\/marchio-fvg-nuovo-300x72.png 300w, https:\/\/colonos.it\/wp-content\/uploads\/2021\/02\/marchio-fvg-nuovo-1024x245.png 1024w, https:\/\/colonos.it\/wp-content\/uploads\/2021\/02\/marchio-fvg-nuovo-768x184.png 768w, https:\/\/colonos.it\/wp-content\/uploads\/2021\/02\/marchio-fvg-nuovo-1536x368.png 1536w, https:\/\/colonos.it\/wp-content\/uploads\/2021\/02\/marchio-fvg-nuovo.png 1570w\" sizes=\"(max-width: 300px) 100vw, 300px\" \/><\/p>\n<p><em>Sostegn<br \/>\n<img decoding=\"async\" loading=\"lazy\" class=\"loghi150 alignnone wp-image-3191 size-medium\" src=\"https:\/\/colonos.it\/\/wp-content\/uploads\/2021\/02\/Logo-Nonino-Nero_VETTORIALE-400-300x67.jpg\" alt=\"\" width=\"300\" height=\"67\" srcset=\"https:\/\/colonos.it\/wp-content\/uploads\/2021\/02\/Logo-Nonino-Nero_VETTORIALE-400-300x67.jpg 300w, https:\/\/colonos.it\/wp-content\/uploads\/2021\/02\/Logo-Nonino-Nero_VETTORIALE-400.jpg 414w\" sizes=\"(max-width: 300px) 100vw, 300px\" \/>\u00a0<\/em><\/p>\n<p><em><img decoding=\"async\" loading=\"lazy\" class=\"loghi150 alignnone wp-image-3199 size-medium\" src=\"https:\/\/colonos.it\/\/wp-content\/uploads\/2021\/02\/Logo-CiviBank-nopayoff-300x71.png\" alt=\"\" width=\"300\" height=\"71\" srcset=\"https:\/\/colonos.it\/wp-content\/uploads\/2021\/02\/Logo-CiviBank-nopayoff-300x71.png 300w, https:\/\/colonos.it\/wp-content\/uploads\/2021\/02\/Logo-CiviBank-nopayoff-1024x244.png 1024w, https:\/\/colonos.it\/wp-content\/uploads\/2021\/02\/Logo-CiviBank-nopayoff-768x183.png 768w, https:\/\/colonos.it\/wp-content\/uploads\/2021\/02\/Logo-CiviBank-nopayoff-1536x365.png 1536w, https:\/\/colonos.it\/wp-content\/uploads\/2021\/02\/Logo-CiviBank-nopayoff.png 1988w\" sizes=\"(max-width: 300px) 100vw, 300px\" \/>\u00a0<\/em><\/p>\n<hr \/>\n<p><strong>Contrib\u00fbts volontaris di militance cultur\u00e2l<br \/>\n<\/strong>sul cont di bancje<br \/>\nIBAN: IT 21 Z 05484 64070 101570001344<\/p>\n<p>intest\u00e2t a<br \/>\nAssociazion cultur\u00e2l Colonos<\/p>\n","protected":false},"excerpt":{"rendered":"<p>IN FILE TV su\u00a0 &nbsp; 21 di Fevr\u00e2r &#8211; 28 di Fevr\u00e2r &#8211; 07 di Mar\u00e7 _ h 19,15 Direzion artistiche _ Federico Rossi Regjie video _ Paolo Comuzzi Consulence televisive\u00a0_ Alessandra Salvatori Tescj par furlan _ Gottardo Mitri Progjet grafic\u00a0_ Stefano Pallavisini \u2013 Ekostudio Lis conferencis, cuntune durade di 25 min\u00fbts, a vignar\u00e0n regjistradis<\/p>\n","protected":false},"author":1,"featured_media":3255,"parent":2580,"menu_order":2021,"comment_status":"closed","ping_status":"closed","template":"page-templates\/rassegna-edizione.php","meta":[],"acf":[],"_links":{"self":[{"href":"https:\/\/colonos.it\/furlan\/wp-json\/wp\/v2\/pages\/3169"}],"collection":[{"href":"https:\/\/colonos.it\/furlan\/wp-json\/wp\/v2\/pages"}],"about":[{"href":"https:\/\/colonos.it\/furlan\/wp-json\/wp\/v2\/types\/page"}],"author":[{"embeddable":true,"href":"https:\/\/colonos.it\/furlan\/wp-json\/wp\/v2\/users\/1"}],"replies":[{"embeddable":true,"href":"https:\/\/colonos.it\/furlan\/wp-json\/wp\/v2\/comments?post=3169"}],"version-history":[{"count":13,"href":"https:\/\/colonos.it\/furlan\/wp-json\/wp\/v2\/pages\/3169\/revisions"}],"predecessor-version":[{"id":3351,"href":"https:\/\/colonos.it\/furlan\/wp-json\/wp\/v2\/pages\/3169\/revisions\/3351"}],"up":[{"embeddable":true,"href":"https:\/\/colonos.it\/furlan\/wp-json\/wp\/v2\/pages\/2580"}],"wp:featuredmedia":[{"embeddable":true,"href":"https:\/\/colonos.it\/furlan\/wp-json\/wp\/v2\/media\/3255"}],"wp:attachment":[{"href":"https:\/\/colonos.it\/furlan\/wp-json\/wp\/v2\/media?parent=3169"}],"curies":[{"name":"wp","href":"https:\/\/api.w.org\/{rel}","templated":true}]}}