{"id":3128,"date":"2021-02-01T11:03:48","date_gmt":"2021-02-01T10:03:48","guid":{"rendered":"https:\/\/colonos.it\/\/arti-visive-2\/"},"modified":"2021-02-11T16:55:04","modified_gmt":"2021-02-11T15:55:04","slug":"arti-visive","status":"publish","type":"page","link":"https:\/\/colonos.it\/furlan\/arti-visive\/","title":{"rendered":"Arts visivis"},"content":{"rendered":"<p>I Colonos a \u00e0n simpri dedic\u00e2t une atenzion speci\u00e2l a l\u2019art. Tal 2007 chest percors al \u00e0 v\u00fbt une sburte plui fuarte cu la scree di un Cant\u00eer Viert di Arts Contemporaniis, diret di Angelo Bertani, e carateriz\u00e2t di une dimension antropologjiche e un rivuart atent, diversific\u00e2t e continuat\u00eef a la vivarosit\u00e2t artistiche dal nestri teritori.<\/p>\n<p>Il tiermin \u201cInsumian\u201d, ch\u2019al da il titul a la rassegne, si lu \u00e0 cjap\u00e2t a imprest di une poesie scrite par furlan-cjasars\u00eas tal 1943 di Pier Paolo Pasolini, l\u2019inteletu\u00e2l eretic ch\u2019al veve denunci\u00e2t l\u2019ingranagjo soci\u00e2l pervers che nus puarte vie i siums e il dirit a insumi\u00e2si: prerogative che a parten ai artiscj.<\/p>\n","protected":false},"excerpt":{"rendered":"<p>I Colonos a \u00e0n simpri dedic\u00e2t une atenzion speci\u00e2l a l\u2019art. Tal 2007 chest percors al \u00e0 v\u00fbt une sburte plui fuarte cu la scree di un Cant\u00eer Viert di Arts Contemporaniis, diret di Angelo Bertani, e carateriz\u00e2t di une dimension antropologjiche e un rivuart atent, diversific\u00e2t e continuat\u00eef a la vivarosit\u00e2t artistiche dal nestri<\/p>\n","protected":false},"author":1,"featured_media":0,"parent":0,"menu_order":130,"comment_status":"closed","ping_status":"closed","template":"page-templates\/arti-visive-archivio.php","meta":[],"acf":[],"_links":{"self":[{"href":"https:\/\/colonos.it\/furlan\/wp-json\/wp\/v2\/pages\/3128"}],"collection":[{"href":"https:\/\/colonos.it\/furlan\/wp-json\/wp\/v2\/pages"}],"about":[{"href":"https:\/\/colonos.it\/furlan\/wp-json\/wp\/v2\/types\/page"}],"author":[{"embeddable":true,"href":"https:\/\/colonos.it\/furlan\/wp-json\/wp\/v2\/users\/1"}],"replies":[{"embeddable":true,"href":"https:\/\/colonos.it\/furlan\/wp-json\/wp\/v2\/comments?post=3128"}],"version-history":[{"count":2,"href":"https:\/\/colonos.it\/furlan\/wp-json\/wp\/v2\/pages\/3128\/revisions"}],"predecessor-version":[{"id":3313,"href":"https:\/\/colonos.it\/furlan\/wp-json\/wp\/v2\/pages\/3128\/revisions\/3313"}],"wp:attachment":[{"href":"https:\/\/colonos.it\/furlan\/wp-json\/wp\/v2\/media?parent=3128"}],"curies":[{"name":"wp","href":"https:\/\/api.w.org\/{rel}","templated":true}]}}