{"id":3086,"date":"2021-01-25T20:16:09","date_gmt":"2021-01-25T19:16:09","guid":{"rendered":"https:\/\/colonos.it\/\/arti-visive\/presentazione-dei-cataloghi\/"},"modified":"2021-02-13T16:43:45","modified_gmt":"2021-02-13T15:43:45","slug":"presentazione-cataloghi-e-dvd","status":"publish","type":"page","link":"https:\/\/colonos.it\/furlan\/arti-visive\/presentazione-cataloghi-e-dvd\/","title":{"rendered":"Presentazion catalics e dvd"},"content":{"rendered":"<p>Presentazion dai catalics<br \/>\n<a href=\"https:\/\/colonos.it\/furlan\/modus-operandi\/\"><strong>Cuasit nuie, ven a st\u00e2i dut<\/strong><br \/>\n<strong>Un Pa\u00ees e la s\u00f4 int<\/strong><\/a><br \/>\n02\/12\/2018<\/p>\n<p>Presentazion dal video<br \/>\n<a href=\"https:\/\/colonos.it\/furlan\/a-brene-vierte-2017\/\"><strong>A brene vierte<\/strong><\/a><br \/>\n10\/11\/2017<\/p>\n<p>Presentazion catalics<br \/>\n<a href=\"https:\/\/colonos.it\/furlan\/insumian-2015\/\"><strong>Monologues<\/strong><br \/>\n<strong>Colonos Open Call<\/strong><br \/>\n<strong>Pituris<\/strong><br \/>\n<strong>A brene vierte<\/strong><\/a><br \/>\n04\/12\/2015<\/p>\n<p>Presentazion dal catalic<br \/>\n<a href=\"https:\/\/colonos.it\/furlan\/crisi-dellarte-o-nuove-strade-per-larte\/\"><strong>Cui aial p\u00f4re da la crisi<\/strong><\/a><br \/>\n31\/08\/2014<\/p>\n<p>Presentazion dai catalics e video<br \/>\n<a href=\"https:\/\/colonos.it\/furlan\/presentazione-dei-quaderni-e-proiezione-del-video-di-insumian-2013\/\"><strong>Fragjil, anzit resistent<\/strong><br \/>\n<strong>A brene vierte<\/strong><\/a><br \/>\n08\/12\/2013<\/p>\n<p>Presentazion dal catalic<br \/>\n<a href=\"https:\/\/colonos.it\/furlan\/04-settembre-2011\/\"><strong>[\u2026] di Bazzana e Toffolini<\/strong><\/a><br \/>\n04\/09\/2011<\/p>\n<p>Presentazion dal catalic<br \/>\n<a href=\"https:\/\/colonos.it\/furlan\/esther-mahlangu-une-artiste-ndebele-ai-colonos\/\"><strong>Esther Mahlangu, une artiste Ndebele ai Colonos<\/strong><\/a><br \/>\n31\/08\/2010<\/p>\n<p>Presentazion dal video e catalic<br \/>\n<a href=\"https:\/\/colonos.it\/furlan\/vivi-achi-in-file-2010\/\"><strong>Vivi ach\u00ec di Paolo Comuzzi<\/strong><\/a><br \/>\n26\/03\/2010<\/p>\n<p>Presentazion dal catalic<br \/>\n<a href=\"https:\/\/colonos.it\/furlan\/insiums-progjet-utopie-2009\/\"><strong>Insiums_progjet utopie<\/strong><\/a><br \/>\n28\/08\/2009<\/p>\n<p>Presentazion dal video<br \/>\n<a href=\"https:\/\/colonos.it\/furlan\/il-templi-vegjetal\/\"><strong>Il Templi vegjet\u00e2l<\/strong><\/a><br \/>\n09\/08\/2007<\/p>\n","protected":false},"excerpt":{"rendered":"<p>Presentazion dai catalics Cuasit nuie, ven a st\u00e2i dut Un Pa\u00ees e la s\u00f4 int 02\/12\/2018 Presentazion dal video A brene vierte 10\/11\/2017 Presentazion catalics Monologues Colonos Open Call Pituris A brene vierte 04\/12\/2015 Presentazion dal catalic Cui aial p\u00f4re da la crisi 31\/08\/2014 Presentazion dai catalics e video Fragjil, anzit resistent A brene vierte<\/p>\n","protected":false},"author":1,"featured_media":3118,"parent":3128,"menu_order":4,"comment_status":"closed","ping_status":"closed","template":"","meta":[],"acf":[],"_links":{"self":[{"href":"https:\/\/colonos.it\/furlan\/wp-json\/wp\/v2\/pages\/3086"}],"collection":[{"href":"https:\/\/colonos.it\/furlan\/wp-json\/wp\/v2\/pages"}],"about":[{"href":"https:\/\/colonos.it\/furlan\/wp-json\/wp\/v2\/types\/page"}],"author":[{"embeddable":true,"href":"https:\/\/colonos.it\/furlan\/wp-json\/wp\/v2\/users\/1"}],"replies":[{"embeddable":true,"href":"https:\/\/colonos.it\/furlan\/wp-json\/wp\/v2\/comments?post=3086"}],"version-history":[{"count":4,"href":"https:\/\/colonos.it\/furlan\/wp-json\/wp\/v2\/pages\/3086\/revisions"}],"predecessor-version":[{"id":3366,"href":"https:\/\/colonos.it\/furlan\/wp-json\/wp\/v2\/pages\/3086\/revisions\/3366"}],"up":[{"embeddable":true,"href":"https:\/\/colonos.it\/furlan\/wp-json\/wp\/v2\/pages\/3128"}],"wp:featuredmedia":[{"embeddable":true,"href":"https:\/\/colonos.it\/furlan\/wp-json\/wp\/v2\/media\/3118"}],"wp:attachment":[{"href":"https:\/\/colonos.it\/furlan\/wp-json\/wp\/v2\/media?parent=3086"}],"curies":[{"name":"wp","href":"https:\/\/api.w.org\/{rel}","templated":true}]}}