{"id":2968,"date":"2021-01-13T10:40:12","date_gmt":"2021-01-13T09:40:12","guid":{"rendered":"https:\/\/colonos.it\/\/arti-visive\/la-corte-dellarte\/"},"modified":"2021-02-02T14:53:54","modified_gmt":"2021-02-02T13:53:54","slug":"la-corte-dellarte","status":"publish","type":"page","link":"https:\/\/colonos.it\/furlan\/arti-visive\/la-corte-dellarte\/","title":{"rendered":"La Cort da l\u2019Art"},"content":{"rendered":"<p>Il compl\u00e8s colonic al bat e al v\u00eef, jenfri memorie e avign\u00ee, mediant da l\u2019ospitalit\u00e2t rur\u00e2l, insiorade di une ativit\u00e2t soci\u00e2l intense e une vivacit\u00e2t cultur\u00e2l e creative bondantis\/impuartantis. Bielz\u00e0 chest fat le f\u00e2s alc di unic e prezi\u00f4s, une sorte di \u201csculture soci\u00e2l\u201d. Ma in plui, sot dal prof\u00eel propiamentri artistic, si \u00e8 vignude a cre\u00e2 tal timp un Curt\u00eel da l\u2019Art v\u00ear e propi. Si trate di une desene di oparis permanentis, che i l\u00f4r aut\u00f4rs a son st\u00e2ts selezion\u00e2ts par la l\u00f4r \u201cafinit\u00e2t eletive\u201d particol\u00e2r cul spirt ch\u2019al anime i Colonos, e che par la plui part a son nassudis come creazions <em>site-specific<\/em> ch\u2019a esaltin il <em>genius loci<\/em>.<\/p>\n<p>&nbsp;<\/p>\n<p><img decoding=\"async\" loading=\"lazy\" class=\"alignnone size-full wp-image-3134\" style=\"margin-bottom: -10px;\" src=\"https:\/\/colonos.it\/\/wp-content\/uploads\/2021\/02\/banderuola.jpg\" alt=\"\" width=\"640\" height=\"346\" srcset=\"https:\/\/colonos.it\/wp-content\/uploads\/2021\/02\/banderuola.jpg 640w, https:\/\/colonos.it\/wp-content\/uploads\/2021\/02\/banderuola-300x162.jpg 300w\" sizes=\"(max-width: 640px) 100vw, 640px\" \/><\/p>\n<p><strong>Bandarole<\/strong><br \/>\ndi Michele Bazzana e Paola Pasquaretta &#8211; 2019<\/p>\n<p>&nbsp;<\/p>\n<p><img decoding=\"async\" loading=\"lazy\" class=\"alignnone size-full wp-image-3158\" style=\"margin-bottom: -10px;\" src=\"https:\/\/colonos.it\/\/wp-content\/uploads\/2021\/02\/mongolfiera.jpg\" alt=\"\" width=\"640\" height=\"360\" srcset=\"https:\/\/colonos.it\/wp-content\/uploads\/2021\/02\/mongolfiera.jpg 640w, https:\/\/colonos.it\/wp-content\/uploads\/2021\/02\/mongolfiera-300x169.jpg 300w\" sizes=\"(max-width: 640px) 100vw, 640px\" \/><\/p>\n<p><strong>Mongolfiere<\/strong><br \/>\ndi Giorgio Valvassori &#8211; 2017<\/p>\n<p>&nbsp;<\/p>\n<p><img decoding=\"async\" loading=\"lazy\" class=\"alignnone size-full wp-image-3136\" style=\"margin-bottom: -10px;\" src=\"https:\/\/colonos.it\/\/wp-content\/uploads\/2021\/02\/giorno-notte.jpg\" alt=\"\" width=\"640\" height=\"427\" srcset=\"https:\/\/colonos.it\/wp-content\/uploads\/2021\/02\/giorno-notte.jpg 640w, https:\/\/colonos.it\/wp-content\/uploads\/2021\/02\/giorno-notte-300x200.jpg 300w\" sizes=\"(max-width: 640px) 100vw, 640px\" \/><\/p>\n<p><strong>Il d\u00ec e la gnot<\/strong><br \/>\ndi Marco De Luca &#8211; 2012<\/p>\n<p>&nbsp;<\/p>\n<p><img decoding=\"async\" loading=\"lazy\" class=\"alignnone size-full wp-image-3138\" style=\"margin-bottom: -10px;\" src=\"https:\/\/colonos.it\/\/wp-content\/uploads\/2021\/02\/wall-painting.jpg\" alt=\"\" width=\"640\" height=\"426\" srcset=\"https:\/\/colonos.it\/wp-content\/uploads\/2021\/02\/wall-painting.jpg 640w, https:\/\/colonos.it\/wp-content\/uploads\/2021\/02\/wall-painting-300x200.jpg 300w\" sizes=\"(max-width: 640px) 100vw, 640px\" \/><\/p>\n<p><strong>Wall painting<\/strong><br \/>\nEsther Mahlangu &#8211; 2009<\/p>\n<p>&nbsp;<\/p>\n<p><img decoding=\"async\" loading=\"lazy\" class=\"alignnone size-full wp-image-3140\" style=\"margin-bottom: -10px;\" src=\"https:\/\/colonos.it\/\/wp-content\/uploads\/2021\/02\/lus.jpg\" alt=\"\" width=\"640\" height=\"480\" srcset=\"https:\/\/colonos.it\/wp-content\/uploads\/2021\/02\/lus.jpg 640w, https:\/\/colonos.it\/wp-content\/uploads\/2021\/02\/lus-300x225.jpg 300w\" sizes=\"(max-width: 640px) 100vw, 640px\" \/><\/p>\n<p><strong>L\u00fbs<\/strong><br \/>\ndi Fabrizio Corneli &#8211; 2007<\/p>\n<p>&nbsp;<\/p>\n<p><img decoding=\"async\" loading=\"lazy\" class=\"alignnone size-full wp-image-3142\" style=\"margin-bottom: -10px;\" src=\"https:\/\/colonos.it\/\/wp-content\/uploads\/2021\/02\/rosone.jpg\" alt=\"\" width=\"640\" height=\"428\" srcset=\"https:\/\/colonos.it\/wp-content\/uploads\/2021\/02\/rosone.jpg 640w, https:\/\/colonos.it\/wp-content\/uploads\/2021\/02\/rosone-300x201.jpg 300w\" sizes=\"(max-width: 640px) 100vw, 640px\" \/><\/p>\n<p><strong>Roson<\/strong><br \/>\ndi Nane Zavagno &#8211; 2006<\/p>\n<p>&nbsp;<\/p>\n<p><img decoding=\"async\" loading=\"lazy\" class=\"alignnone size-full wp-image-3144\" style=\"margin-bottom: -10px;\" src=\"https:\/\/colonos.it\/\/wp-content\/uploads\/2021\/02\/tempio-vegetale.jpg\" alt=\"\" width=\"640\" height=\"428\" srcset=\"https:\/\/colonos.it\/wp-content\/uploads\/2021\/02\/tempio-vegetale.jpg 640w, https:\/\/colonos.it\/wp-content\/uploads\/2021\/02\/tempio-vegetale-300x201.jpg 300w\" sizes=\"(max-width: 640px) 100vw, 640px\" \/><\/p>\n<p><strong>Templi Vegjet\u00e2l<\/strong><br \/>\ndi Giuliano Mauri, 2005<\/p>\n<p>&nbsp;<\/p>\n<p>\u00a7\u00a7\u00a7\u00a7\u00a7\u00a7<\/p>\n<p><strong>Lant e lant s\u00f9<\/strong><br \/>\ndi Franco Ciot &#8211; 2004<\/p>\n<p>&nbsp;<\/p>\n<p><img decoding=\"async\" loading=\"lazy\" class=\"alignnone size-full wp-image-3146\" style=\"margin-bottom: -10px;\" src=\"https:\/\/colonos.it\/\/wp-content\/uploads\/2021\/02\/lassu-qualcuno-mi-ama.jpg\" alt=\"\" width=\"640\" height=\"427\" srcset=\"https:\/\/colonos.it\/wp-content\/uploads\/2021\/02\/lassu-qualcuno-mi-ama.jpg 640w, https:\/\/colonos.it\/wp-content\/uploads\/2021\/02\/lassu-qualcuno-mi-ama-300x200.jpg 300w\" sizes=\"(max-width: 640px) 100vw, 640px\" \/><\/p>\n<p><strong>Lass\u00f9 qualcuno mi ama<\/strong><br \/>\ndi Nicola Toffolini e Eva Geatti<\/p>\n<p>&nbsp;<\/p>\n<p><img decoding=\"async\" loading=\"lazy\" class=\"alignnone size-full wp-image-3148\" style=\"margin-bottom: -10px;\" src=\"https:\/\/colonos.it\/\/wp-content\/uploads\/2021\/02\/totem.jpg\" alt=\"\" width=\"640\" height=\"369\" srcset=\"https:\/\/colonos.it\/wp-content\/uploads\/2021\/02\/totem.jpg 640w, https:\/\/colonos.it\/wp-content\/uploads\/2021\/02\/totem-300x173.jpg 300w\" sizes=\"(max-width: 640px) 100vw, 640px\" \/><\/p>\n<p><strong>Totem<\/strong><br \/>\ndi Adriano Visintin &#8211; 1994<\/p>\n","protected":false},"excerpt":{"rendered":"<p>Il compl\u00e8s colonic al bat e al v\u00eef, jenfri memorie e avign\u00ee, mediant da l\u2019ospitalit\u00e2t rur\u00e2l, insiorade di une ativit\u00e2t soci\u00e2l intense e une vivacit\u00e2t cultur\u00e2l e creative bondantis\/impuartantis. Bielz\u00e0 chest fat le f\u00e2s alc di unic e prezi\u00f4s, une sorte di \u201csculture soci\u00e2l\u201d. Ma in plui, sot dal prof\u00eel propiamentri artistic, si \u00e8 vignude<\/p>\n","protected":false},"author":1,"featured_media":3122,"parent":3128,"menu_order":5,"comment_status":"closed","ping_status":"closed","template":"","meta":[],"acf":[],"_links":{"self":[{"href":"https:\/\/colonos.it\/furlan\/wp-json\/wp\/v2\/pages\/2968"}],"collection":[{"href":"https:\/\/colonos.it\/furlan\/wp-json\/wp\/v2\/pages"}],"about":[{"href":"https:\/\/colonos.it\/furlan\/wp-json\/wp\/v2\/types\/page"}],"author":[{"embeddable":true,"href":"https:\/\/colonos.it\/furlan\/wp-json\/wp\/v2\/users\/1"}],"replies":[{"embeddable":true,"href":"https:\/\/colonos.it\/furlan\/wp-json\/wp\/v2\/comments?post=2968"}],"version-history":[{"count":8,"href":"https:\/\/colonos.it\/furlan\/wp-json\/wp\/v2\/pages\/2968\/revisions"}],"predecessor-version":[{"id":3160,"href":"https:\/\/colonos.it\/furlan\/wp-json\/wp\/v2\/pages\/2968\/revisions\/3160"}],"up":[{"embeddable":true,"href":"https:\/\/colonos.it\/furlan\/wp-json\/wp\/v2\/pages\/3128"}],"wp:featuredmedia":[{"embeddable":true,"href":"https:\/\/colonos.it\/furlan\/wp-json\/wp\/v2\/media\/3122"}],"wp:attachment":[{"href":"https:\/\/colonos.it\/furlan\/wp-json\/wp\/v2\/media?parent=2968"}],"curies":[{"name":"wp","href":"https:\/\/api.w.org\/{rel}","templated":true}]}}