{"id":2915,"date":"2020-12-04T10:21:39","date_gmt":"2020-12-04T09:21:39","guid":{"rendered":"https:\/\/colonos.it\/\/chi-siamo\/"},"modified":"2024-03-29T18:48:48","modified_gmt":"2024-03-29T17:48:48","slug":"chi-siamo","status":"publish","type":"page","link":"https:\/\/colonos.it\/furlan\/chi-siamo\/","title":{"rendered":"Cui ch&#8217;o sin"},"content":{"rendered":"<p>L\u02bcAssociazion Cultur\u00e2l Colonos e je stade metude s\u00f9 ai 10 di Dicembar dal 1996 cun ch\u00ea di contribu\u00ee a la promozion e al rinovament da l\u02bcidentit\u00e2t lenghistiche e cultur\u00e2l dal Fri\u00fbl in dutis lis s\u00f4s espressions. Al \u00e8 nass\u00fbt un cant\u00eer permanent in st\u00e2t di meti in conession la tradizion cu la sperimentazion, la memorie e i val\u00f4rs da la civilt\u00e2t contadine cu la presince cussient tal mont di vu\u00ea. Mediant di chest o vin d\u00e2t vite gnove, dopo di un periodi lunc di bandon e di decjadiment, a un dai compl\u00e8s rur\u00e2i plui sugjest\u00eefs dal Fri\u00fbl di Mie\u00e7, dul\u00e0 che par scuasit doi secui a vevin viv\u00fbt gjenerazions di colonos.<\/p>\n<p>Il genius loci, a d\u00ee l\u02bcanime profonde dal puest, al \u00e0 ispir\u00e2t un progjet origjin\u00e2l di rigjenerazion dul\u00e0 ch\u02bca stan insiemit intune maniere otim\u00e2l l\u02bcarchiteture tradizion\u00e2l, la culture, la dimension ecologjiche, il paisa\u00e7 rur\u00e2l, la culture e l\u02bcart contemporanie, intune atmosfere di convivialit\u00e2t par merit da la gjestion da l\u02bcAziende Agrituristiche Ai Colonos. Al \u00e8 dal ist\u00e2t dal 1991 che ach\u00ec si tegnin events cultur\u00e2i di gjenars difarents, cunvignis e conferencis, incuintris di poesie, manifestazions e residencis artistichis, produzion di oparis teatr\u00e2ls, leterariis, music\u00e2ls e audiovisivis, cun ancje publicazion di libris e catalics.<\/p>\n<p>Tal 2013 a l\u02bcAssociazion Cultur\u00e2l Colonos i \u00e8 st\u00e2t assegn\u00e2t a Vicence il Premi Citt\u00e0 Impresa \u201cpar la s\u00f4 sensibilit\u00e2t tai confronts da la culture loc\u00e2l e soredut par v\u00ea interpret\u00e2t cheste sensibilit\u00e2t cun formulis artistichis dal dut inovativis. O din chest premi partant par la capacit\u00e2t di instre\u00e7\u00e2 la culture furlane cu lis formis cultur\u00e2ls contemporaniis e di cumbin\u00e2 in cheste maniere la memorie dal pass\u00e2t e la vision dal avign\u00ee.\u201d<\/p>\n<p>Philippe Daverio, grant estimad\u00f4r da la realt\u00e2t dai Colonos, i tignive a defin\u00eele \u201ccentri di resistence cultur\u00e2l.\u201d<\/p>\n","protected":false},"excerpt":{"rendered":"<p>L\u02bcAssociazion Cultur\u00e2l Colonos e je stade metude s\u00f9 ai 10 di Dicembar dal 1996 cun ch\u00ea di contribu\u00ee a la promozion e al rinovament da l\u02bcidentit\u00e2t lenghistiche e cultur\u00e2l dal Fri\u00fbl in dutis lis s\u00f4s espressions. Al \u00e8 nass\u00fbt un cant\u00eer permanent in st\u00e2t di meti in conession la tradizion cu la sperimentazion, la memorie<\/p>\n","protected":false},"author":1,"featured_media":0,"parent":0,"menu_order":10,"comment_status":"closed","ping_status":"closed","template":"page-templates\/associazione-subpages.php","meta":[],"acf":[],"_links":{"self":[{"href":"https:\/\/colonos.it\/furlan\/wp-json\/wp\/v2\/pages\/2915"}],"collection":[{"href":"https:\/\/colonos.it\/furlan\/wp-json\/wp\/v2\/pages"}],"about":[{"href":"https:\/\/colonos.it\/furlan\/wp-json\/wp\/v2\/types\/page"}],"author":[{"embeddable":true,"href":"https:\/\/colonos.it\/furlan\/wp-json\/wp\/v2\/users\/1"}],"replies":[{"embeddable":true,"href":"https:\/\/colonos.it\/furlan\/wp-json\/wp\/v2\/comments?post=2915"}],"version-history":[{"count":3,"href":"https:\/\/colonos.it\/furlan\/wp-json\/wp\/v2\/pages\/2915\/revisions"}],"predecessor-version":[{"id":6937,"href":"https:\/\/colonos.it\/furlan\/wp-json\/wp\/v2\/pages\/2915\/revisions\/6937"}],"wp:attachment":[{"href":"https:\/\/colonos.it\/furlan\/wp-json\/wp\/v2\/media?parent=2915"}],"curies":[{"name":"wp","href":"https:\/\/api.w.org\/{rel}","templated":true}]}}