{"id":2911,"date":"2020-12-11T19:15:48","date_gmt":"2020-12-11T18:15:48","guid":{"rendered":"https:\/\/colonos.it\/\/dove-siamo\/"},"modified":"2021-02-11T16:54:00","modified_gmt":"2021-02-11T15:54:00","slug":"dove-siamo","status":"publish","type":"page","link":"https:\/\/colonos.it\/furlan\/dove-siamo\/","title":{"rendered":"Dul\u00e0 ch&#8217;o sin"},"content":{"rendered":"<p><img decoding=\"async\" loading=\"lazy\" class=\"alignnone size-full wp-image-2994\" src=\"https:\/\/colonos.it\/\/wp-content\/uploads\/2021\/01\/dove-siamo.jpg\" alt=\"\" width=\"700\" height=\"468\" srcset=\"https:\/\/colonos.it\/wp-content\/uploads\/2021\/01\/dove-siamo.jpg 700w, https:\/\/colonos.it\/wp-content\/uploads\/2021\/01\/dove-siamo-300x201.jpg 300w\" sizes=\"(max-width: 700px) 100vw, 700px\" \/><\/p>\n<p>Il centri da l\u02bcativit\u00e2t da l\u02bcAssociazion Cultur\u00e2l Colonos al \u00e8 dentri e in dialic cui spazis agricui sugjest\u00eefs che l\u02bcaziende agrituristiche Ai Colonos e \u00e0 recuper\u00e2t tal 1992, intestant chest l\u00fbc a la memorie da lis personis che ach\u00ec a \u00e0n viv\u00fbt tra fadiis e miserie, e no invezit ai proprietaris, come ch\u02bcal jere simpri suced\u00fbt tal pass\u00e2t. Si trate di une testemoneance straordenarie dal mont contadin e colonic, nassude intun sisteme armonic di fabric\u00e2ts agricui met\u00fbts ator di un grant curt\u00eel centr\u00e2l, che une volte a jerin stadis stalis, tobl\u00e2ts, dipuesits par imprescj agricui, cj\u00f4ts, cantinis, ufici pal fat\u00f4r e abitazions par lis fameis dai colonos.<\/p>\n<p>L\u02bcesistence dal fabric\u00e2t origjinari e je atestade tal regjistri napoleonic dal 1811. Vie pal timp si \u00e8 svilupade intun compl\u00e8s articol\u00e2t che, dutun cu la vite agricule che li si faseve, al \u00e0 v\u00fbt il so svilup massim tai agns Trente e Cuarante, che dopo insom al \u00e0 pat\u00eet un decjadince inesorabil par cause dal \u201cboom\u201d economic dal secont dopovuere.<\/p>\n<p>Dopo di sei st\u00e2t lass\u00e2t par une vincjine di agns in dismentie e a la degradazion, chest microcosmi speci\u00e2l al \u00e8 st\u00e2t recuper\u00e2t cun am\u00f4r, tal rispiet da la s\u00f4 flusumie, e al \u00e8 st\u00e2t puart\u00e2t ancjem\u00f2 une volte a une gnove vite mediant proc\u00e8s di rigjenerazion soci\u00e2l e cultur\u00e2l.<\/p>\n<p>Cul timp a l\u00e2 al \u00e8 st\u00e2t \u201ccoltiv\u00e2t\u201d il progjet da la <a href=\"https:\/\/colonos.it\/\/furlan\/arti-visive\/la-corte-dellarte\/\">Cort da l\u2019Art<\/a> che, mediant di une schirie di oparis fatis apueste tai spazi, al f\u00e2s vign\u00ee f\u00fbr, rinovantlu, il spirt dal l\u00fbc, intun dialic creat\u00eef e progetu\u00e2l jenfri pass\u00e2t e presint.<\/p>\n<p><iframe loading=\"lazy\" style=\"border: 0;\" tabindex=\"0\" src=\"https:\/\/www.google.com\/maps\/embed?pb=!1m18!1m12!1m3!1d2773.0353375435493!2d13.064291315934316!3d45.970553707533384!2m3!1f0!2f0!3f0!3m2!1i1024!2i768!4f13.1!3m3!1m2!1s0x477bcee70b5c998d%3A0x762a23cfcb69e53f!2sAssociazion%20cultur%C3%A2l%20Colonos!5e0!3m2!1sit!2sit!4v1610532447391!5m2!1sit!2sit\" width=\"100%\" height=\"450\" frameborder=\"0\" allowfullscreen=\"allowfullscreen\" aria-hidden=\"false\"><\/iframe><\/p>\n","protected":false},"excerpt":{"rendered":"<p>Il centri da l\u02bcativit\u00e2t da l\u02bcAssociazion Cultur\u00e2l Colonos al \u00e8 dentri e in dialic cui spazis agricui sugjest\u00eefs che l\u02bcaziende agrituristiche Ai Colonos e \u00e0 recuper\u00e2t tal 1992, intestant chest l\u00fbc a la memorie da lis personis che ach\u00ec a \u00e0n viv\u00fbt tra fadiis e miserie, e no invezit ai proprietaris, come ch\u02bcal jere simpri<\/p>\n","protected":false},"author":2,"featured_media":0,"parent":0,"menu_order":20,"comment_status":"closed","ping_status":"closed","template":"page-templates\/associazione-subpages.php","meta":[],"acf":[],"_links":{"self":[{"href":"https:\/\/colonos.it\/furlan\/wp-json\/wp\/v2\/pages\/2911"}],"collection":[{"href":"https:\/\/colonos.it\/furlan\/wp-json\/wp\/v2\/pages"}],"about":[{"href":"https:\/\/colonos.it\/furlan\/wp-json\/wp\/v2\/types\/page"}],"author":[{"embeddable":true,"href":"https:\/\/colonos.it\/furlan\/wp-json\/wp\/v2\/users\/2"}],"replies":[{"embeddable":true,"href":"https:\/\/colonos.it\/furlan\/wp-json\/wp\/v2\/comments?post=2911"}],"version-history":[{"count":7,"href":"https:\/\/colonos.it\/furlan\/wp-json\/wp\/v2\/pages\/2911\/revisions"}],"predecessor-version":[{"id":3312,"href":"https:\/\/colonos.it\/furlan\/wp-json\/wp\/v2\/pages\/2911\/revisions\/3312"}],"wp:attachment":[{"href":"https:\/\/colonos.it\/furlan\/wp-json\/wp\/v2\/media?parent=2911"}],"curies":[{"name":"wp","href":"https:\/\/api.w.org\/{rel}","templated":true}]}}