{"id":2866,"date":"2020-12-23T16:51:10","date_gmt":"2020-12-23T15:51:10","guid":{"rendered":"https:\/\/colonos.it\/\/in-tre-riis\/in-tre-riis-2016\/"},"modified":"2021-01-04T11:19:50","modified_gmt":"2021-01-04T10:19:50","slug":"in-tre-riis-2016","status":"publish","type":"page","link":"https:\/\/colonos.it\/furlan\/in-tre-riis\/in-tre-riis-2016\/","title":{"rendered":"In tr\u00ea riis 2016"},"content":{"rendered":"<p><img decoding=\"async\" loading=\"lazy\" class=\"alignnone size-full wp-image-1723\" src=\"https:\/\/colonos.it\/\/wp-content\/uploads\/2021\/01\/in-tre-riis-2014.jpg\" alt=\"\" width=\"985\" height=\"435\" srcset=\"https:\/\/colonos.it\/wp-content\/uploads\/2021\/01\/in-tre-riis-2014.jpg 985w, https:\/\/colonos.it\/wp-content\/uploads\/2021\/01\/in-tre-riis-2014-300x132.jpg 300w, https:\/\/colonos.it\/wp-content\/uploads\/2021\/01\/in-tre-riis-2014-768x339.jpg 768w\" sizes=\"(max-width: 985px) 100vw, 985px\" \/><\/p>\n<h2>ROMAN\u00c7 IN TR\u00ca RIIS<\/h2>\n<p>Concors leterari in Lenghe Furlane<br \/>\nSeste edizion \u2013 2015-2016<\/p>\n<hr \/>\n<p><strong>REGOLAMENT<\/strong><\/p>\n<p><strong>ARTICUL 1<br \/>\n<\/strong>L\u2019Associazion Cultur\u00e2l Colonos e met f\u00fbr un bant, in colaborazion cu l\u2019Arlef, par un concors leterari par roman\u00e7s in lenghe furlane, clam\u00e2t \u201cIn tr\u00ea riis\u201d da\u00fbr di une invenzion leterarie dal scrit\u00f4r franc\u00eas Felix Feneon (1861-1944).<\/p>\n<p><strong>ARTICUL 2<br \/>\n<\/strong>Il concors al \u00e0 d\u00f4s sezions:<br \/>\na) tescj di narative, cun storiis leadis cun fats di autalit\u00e2t;<br \/>\nb) struc in prose da l\u2019Odissee di Omer.<\/p>\n<p>I tescj a \u00e0n di sei inedits e a \u00e0n di sei scrits cu la grafie ufici\u00e2l (tu puedis discjari\u00e2 il pdf da la grafie ufici\u00e2l da la lenghe furlane sul s\u00eet www.arlef.it) I tescj, sei da la sezion a) come ancje chei da la sezion b) no varan di v\u00ea plui di 180 batudis cjapant dentri ancje i spazis. Ogni partecipant al po mand\u00e2 no plui di tr\u00ea composizions ognidun, ancje dividudis tra lis d\u00f4s sezions. No vignaran cjapadis in considerazion poesiis, filastrocjis e componiments f\u00fbr dal gjenar da la narative.<\/p>\n<p><strong>ARTICUL 3<br \/>\n<\/strong>II concors al \u00e8 viert par chei che, ai 15 di Fevr\u00e2r dal 2016, no \u00e0n pass\u00e2t i 35 agns.<br \/>\nI lav\u00f4rs a \u00e0n di sei mand\u00e2ts al indir\u00ecs <a href=\"mailto:info@colonos.it\">info@colonos.it<\/a> cul test aleg\u00e2t.<br \/>\nLa spedizion e \u00e0 di v\u00ea i riferiments dal aut\u00f4r (non, cognon, date di nassite e numar di telefon) e l\u2019indir\u00ecs di pueste eletroniche.<\/p>\n<p><strong>ARTICUL 4<\/strong><br \/>\nIl tiermin pa la partecipazion al \u00e8 prorog\u00e2t a la miezegnot dai 21 di Fevr\u00e2r.<br \/>\n(e f\u00e2s fede l\u2019ore dal computer)<\/p>\n<p><strong>ARTICUL 5<br \/>\n<\/strong>La Jurie dal concors e je dade dongje di Carlo Tolazzi (president), Lorenzo Casadio, William Cisilino, Enrico Michelutti, Elisabetta Pozzetto.<\/p>\n<p><strong>ARTICUL 6<br \/>\n<\/strong>La jurie e dar\u00e0 un premi par ognidune da lis d\u00f4s sezions, ma e podar\u00e0 ancje no d\u00e2lu par cause di un nivel di cualit\u00e2t puar dai lav\u00f4rs riv\u00e2ts. Il premi al \u00e8 un smartphone Huawei P8 lite Androidd 4G-3G (o ecuivalent).<\/p>\n<p>In plui, la jurie e podar\u00e0 assegn\u00e2 un premi speci\u00e2l a une o plui oparis ch\u2019a si son segnaladis par origjinalit\u00e2t e contign\u00fbts. Par chest ricognossiment a saran dadis da lis publicazion di cualit\u00e2t, fatis da l\u2019associazion cultur\u00e2l Colonos.<\/p>\n<p>Da\u00fbr dal aspiet cuantitat\u00eef e cualitat\u00eef dai lav\u00f4r partecipants ta lis variis edizions, si fasar\u00e0 in avign\u00ee une publicazion apueste. Chei ch\u2019a partecipin a lassin i dirits par la publicazion su libri, su Internet e su altris media eventu\u00e2i.<\/p>\n<p><strong>ARTICUL 7<br \/>\n<\/strong>La serade di premiazion si le fasar\u00e0 ta la stale vecjie dal Agriturisim Ai Colonos, a Vilecjasse di Lestize, vinars ai 4 di Mar\u00e7 dal 2016 a vot e mieze di sere, tant che conclusion di In file.<\/p>\n<p><strong>ARTICUL 8<br \/>\n<\/strong>Il bant int\u00eer dal concors al \u00e8 public\u00e2t sul s\u00eet web www.colonos.it e su Facebook.<\/p>\n","protected":false},"excerpt":{"rendered":"<p>ROMAN\u00c7 IN TR\u00ca RIIS Concors leterari in Lenghe Furlane Seste edizion \u2013 2015-2016 REGOLAMENT ARTICUL 1 L\u2019Associazion Cultur\u00e2l Colonos e met f\u00fbr un bant, in colaborazion cu l\u2019Arlef, par un concors leterari par roman\u00e7s in lenghe furlane, clam\u00e2t \u201cIn tr\u00ea riis\u201d da\u00fbr di une invenzion leterarie dal scrit\u00f4r franc\u00eas Felix Feneon (1861-1944). ARTICUL 2 Il<\/p>\n","protected":false},"author":1,"featured_media":1736,"parent":2852,"menu_order":2016,"comment_status":"closed","ping_status":"closed","template":"","meta":[],"acf":[],"_links":{"self":[{"href":"https:\/\/colonos.it\/furlan\/wp-json\/wp\/v2\/pages\/2866"}],"collection":[{"href":"https:\/\/colonos.it\/furlan\/wp-json\/wp\/v2\/pages"}],"about":[{"href":"https:\/\/colonos.it\/furlan\/wp-json\/wp\/v2\/types\/page"}],"author":[{"embeddable":true,"href":"https:\/\/colonos.it\/furlan\/wp-json\/wp\/v2\/users\/1"}],"replies":[{"embeddable":true,"href":"https:\/\/colonos.it\/furlan\/wp-json\/wp\/v2\/comments?post=2866"}],"version-history":[{"count":2,"href":"https:\/\/colonos.it\/furlan\/wp-json\/wp\/v2\/pages\/2866\/revisions"}],"predecessor-version":[{"id":2868,"href":"https:\/\/colonos.it\/furlan\/wp-json\/wp\/v2\/pages\/2866\/revisions\/2868"}],"up":[{"embeddable":true,"href":"https:\/\/colonos.it\/furlan\/wp-json\/wp\/v2\/pages\/2852"}],"wp:featuredmedia":[{"embeddable":true,"href":"https:\/\/colonos.it\/furlan\/wp-json\/wp\/v2\/media\/1736"}],"wp:attachment":[{"href":"https:\/\/colonos.it\/furlan\/wp-json\/wp\/v2\/media?parent=2866"}],"curies":[{"name":"wp","href":"https:\/\/api.w.org\/{rel}","templated":true}]}}