{"id":2863,"date":"2020-12-23T16:50:50","date_gmt":"2020-12-23T15:50:50","guid":{"rendered":"https:\/\/colonos.it\/\/in-tre-riis\/in-tre-riis-2014\/"},"modified":"2021-01-04T18:33:39","modified_gmt":"2021-01-04T17:33:39","slug":"in-tre-riis-2014","status":"publish","type":"page","link":"https:\/\/colonos.it\/furlan\/in-tre-riis\/in-tre-riis-2014\/","title":{"rendered":"In tr\u00ea riis 2014"},"content":{"rendered":"<p><img decoding=\"async\" loading=\"lazy\" class=\"alignnone size-full wp-image-1723\" src=\"https:\/\/colonos.it\/\/wp-content\/uploads\/2021\/01\/in-tre-riis-2014.jpg\" alt=\"\" width=\"985\" height=\"435\" srcset=\"https:\/\/colonos.it\/wp-content\/uploads\/2021\/01\/in-tre-riis-2014.jpg 985w, https:\/\/colonos.it\/wp-content\/uploads\/2021\/01\/in-tre-riis-2014-300x132.jpg 300w, https:\/\/colonos.it\/wp-content\/uploads\/2021\/01\/in-tre-riis-2014-768x339.jpg 768w\" sizes=\"(max-width: 985px) 100vw, 985px\" \/><\/p>\n<h2>ROMAN\u00c7 IN TR\u00ca RIIS<\/h2>\n<p>Concors leterari in Lenghe Furlane<br \/>\nQuinte edizion &#8211; 2014<\/p>\n<hr \/>\n<p><strong>REGOLAMENT<\/strong><\/p>\n<p><strong>ARTICUL 1<br \/>\n<\/strong>L\u2019Associazion cultur\u00e2l Colonos e band\u00ecs, in colaborazion cul ARLeF, un concors par roman\u00e7s in lenghe furlane clam\u00e2t In tr\u00ea riis, idee gjavade di une invenzion leterarie dal scrit\u00f4r franc\u00eas Felix Feneon (1861 \u2013 1944).<\/p>\n<p><strong>ARTICUL 2<br \/>\n<\/strong>Il concors al rivuarde tescj di narative par furlan: storiis che a \u00e0n di sei leadis cu la atualit\u00e2t e ineditis, scritis ta la graf\u00ece ufici\u00e2l da\u00fbr da lis normis da la LR 15\/96 e modif. seguitivis, e e cun cualsisei variet\u00e2t lenghistiche (tu puedis discjam\u00e2 il pdf da la grafie ufici\u00e2l da la lenghe furlane sul s\u00eet www.arlef.it). Il test al \u00e0 di v\u00ea une lungjece massime di 180 batudis, cjapant dentri ancje i spazis. Ogni parecipant al pues mand\u00e2 un massim di tr\u00ea composizions. Poesiis, filastrocjis o componiments f\u00fbr dal gjenar da la narative no vignaran consider\u00e2ts.<\/p>\n<p><strong>ARTICUL 3<br \/>\n<\/strong>Si pues partecip\u00e2 intune da lis d\u00f4s sezions chi sot:<\/p>\n<p>fin ai 16 agns: fasint riv\u00e2 par pueste eletroniche une e-mail a la direzion info@colonos.it cul test in aleg\u00e2t. La mail e \u00e0 di v\u00ea i d\u00e2ts dal aut\u00f4r (non, cognon, date di nassite, direzion di cjase e numar di telefon) e la direzion di pueste eletroniche. I partecipants di cheste sezion no \u00e0n di v\u00ea fin\u00eets 16 agns ai 30 di Jugn dal 2014;<\/p>\n<p>dai 17 ai 35 agns: fasint riv\u00e2 par pueste eletroniche une e-mail a la direzion info@colonos.it cul test in aleg\u00e2t. La mail e \u00e0 di v\u00ea i d\u00e2ts dal aut\u00f4r (non, cognon, date di nassite, direzion di cjase e numar di telefon) e la direzion di pueste eletroniche. I partecipants no \u00e0n di v\u00ea fin\u00eets 35 agns ai 30 di Jugn dal 2014.<\/p>\n<p><strong>ARTICUL 4<br \/>\n<\/strong>Lis voris a \u00e0n di riv\u00e2 dentri da la miezegnot dai 30 di Jugn dal 2014 (e f\u00e2s fede la ore in mostre sul computer).<\/p>\n<p><strong>ARTICUL 5<br \/>\n<\/strong>La jurie dal concors Roman\u00e7 in tr\u00ea riis e je dade dongje di: Carlo Tolazzi (president), Lorenzo Casadio, William Cisilino, Enrico Michelutti, Elisabetta Pozzetto.<\/p>\n<p><strong>ARTICUL 6<br \/>\n<\/strong>La jurie e assegnar\u00e0 un prin premi par ognidune da lis d\u00f4s sezions, ma e puedar\u00e0 ancje no d\u00e2lu par vie de cualit\u00e2t no meritevule dai lav\u00f4rs riv\u00e2ts.<\/p>\n<p>Al prin classific\u00e2t da la Sezion fin ai 16 agns i vignar\u00e0 d\u00e2t un smartphone Samsung Galaxy Ace (o ecuivalent).<\/p>\n<p>Al prin classific\u00e2t da la Sezion dai 17 ai 35 agns i vignar\u00e0 d\u00e2t un iPad2 32 GBApple (o ecuivalent).<\/p>\n<p>La jurie e pues ancje assegn\u00e2 un \u201cPremi speci\u00e2l da la jurie\u201d a une o plui voris che si son segnaladis par origjinalit\u00e2t e contign\u00fbts. Par chest ricognossiment a saran dadis da lis publicazions di cualit\u00e2t, editadis da l\u2019associazion cultur\u00e2l Colonos.<\/p>\n<p>La Associazion cultur\u00e2l Colonos, tignint cont dal numar e da la cualit\u00e2t da lis oparis rivadis, in avign\u00ee e fasar\u00e0 une publicazion di pueste. Partecipant, i aut\u00f4rs a concedin i dirits par la publicazion in libri, su Internet e su altris eventu\u00e2i media.<\/p>\n<p><strong>ARTICUL 7<br \/>\n<\/strong>La cerimonie di premiazion si le fasar\u00e0 li dal Agriturisim Ai Colonos a la fin di Avost 2014, intant da la manifestazion di Avostanis, intune date che e vignar\u00e0 comunicade par timp.<\/p>\n<p><strong>ARTICUL 8<br \/>\n<\/strong>Il bant di chest concors si lu cjate sul s\u00eet www.colonos.it<\/p>\n<p>Par v\u00ea altris informazions:<br \/>\nAssociazion Cultur\u00e2l \u201cColonos\u201d<br \/>\nVie Zuan di Udin, 8<br \/>\n33050 Vilecjasse di Lestize (UD)<br \/>\n348 1015830 \u2014 <a href=\"mailto:info@colonos.it\">info@colonos.it<\/a><\/p>\n","protected":false},"excerpt":{"rendered":"<p>ROMAN\u00c7 IN TR\u00ca RIIS Concors leterari in Lenghe Furlane Quinte edizion &#8211; 2014 REGOLAMENT ARTICUL 1 L\u2019Associazion cultur\u00e2l Colonos e band\u00ecs, in colaborazion cul ARLeF, un concors par roman\u00e7s in lenghe furlane clam\u00e2t In tr\u00ea riis, idee gjavade di une invenzion leterarie dal scrit\u00f4r franc\u00eas Felix Feneon (1861 \u2013 1944). ARTICUL 2 Il concors al<\/p>\n","protected":false},"author":1,"featured_media":1746,"parent":2852,"menu_order":2014,"comment_status":"closed","ping_status":"closed","template":"","meta":[],"acf":[],"_links":{"self":[{"href":"https:\/\/colonos.it\/furlan\/wp-json\/wp\/v2\/pages\/2863"}],"collection":[{"href":"https:\/\/colonos.it\/furlan\/wp-json\/wp\/v2\/pages"}],"about":[{"href":"https:\/\/colonos.it\/furlan\/wp-json\/wp\/v2\/types\/page"}],"author":[{"embeddable":true,"href":"https:\/\/colonos.it\/furlan\/wp-json\/wp\/v2\/users\/1"}],"replies":[{"embeddable":true,"href":"https:\/\/colonos.it\/furlan\/wp-json\/wp\/v2\/comments?post=2863"}],"version-history":[{"count":3,"href":"https:\/\/colonos.it\/furlan\/wp-json\/wp\/v2\/pages\/2863\/revisions"}],"predecessor-version":[{"id":2869,"href":"https:\/\/colonos.it\/furlan\/wp-json\/wp\/v2\/pages\/2863\/revisions\/2869"}],"up":[{"embeddable":true,"href":"https:\/\/colonos.it\/furlan\/wp-json\/wp\/v2\/pages\/2852"}],"wp:featuredmedia":[{"embeddable":true,"href":"https:\/\/colonos.it\/furlan\/wp-json\/wp\/v2\/media\/1746"}],"wp:attachment":[{"href":"https:\/\/colonos.it\/furlan\/wp-json\/wp\/v2\/media?parent=2863"}],"curies":[{"name":"wp","href":"https:\/\/api.w.org\/{rel}","templated":true}]}}