{"id":2860,"date":"2020-12-23T16:50:32","date_gmt":"2020-12-23T15:50:32","guid":{"rendered":"https:\/\/colonos.it\/\/in-tre-riis\/in-tre-riis-2013\/"},"modified":"2021-01-04T11:13:09","modified_gmt":"2021-01-04T10:13:09","slug":"in-tre-riis-2013","status":"publish","type":"page","link":"https:\/\/colonos.it\/furlan\/in-tre-riis\/in-tre-riis-2013\/","title":{"rendered":"In tr\u00ea riis 2013"},"content":{"rendered":"<p><img decoding=\"async\" loading=\"lazy\" class=\"alignnone size-full wp-image-1717\" src=\"https:\/\/colonos.it\/\/wp-content\/uploads\/2021\/01\/in-tre-riis-2013.jpg\" alt=\"\" width=\"985\" height=\"435\" srcset=\"https:\/\/colonos.it\/wp-content\/uploads\/2021\/01\/in-tre-riis-2013.jpg 985w, https:\/\/colonos.it\/wp-content\/uploads\/2021\/01\/in-tre-riis-2013-300x132.jpg 300w, https:\/\/colonos.it\/wp-content\/uploads\/2021\/01\/in-tre-riis-2013-768x339.jpg 768w\" sizes=\"(max-width: 985px) 100vw, 985px\" \/><\/p>\n<h2>ROMAN\u00c7 IN TR\u00ca RIIS<\/h2>\n<p>Concors leterari in Lenghe Furlane<br \/>\nCuarte edizion \u2013 2013<\/p>\n<hr \/>\n<p><strong>REGOLAMENT<\/strong><\/p>\n<p><strong>ARTICUL 1<br \/>\n<\/strong>L\u2019Associazion cultur\u00e2l Colonos e band\u00ecs, in colaborazion cul ARLeF, un concors par roman\u00e7s in lenghe furlane clam\u00e2t In tr\u00ea riis, idee gjavade di une invenzion leterarie dal scrit\u00f4r franc\u00eas Felix Feneon (1861 \u2013 1944).<\/p>\n<p><strong>ARTICUL 2<br \/>\n<\/strong>Il concors al rivuarde tescj di narative par furlan: storiis che a \u00e0n di sei leadis cu la atualit\u00e2t e ineditis, scritis ta la graf\u00ece ufici\u00e2l da\u00fbr da lis normis da la LR 15\/96 e modif. seguitivis, e e cun cualsisei variet\u00e2t lenghistiche (discjame il pdf da la Grafie Ufici\u00e2l da la Lenghe Furlane sul s\u00eet www.arlef.it), cuntune lungjece massime di 180 batudis (cjapant dentri ancje i spazis). Ogni parecipant al pues mand\u00e2 un massim di tr\u00ea composizions. Poesiis, filastrocjis o componiments f\u00fbr dal gjenar da la narative no vignaran consider\u00e2ts.<\/p>\n<p><strong>ARTICUL 3<\/strong><br \/>\nSi pues partecip\u00e2 intune da lis d\u00f4s sezions:<\/p>\n<p>fin ai 16 agns: fasint riv\u00e2 une e-mail par pueste eletroniche, a la direzion info@colonos.it cul test in aleg\u00e2t. La mail e \u00e0 di v\u00ea i d\u00e2ts dal aut\u00f4r (non, cognon, date di nassite, direzion di cjase e numar di telefon), la direzion di pueste eletroniche e la misure par la maiute-reg\u00e2l. I partecipants no \u00e0n di v\u00ea fin\u00eets 16 agns ai 30 di Jugn dal 2013;<\/p>\n<p>dai 17 ai 35 agns: fasint riv\u00e2 une e-mail par pueste eletroniche, a la direzion info@colonos.it cul test in aleg\u00e2t. La mail e \u00e0 di v\u00ea i d\u00e2ts dal aut\u00f4r (non, cognon, date di nassite, direzion di cjase e numar di telefon), la direzion di pueste eletroniche e la misure par la maiute-reg\u00e2l. I partecipants no \u00e0n di v\u00ea fin\u00eets 35 agns ai 30 di Jugn dal 2013.<\/p>\n<p><strong>ARTICUL 4<br \/>\n<\/strong>Lis voris a \u00e0n di riv\u00e2 dentri da la miezegnot dai 30 di Jugn dal 2013 (e f\u00e2s fede la ore in mostre sul computer).<\/p>\n<p><strong>ARTICUL 5<br \/>\n<\/strong>La jurie dal concors &#8220;Roman\u00e7 in tr\u00ea riis\u201d e je dade dongje di: Carlo Tolazzi (president), Lorenzo Casadio, William Cisilino, Daniela De Prato, Angelo Floramo, Enrico Michelutti.<\/p>\n<p><strong>ARTICUL 6<br \/>\n<\/strong>La jurie e assegnar\u00e0 un prin premi par ognidune da lis d\u00f4s sezions, ma e puedar\u00e0 ancje no d\u00e2lu par vie de cualit\u00e2t no meritevule dai lav\u00f4rs riv\u00e2ts.<\/p>\n<p>Al prin classific\u00e2t da la Sezion fin ai 16 agns i vignar\u00e0 d\u00e2t un smartphone Samsung ACE+ (o ecuivalent).<\/p>\n<p>Al prin classific\u00e2t da la Sezion dai 17 ai 35 agns i vignar\u00e0 d\u00e2t un iPad2 32 GBApple.<\/p>\n<p>La jurie e pues ancje assegn\u00e2 un \u201cPremi speci\u00e2l da la jurie\u201d a une o plui voris che si son segnaladis par origjinalit\u00e2t e contign\u00fbts. Par chest ricognossiment a saran dadis da lis publicazions editadis da l\u2019associazion cultur\u00e2l Colonos.<\/p>\n<p>Cun di plui ai partecipants ur vignar\u00e0 dade in reg\u00e2l une simpatiche maiute-simbul dal concors che le \u00e0 ilustrade di pueste Altan, e che si puedar\u00e0 ritir\u00e2 li dal Agriturisim Ai Colonos fintramai a la date di cerimonie da la premiazion.<\/p>\n<p>La Associazion cultur\u00e2l Colonos, tignint cont dal numar e da la cualit\u00e2t da lis oparis rivadis, in avign\u00ee e fasar\u00e0 une publicazion di pueste. Partecipant, i aut\u00f4rs a concedin i dirits par la publicazion in libri, su Internet e su altris eventu\u00e2i media.<\/p>\n<p><strong>ARTICUL 7<br \/>\n<\/strong>La cerimonie di premiazion si le fasar\u00e0 li dal Agriturisim Ai Colonos tal m\u00eas di Avost, intant da la manifestazion di Avostanis, intune date che e vignar\u00e0 comunicade par timp.<\/p>\n<p><strong>ARTICUL 8<br \/>\n<\/strong>Il bant di chest concors si lu cjate sul s\u00eet www.colonos.it<\/p>\n<p>Par v\u00ea altris informazions:<br \/>\nAssociazion Cultur\u00e2l \u201cColonos\u201d &#8211; Vie Zuan di Udin, 8 &#8211; 33050 Vilecjasse di Lestize (UD)<br \/>\ntel\/fax 348 1015830 &#8211; <a href=\"mailto:info@colonos.it\">info@colonos.it<\/a><\/p>\n","protected":false},"excerpt":{"rendered":"<p>ROMAN\u00c7 IN TR\u00ca RIIS Concors leterari in Lenghe Furlane Cuarte edizion \u2013 2013 REGOLAMENT ARTICUL 1 L\u2019Associazion cultur\u00e2l Colonos e band\u00ecs, in colaborazion cul ARLeF, un concors par roman\u00e7s in lenghe furlane clam\u00e2t In tr\u00ea riis, idee gjavade di une invenzion leterarie dal scrit\u00f4r franc\u00eas Felix Feneon (1861 \u2013 1944). ARTICUL 2 Il concors al<\/p>\n","protected":false},"author":1,"featured_media":1744,"parent":2852,"menu_order":2013,"comment_status":"closed","ping_status":"closed","template":"","meta":[],"acf":[],"_links":{"self":[{"href":"https:\/\/colonos.it\/furlan\/wp-json\/wp\/v2\/pages\/2860"}],"collection":[{"href":"https:\/\/colonos.it\/furlan\/wp-json\/wp\/v2\/pages"}],"about":[{"href":"https:\/\/colonos.it\/furlan\/wp-json\/wp\/v2\/types\/page"}],"author":[{"embeddable":true,"href":"https:\/\/colonos.it\/furlan\/wp-json\/wp\/v2\/users\/1"}],"replies":[{"embeddable":true,"href":"https:\/\/colonos.it\/furlan\/wp-json\/wp\/v2\/comments?post=2860"}],"version-history":[{"count":2,"href":"https:\/\/colonos.it\/furlan\/wp-json\/wp\/v2\/pages\/2860\/revisions"}],"predecessor-version":[{"id":2862,"href":"https:\/\/colonos.it\/furlan\/wp-json\/wp\/v2\/pages\/2860\/revisions\/2862"}],"up":[{"embeddable":true,"href":"https:\/\/colonos.it\/furlan\/wp-json\/wp\/v2\/pages\/2852"}],"wp:featuredmedia":[{"embeddable":true,"href":"https:\/\/colonos.it\/furlan\/wp-json\/wp\/v2\/media\/1744"}],"wp:attachment":[{"href":"https:\/\/colonos.it\/furlan\/wp-json\/wp\/v2\/media?parent=2860"}],"curies":[{"name":"wp","href":"https:\/\/api.w.org\/{rel}","templated":true}]}}