{"id":2854,"date":"2021-01-02T19:34:02","date_gmt":"2021-01-02T18:34:02","guid":{"rendered":"https:\/\/colonos.it\/\/in-tre-riis\/in-tre-riis-2010\/"},"modified":"2021-01-04T11:07:17","modified_gmt":"2021-01-04T10:07:17","slug":"in-tre-riis-2010","status":"publish","type":"page","link":"https:\/\/colonos.it\/furlan\/in-tre-riis\/in-tre-riis-2010\/","title":{"rendered":"In tr\u00ea riis 2010"},"content":{"rendered":"<h2>In tr\u00ea riis<\/h2>\n<p>Concors leterari par roman\u00e7s in lenghe furlane<\/p>\n<p><strong>Articul 1<\/strong><br \/>\nTal spirt dal teme di Avostanis 2010 che al \u00e8 \u201cNuie di masse\u201d e fasint buine une invenzion leterarie gjeni\u00e2l tirade f\u00fbr un secul inda\u00fbr dal scrit\u00f4r anarchic F\u00e9lix F\u00e9n\u00e9on, l\u2019Associazion cultur\u00e2l Colonos e band\u00ecs cul patrocini da Il Messaggero Veneto un concors par roman\u00e7s in lenghe furlane, nomen\u00e2t \u201cIn tr\u00ea riis\u201d.<\/p>\n<p><strong>Articul 2<\/strong><br \/>\nIl concors al rivuarde tescj di narative par furl\u00e0n, che \u00e0n di sei inedits, scrits ta la graf\u00ece ufici\u00e2l e cun cualsisei variet\u00e2t lenghistiche, da la lungjece massime di 180 batudis (cjapant dentri ancje i spazis).<\/p>\n<p><strong>Articul 3<\/strong><br \/>\nIl concors al \u00e8 viert ai partecipants ch\u2019a no \u00e0n plui di 35 agns.<br \/>\nOgni concorint al pu\u00e8s mand\u00e2 un massim di cinc composizions.<br \/>\nIl premi al vignar\u00e0 assegn\u00e2t dopo di v\u00ea verificade l\u2019et\u00e2t dai candid\u00e2ts.<\/p>\n<p><strong>Articul 4<\/strong><br \/>\nSi pu\u00e8s partecip\u00e2 fasint riv\u00e2 a l\u2019associazion cultur\u00e2l Colonos une mail par pueste eletroniche, a la direzion info@colonos.it, cul test dal roman\u00e7 in aleg\u00e2t. La mail e \u00e0 di v\u00ea i riferiments dal aut\u00f4r (non, cognon, vie e numar civic, l\u00fbc di residence e telefon), la s\u00f4 et\u00e2t e la so direzion di pueste eletroniche.<\/p>\n<p><strong>Articul 5<\/strong><br \/>\nLis voris a \u00e0n di riv\u00e2 dentri da la miegegnot dai 10 di lui 2010 (e f\u00e2s fede la ore evidenziade sul computer).<\/p>\n<p><strong>Articul 6<\/strong><br \/>\nLa jur\u00ece dal concors \u201cRoman\u00e7 in tr\u00ea riis e je componude di:<br \/>\nCarlo Tolazzi, scrit\u00f4r e dramaturc, president<br \/>\nFabiano Fantini, at\u00f4r<br \/>\nMassimo Garlatti Costa, regjist cinematografic e senegjad\u00f4r<br \/>\nClaudia Grimaz, cjantante e musiciste<br \/>\nMaurizio Mattiuzza, poete<br \/>\nMichele Meloni, gjornalist<br \/>\nMauroTubetti, DJ<\/p>\n<p><strong>Articul 7<\/strong><br \/>\nLa jur\u00ece e assegnar\u00e0 un prin, un secont e un tier\u00e7 premi, ma a puedar\u00e0 ancje judic\u00e2 ex-aequo plui voris, oben no assegn\u00e2 il premi par vie de cualit\u00e2t no meritevul.<br \/>\nI premis in pali a son:<br \/>\nPrin classific\u00e2t: libri di art cun poesiis di Andrea Zanzotto e tre incisions di Ciussi<br \/>\nSecont classific\u00e2t: libri di art cun poesiis Elio Bartolini e incisions di Altieri, Ciussi, Col\u00f2 e Zavagno<br \/>\nTier\u00e7 classific\u00e2t: libri di art cun poesiis di Amedeo Giacomini e 5 incisions di Renato Bruscaglia<br \/>\nTignint cont dal val\u00f4r e dal numar da lis oparis rivadis al podar\u00e0 vign\u00ee public\u00e2t un libri di pueste \u201cprogjet Colonos\u201d da\u00fbr di une selezion fate da la jurie. Cui stes criteris e su la fonde di une valutazion da la redazion cultur\u00e2l a vignar\u00e0n public\u00e2ts su Il Messaggero Veneto ducj o une part dai roman\u00e7s in tr\u00ea riis.<\/p>\n","protected":false},"excerpt":{"rendered":"<p>In tr\u00ea riis Concors leterari par roman\u00e7s in lenghe furlane Articul 1 Tal spirt dal teme di Avostanis 2010 che al \u00e8 \u201cNuie di masse\u201d e fasint buine une invenzion leterarie gjeni\u00e2l tirade f\u00fbr un secul inda\u00fbr dal scrit\u00f4r anarchic F\u00e9lix F\u00e9n\u00e9on, l\u2019Associazion cultur\u00e2l Colonos e band\u00ecs cul patrocini da Il Messaggero Veneto un concors<\/p>\n","protected":false},"author":1,"featured_media":1738,"parent":2852,"menu_order":0,"comment_status":"closed","ping_status":"closed","template":"","meta":[],"acf":[],"_links":{"self":[{"href":"https:\/\/colonos.it\/furlan\/wp-json\/wp\/v2\/pages\/2854"}],"collection":[{"href":"https:\/\/colonos.it\/furlan\/wp-json\/wp\/v2\/pages"}],"about":[{"href":"https:\/\/colonos.it\/furlan\/wp-json\/wp\/v2\/types\/page"}],"author":[{"embeddable":true,"href":"https:\/\/colonos.it\/furlan\/wp-json\/wp\/v2\/users\/1"}],"replies":[{"embeddable":true,"href":"https:\/\/colonos.it\/furlan\/wp-json\/wp\/v2\/comments?post=2854"}],"version-history":[{"count":2,"href":"https:\/\/colonos.it\/furlan\/wp-json\/wp\/v2\/pages\/2854\/revisions"}],"predecessor-version":[{"id":2856,"href":"https:\/\/colonos.it\/furlan\/wp-json\/wp\/v2\/pages\/2854\/revisions\/2856"}],"up":[{"embeddable":true,"href":"https:\/\/colonos.it\/furlan\/wp-json\/wp\/v2\/pages\/2852"}],"wp:featuredmedia":[{"embeddable":true,"href":"https:\/\/colonos.it\/furlan\/wp-json\/wp\/v2\/media\/1738"}],"wp:attachment":[{"href":"https:\/\/colonos.it\/furlan\/wp-json\/wp\/v2\/media?parent=2854"}],"curies":[{"name":"wp","href":"https:\/\/api.w.org\/{rel}","templated":true}]}}