{"id":2580,"date":"2020-12-15T12:55:17","date_gmt":"2020-12-15T11:55:17","guid":{"rendered":"https:\/\/colonos.it\/\/in-file\/"},"modified":"2021-01-25T16:57:26","modified_gmt":"2021-01-25T15:57:26","slug":"in-file","status":"publish","type":"page","link":"https:\/\/colonos.it\/furlan\/in-file\/","title":{"rendered":"In File"},"content":{"rendered":"<p>In ch\u00ea viere stale istesse dul\u00e0 che une volte lis fameis dai colonos si cjatavin \u201cin file\u201d par pass\u00e2 in buine companie lis seradis vie par l\u2019unvier, tacant dal 1998 si torne a vivi, cence nostalgjiis anacronistichis, il sens e l\u2019atmosfere di chei moments.<br \/>\nSi cjatisi par condividi, ator di un riferiment tematic sielt an par an, conferencis, dibatits, contis, dialics e testemoneancis, compagn\u00e2ts spes di performance music\u00e2ls, recital e mostris d\u2019art.<br \/>\nSi privilegjie in m\u00fbt particol\u00e2r l\u2019esplorazion di events particol\u00e2rs e personagjos da la storie dal Fri\u00fbl cun riferiment al l\u00f4r rapuart cu l\u2019atualit\u00e2t.<\/p>\n","protected":false},"excerpt":{"rendered":"<p>In ch\u00ea viere stale istesse dul\u00e0 che une volte lis fameis dai colonos si cjatavin \u201cin file\u201d par pass\u00e2 in buine companie lis seradis vie par l\u2019unvier, tacant dal 1998 si torne a vivi, cence nostalgjiis anacronistichis, il sens e l\u2019atmosfere di chei moments. Si cjatisi par condividi, ator di un riferiment tematic sielt an<\/p>\n","protected":false},"author":2,"featured_media":0,"parent":0,"menu_order":120,"comment_status":"closed","ping_status":"closed","template":"page-templates\/rassegna-archivio.php","meta":[],"acf":[],"_links":{"self":[{"href":"https:\/\/colonos.it\/furlan\/wp-json\/wp\/v2\/pages\/2580"}],"collection":[{"href":"https:\/\/colonos.it\/furlan\/wp-json\/wp\/v2\/pages"}],"about":[{"href":"https:\/\/colonos.it\/furlan\/wp-json\/wp\/v2\/types\/page"}],"author":[{"embeddable":true,"href":"https:\/\/colonos.it\/furlan\/wp-json\/wp\/v2\/users\/2"}],"replies":[{"embeddable":true,"href":"https:\/\/colonos.it\/furlan\/wp-json\/wp\/v2\/comments?post=2580"}],"version-history":[{"count":2,"href":"https:\/\/colonos.it\/furlan\/wp-json\/wp\/v2\/pages\/2580\/revisions"}],"predecessor-version":[{"id":3047,"href":"https:\/\/colonos.it\/furlan\/wp-json\/wp\/v2\/pages\/2580\/revisions\/3047"}],"wp:attachment":[{"href":"https:\/\/colonos.it\/furlan\/wp-json\/wp\/v2\/media?parent=2580"}],"curies":[{"name":"wp","href":"https:\/\/api.w.org\/{rel}","templated":true}]}}