{"id":2564,"date":"2020-12-23T16:25:49","date_gmt":"2020-12-23T15:25:49","guid":{"rendered":"https:\/\/colonos.it\/\/in-file-2020\/"},"modified":"2021-01-03T23:33:57","modified_gmt":"2021-01-03T22:33:57","slug":"in-file-2020","status":"publish","type":"page","link":"https:\/\/colonos.it\/furlan\/in-file\/in-file-2020\/","title":{"rendered":"In File 2020"},"content":{"rendered":"<p>26\/1 &gt; 22\/3 _ 2020<\/p>\n<p>Agriturisim Ai Colonos<br \/>\nVilecjasse di Lestize (Udin) Fri\u00fbl<\/p>\n<p>Direzion artistiche _ Federico Rossi<br \/>\nConsulence sientifiche _ Angelo Floramo<\/p>\n<p>Tescj furlans par cure di _ Gotart Mitri<\/p>\n<p>cul contrib\u00fbt di<\/p>\n<p><img decoding=\"async\" loading=\"lazy\" class=\"loghi170 alignnone wp-image-1272 size-full\" src=\"https:\/\/colonos.it\/\/wp-content\/uploads\/2020\/12\/marchio_fvg_bn_web.jpg\" alt=\"\" width=\"393\" height=\"89\" srcset=\"https:\/\/colonos.it\/wp-content\/uploads\/2020\/12\/marchio_fvg_bn_web.jpg 393w, https:\/\/colonos.it\/wp-content\/uploads\/2020\/12\/marchio_fvg_bn_web-300x68.jpg 300w\" sizes=\"(max-width: 393px) 100vw, 393px\" \/><\/p>\n<p>Assessor\u00e2t a la Culture<\/p>\n<p>cul sostegn di<\/p>\n<p><img decoding=\"async\" loading=\"lazy\" class=\"loghi150 alignnone wp-image-1276 size-full\" src=\"https:\/\/colonos.it\/\/wp-content\/uploads\/2020\/12\/Logo_Nonino_Nero_VETTORIALE_400.jpg\" alt=\"\" width=\"414\" height=\"93\" srcset=\"https:\/\/colonos.it\/wp-content\/uploads\/2020\/12\/Logo_Nonino_Nero_VETTORIALE_400.jpg 414w, https:\/\/colonos.it\/wp-content\/uploads\/2020\/12\/Logo_Nonino_Nero_VETTORIALE_400-300x67.jpg 300w\" sizes=\"(max-width: 414px) 100vw, 414px\" \/><\/p>\n<p><img decoding=\"async\" loading=\"lazy\" class=\"loghi150 alignnone wp-image-1278 size-full\" src=\"https:\/\/colonos.it\/\/wp-content\/uploads\/2020\/12\/Logo-CiviBank-nopayoff-web_1.jpg\" alt=\"\" width=\"300\" height=\"71\" \/><\/p>\n<p>Contrib\u00fbts volontaris sul cont di bancje<br \/>\nIBAN: IT 21 Z 05484 64070 101570001344<br \/>\nBancje Popol\u00e2r di Civid\u00e2t Fili\u00e2l di Pasian di Pr\u00e2t<br \/>\nintest\u00e2t a: Associazion cultur\u00e2l Colonos<\/p>\n<p>Progjet grafic<br \/>\nStefano Pallavisini &#8211; Ekostudio (Udin)<\/p>\n","protected":false},"excerpt":{"rendered":"<p>26\/1 &gt; 22\/3 _ 2020 Agriturisim Ai Colonos Vilecjasse di Lestize (Udin) Fri\u00fbl Direzion artistiche _ Federico Rossi Consulence sientifiche _ Angelo Floramo Tescj furlans par cure di _ Gotart Mitri cul contrib\u00fbt di Assessor\u00e2t a la Culture cul sostegn di Contrib\u00fbts volontaris sul cont di bancje IBAN: IT 21 Z 05484 64070 101570001344 Bancje<\/p>\n","protected":false},"author":1,"featured_media":1681,"parent":2580,"menu_order":2020,"comment_status":"closed","ping_status":"closed","template":"page-templates\/rassegna-edizione.php","meta":[],"acf":[],"_links":{"self":[{"href":"https:\/\/colonos.it\/furlan\/wp-json\/wp\/v2\/pages\/2564"}],"collection":[{"href":"https:\/\/colonos.it\/furlan\/wp-json\/wp\/v2\/pages"}],"about":[{"href":"https:\/\/colonos.it\/furlan\/wp-json\/wp\/v2\/types\/page"}],"author":[{"embeddable":true,"href":"https:\/\/colonos.it\/furlan\/wp-json\/wp\/v2\/users\/1"}],"replies":[{"embeddable":true,"href":"https:\/\/colonos.it\/furlan\/wp-json\/wp\/v2\/comments?post=2564"}],"version-history":[{"count":1,"href":"https:\/\/colonos.it\/furlan\/wp-json\/wp\/v2\/pages\/2564\/revisions"}],"predecessor-version":[{"id":2566,"href":"https:\/\/colonos.it\/furlan\/wp-json\/wp\/v2\/pages\/2564\/revisions\/2566"}],"up":[{"embeddable":true,"href":"https:\/\/colonos.it\/furlan\/wp-json\/wp\/v2\/pages\/2580"}],"wp:featuredmedia":[{"embeddable":true,"href":"https:\/\/colonos.it\/furlan\/wp-json\/wp\/v2\/media\/1681"}],"wp:attachment":[{"href":"https:\/\/colonos.it\/furlan\/wp-json\/wp\/v2\/media?parent=2564"}],"curies":[{"name":"wp","href":"https:\/\/api.w.org\/{rel}","templated":true}]}}