{"id":2556,"date":"2020-12-23T16:25:20","date_gmt":"2020-12-23T15:25:20","guid":{"rendered":"https:\/\/colonos.it\/\/in-file-2018\/"},"modified":"2021-01-03T23:28:21","modified_gmt":"2021-01-03T22:28:21","slug":"in-file-2018","status":"publish","type":"page","link":"https:\/\/colonos.it\/furlan\/in-file\/in-file-2018\/","title":{"rendered":"In File 2018"},"content":{"rendered":"<p>19\/1 &gt; 18\/3 \u2014 2018<\/p>\n<p>Agriturisim Ai Colonos<br \/>\nVilecjasse di Lestize (Udin) Fri\u00fbl<\/p>\n<p>Direzion artistiche _ Federico Rossi<br \/>\nConsulence sientifiche _ Angelo Floramo<br \/>\nTescj furlans par cure di _ Gotart Mitri<br \/>\nConsulence tecniche _ Andrea Saccomano<\/p>\n<p>Associazion cultur\u00e2l Colonos<\/p>\n<p>cul contrib\u00fbt di<\/p>\n<p><img decoding=\"async\" loading=\"lazy\" class=\"loghi170 alignnone wp-image-1272 size-full\" src=\"https:\/\/colonos.it\/\/wp-content\/uploads\/2020\/12\/marchio_fvg_bn_web.jpg\" alt=\"\" width=\"393\" height=\"89\" srcset=\"https:\/\/colonos.it\/wp-content\/uploads\/2020\/12\/marchio_fvg_bn_web.jpg 393w, https:\/\/colonos.it\/wp-content\/uploads\/2020\/12\/marchio_fvg_bn_web-300x68.jpg 300w\" sizes=\"(max-width: 393px) 100vw, 393px\" \/><\/p>\n<p>Assessor\u00e2t a la Culture<\/p>\n<p>cun la colaborazion di<br \/>\nCOMUN di LESTIZE<br \/>\nAssessor\u00e2t a la Culture<\/p>\n<p>cul sostegn di<\/p>\n<p><img decoding=\"async\" loading=\"lazy\" class=\"loghi150 alignnone wp-image-1276 size-full\" src=\"https:\/\/colonos.it\/\/wp-content\/uploads\/2020\/12\/Logo_Nonino_Nero_VETTORIALE_400.jpg\" alt=\"\" width=\"414\" height=\"93\" srcset=\"https:\/\/colonos.it\/wp-content\/uploads\/2020\/12\/Logo_Nonino_Nero_VETTORIALE_400.jpg 414w, https:\/\/colonos.it\/wp-content\/uploads\/2020\/12\/Logo_Nonino_Nero_VETTORIALE_400-300x67.jpg 300w\" sizes=\"(max-width: 414px) 100vw, 414px\" \/><\/p>\n<p><img decoding=\"async\" loading=\"lazy\" class=\"loghi170 alignnone wp-image-1289 size-full\" src=\"https:\/\/colonos.it\/\/wp-content\/uploads\/2020\/12\/Banca_Popolare_logo_bn_web.jpg\" alt=\"\" width=\"300\" height=\"41\" \/><\/p>\n<p>La partecipazion ai incuintris e je vierte ai socis.<br \/>\nLa cuote associative pal 2018 e je di 20 \u20ac.<\/p>\n<p>Si consee di f\u00e2 il versament sul cont di bancje<br \/>\nIBAN: IT 21 Z 05484 64070 101570001344<br \/>\nBancje Popol\u00e2r di Civid\u00e2t Fili\u00e2l di Pasian di Pr\u00e2t<br \/>\nintest\u00e2t a: Associazion cultur\u00e2l Colonos<\/p>\n<p>Progjet grafic<br \/>\nStefano Pallavisini &#8211; Ekostudio (Udin)<\/p>\n","protected":false},"excerpt":{"rendered":"<p>19\/1 &gt; 18\/3 \u2014 2018 Agriturisim Ai Colonos Vilecjasse di Lestize (Udin) Fri\u00fbl Direzion artistiche _ Federico Rossi Consulence sientifiche _ Angelo Floramo Tescj furlans par cure di _ Gotart Mitri Consulence tecniche _ Andrea Saccomano Associazion cultur\u00e2l Colonos cul contrib\u00fbt di Assessor\u00e2t a la Culture cun la colaborazion di COMUN di LESTIZE Assessor\u00e2t a<\/p>\n","protected":false},"author":1,"featured_media":1617,"parent":2580,"menu_order":2018,"comment_status":"closed","ping_status":"closed","template":"page-templates\/rassegna-edizione.php","meta":[],"acf":[],"_links":{"self":[{"href":"https:\/\/colonos.it\/furlan\/wp-json\/wp\/v2\/pages\/2556"}],"collection":[{"href":"https:\/\/colonos.it\/furlan\/wp-json\/wp\/v2\/pages"}],"about":[{"href":"https:\/\/colonos.it\/furlan\/wp-json\/wp\/v2\/types\/page"}],"author":[{"embeddable":true,"href":"https:\/\/colonos.it\/furlan\/wp-json\/wp\/v2\/users\/1"}],"replies":[{"embeddable":true,"href":"https:\/\/colonos.it\/furlan\/wp-json\/wp\/v2\/comments?post=2556"}],"version-history":[{"count":2,"href":"https:\/\/colonos.it\/furlan\/wp-json\/wp\/v2\/pages\/2556\/revisions"}],"predecessor-version":[{"id":2559,"href":"https:\/\/colonos.it\/furlan\/wp-json\/wp\/v2\/pages\/2556\/revisions\/2559"}],"up":[{"embeddable":true,"href":"https:\/\/colonos.it\/furlan\/wp-json\/wp\/v2\/pages\/2580"}],"wp:featuredmedia":[{"embeddable":true,"href":"https:\/\/colonos.it\/furlan\/wp-json\/wp\/v2\/media\/1617"}],"wp:attachment":[{"href":"https:\/\/colonos.it\/furlan\/wp-json\/wp\/v2\/media?parent=2556"}],"curies":[{"name":"wp","href":"https:\/\/api.w.org\/{rel}","templated":true}]}}