{"id":2548,"date":"2020-12-23T16:24:36","date_gmt":"2020-12-23T15:24:36","guid":{"rendered":"https:\/\/colonos.it\/\/in-file-2015\/"},"modified":"2021-01-03T23:21:47","modified_gmt":"2021-01-03T22:21:47","slug":"in-file-2015","status":"publish","type":"page","link":"https:\/\/colonos.it\/furlan\/in-file\/in-file-2015\/","title":{"rendered":"In File 2015"},"content":{"rendered":"<p>23\/1 &#8211; 6\/3 \u2014 2015<\/p>\n<p>Agriturisim Ai Colonos<br \/>\nVilecjasse di Lestize (Udin) Fri\u00fbl<\/p>\n<p>Direzion artistiche _ Federico Rossi<br \/>\nConsulence sientifiche _ Angelo Floramo<br \/>\nTescj furlans par cure di _ Gotart Mitri<\/p>\n<p>Consulence tecniche _ Andrea Saccomano<\/p>\n<p>Mostre<br \/>\nERETICS VU\u00ca<br \/>\nN\u00fbf presincis di Danilo De Marco,<br \/>\nta la stale vecje, intant dai incuintris In File.<\/p>\n<p>Associazion cultur\u00e2l Colonos<\/p>\n<p>cul contrib\u00fbt di<br \/>\nRegjon Autonome Fri\u00fbl Vignesie Julie &#8211; Assessor\u00e2t a la Culture<br \/>\nComun di Lestize &#8211; Assessor\u00e2t a la Culture<\/p>\n<p>cul sostegn di<br \/>\nDistilerie Domenis<br \/>\nBancje Popol\u00e2r di Civid\u00e2t<\/p>\n<hr \/>\n<p>La partecipazion ai incuintris In File e je vierte ai socis.<\/p>\n<p>La cuote associative pal 2015 e je di 20 Euro, e e da dirit di partecip\u00e2 a gratis a dutis lis manifestazions e a ducj i spetacui inmane\u00e2ts da l\u2019Associazion di vie pal an.<\/p>\n<p>Si consee di f\u00e2 il versament sul cont di bancje<br \/>\nIBAN: IT 21 Z 05484 64070 101570001344<br \/>\nBancje Popol\u00e2r di Civid\u00e2t Fili\u00e2l di Pasian di Pr\u00e2t<br \/>\nintest\u00e2t a: Associazion cultur\u00e2l Colonos<\/p>\n<hr \/>\n<p>Progjet grafic<br \/>\nStefano Pallavisini &#8211; Ekostudio (Udin)<\/p>\n","protected":false},"excerpt":{"rendered":"<p>23\/1 &#8211; 6\/3 \u2014 2015 Agriturisim Ai Colonos Vilecjasse di Lestize (Udin) Fri\u00fbl Direzion artistiche _ Federico Rossi Consulence sientifiche _ Angelo Floramo Tescj furlans par cure di _ Gotart Mitri Consulence tecniche _ Andrea Saccomano Mostre ERETICS VU\u00ca N\u00fbf presincis di Danilo De Marco, ta la stale vecje, intant dai incuintris In File. Associazion<\/p>\n","protected":false},"author":1,"featured_media":1527,"parent":2580,"menu_order":2015,"comment_status":"closed","ping_status":"closed","template":"page-templates\/rassegna-edizione.php","meta":[],"acf":[],"_links":{"self":[{"href":"https:\/\/colonos.it\/furlan\/wp-json\/wp\/v2\/pages\/2548"}],"collection":[{"href":"https:\/\/colonos.it\/furlan\/wp-json\/wp\/v2\/pages"}],"about":[{"href":"https:\/\/colonos.it\/furlan\/wp-json\/wp\/v2\/types\/page"}],"author":[{"embeddable":true,"href":"https:\/\/colonos.it\/furlan\/wp-json\/wp\/v2\/users\/1"}],"replies":[{"embeddable":true,"href":"https:\/\/colonos.it\/furlan\/wp-json\/wp\/v2\/comments?post=2548"}],"version-history":[{"count":2,"href":"https:\/\/colonos.it\/furlan\/wp-json\/wp\/v2\/pages\/2548\/revisions"}],"predecessor-version":[{"id":2550,"href":"https:\/\/colonos.it\/furlan\/wp-json\/wp\/v2\/pages\/2548\/revisions\/2550"}],"up":[{"embeddable":true,"href":"https:\/\/colonos.it\/furlan\/wp-json\/wp\/v2\/pages\/2580"}],"wp:featuredmedia":[{"embeddable":true,"href":"https:\/\/colonos.it\/furlan\/wp-json\/wp\/v2\/media\/1527"}],"wp:attachment":[{"href":"https:\/\/colonos.it\/furlan\/wp-json\/wp\/v2\/media?parent=2548"}],"curies":[{"name":"wp","href":"https:\/\/api.w.org\/{rel}","templated":true}]}}