{"id":2545,"date":"2020-12-23T16:24:21","date_gmt":"2020-12-23T15:24:21","guid":{"rendered":"https:\/\/colonos.it\/\/in-file-2014\/"},"modified":"2021-01-03T23:20:05","modified_gmt":"2021-01-03T22:20:05","slug":"in-file-2014","status":"publish","type":"page","link":"https:\/\/colonos.it\/furlan\/in-file\/in-file-2014\/","title":{"rendered":"In File 2014"},"content":{"rendered":"<p>24\/1 &#8211; 26\/4 \u2014 2014<\/p>\n<p>Agriturisim Ai Colonos<br \/>\nVilecjasse di Lestize (Udin) Fri\u00fbl<\/p>\n<p>Direzion artistiche _ Federico Rossi<br \/>\nConsulence sientifiche _ Angelo Floramo<br \/>\nTescj furlans par cure di _ Gotart Mitri<\/p>\n<p>Consulence tecniche _ Andrea Saccomano<br \/>\nAssociazion cultur\u00e2l Colonos<\/p>\n<p>cul contrib\u00fbt di<br \/>\nRegjon Autonome Fri\u00fbl Vignesie Julie &#8211; Assessor\u00e2t a la Culture<br \/>\nComun di Lestize &#8211; Assessor\u00e2t a la Culture<\/p>\n<p>cul sostegn di<br \/>\nAMGA Energia &amp; Servizi spa<br \/>\nDistilerie Domenis<br \/>\nBancje Popol\u00e2r di Civid\u00e2t<\/p>\n<hr \/>\n<p>La partecipazion ai incuintris In File e je vierte ai socis.<\/p>\n<p>La cuote associative pal 2014 e je di 20 Euro, e e da dirit di partecip\u00e2 a gratis a dutis lis manifestazions e ai spetacui organiz\u00e2ts da l\u2019associazion cultur\u00e2l Colonos vie pal an.<\/p>\n<p>Al \u00e8 conse\u00e2t il versament sul cont corint bancjari<br \/>\nIBAN: IT 21 Z 05484 64070 101570001344<br \/>\nBancje Popol\u00e2r di Civid\u00e2t Fili\u00e2l di Pasian di Pr\u00e2t<br \/>\nintest\u00e2t a: Associazion cultur\u00e2l Colonos<\/p>\n<hr \/>\n<p>Progjet grafic<br \/>\nStefano Pallavisini &#8211; Ekostudio (Udin)<\/p>\n","protected":false},"excerpt":{"rendered":"<p>24\/1 &#8211; 26\/4 \u2014 2014 Agriturisim Ai Colonos Vilecjasse di Lestize (Udin) Fri\u00fbl Direzion artistiche _ Federico Rossi Consulence sientifiche _ Angelo Floramo Tescj furlans par cure di _ Gotart Mitri Consulence tecniche _ Andrea Saccomano Associazion cultur\u00e2l Colonos cul contrib\u00fbt di Regjon Autonome Fri\u00fbl Vignesie Julie &#8211; Assessor\u00e2t a la Culture Comun di Lestize<\/p>\n","protected":false},"author":1,"featured_media":1495,"parent":2580,"menu_order":2014,"comment_status":"closed","ping_status":"closed","template":"page-templates\/rassegna-edizione.php","meta":[],"acf":[],"_links":{"self":[{"href":"https:\/\/colonos.it\/furlan\/wp-json\/wp\/v2\/pages\/2545"}],"collection":[{"href":"https:\/\/colonos.it\/furlan\/wp-json\/wp\/v2\/pages"}],"about":[{"href":"https:\/\/colonos.it\/furlan\/wp-json\/wp\/v2\/types\/page"}],"author":[{"embeddable":true,"href":"https:\/\/colonos.it\/furlan\/wp-json\/wp\/v2\/users\/1"}],"replies":[{"embeddable":true,"href":"https:\/\/colonos.it\/furlan\/wp-json\/wp\/v2\/comments?post=2545"}],"version-history":[{"count":2,"href":"https:\/\/colonos.it\/furlan\/wp-json\/wp\/v2\/pages\/2545\/revisions"}],"predecessor-version":[{"id":2547,"href":"https:\/\/colonos.it\/furlan\/wp-json\/wp\/v2\/pages\/2545\/revisions\/2547"}],"up":[{"embeddable":true,"href":"https:\/\/colonos.it\/furlan\/wp-json\/wp\/v2\/pages\/2580"}],"wp:featuredmedia":[{"embeddable":true,"href":"https:\/\/colonos.it\/furlan\/wp-json\/wp\/v2\/media\/1495"}],"wp:attachment":[{"href":"https:\/\/colonos.it\/furlan\/wp-json\/wp\/v2\/media?parent=2545"}],"curies":[{"name":"wp","href":"https:\/\/api.w.org\/{rel}","templated":true}]}}