{"id":2542,"date":"2020-12-23T16:24:02","date_gmt":"2020-12-23T15:24:02","guid":{"rendered":"https:\/\/colonos.it\/\/in-file-2013\/"},"modified":"2021-01-03T23:17:48","modified_gmt":"2021-01-03T22:17:48","slug":"in-file-2013","status":"publish","type":"page","link":"https:\/\/colonos.it\/furlan\/in-file\/in-file-2013\/","title":{"rendered":"In File 2013"},"content":{"rendered":"<p><em>Opare di Vladislav \u200bShabalin<\/em><\/p>\n<p>Agriturisim Ai Colonos<br \/>\nVilecjasse di Lestize (Udin) Fri\u00fbl<\/p>\n<p>Direzion artistiche _ Federico Rossi<br \/>\nConsulence sientifiche _ Angelo Floramo<br \/>\nTescj furlans par cure di _ Gotart Mitri<\/p>\n<p>Consulence tecniche _ Andrea Saccomano<\/p>\n<p>Associazion cultur\u00e2l Colonos<\/p>\n<p>cul contrib\u00fbt di<br \/>\nRegjon Autonome Fri\u00fbl-Vignesie Julie &#8211; Assessor\u00e2t a la Culture<br \/>\nComune di Lestizza &#8211; Assessor\u00e2t a la Culture<\/p>\n<p>cul sostegn di<br \/>\nAMGA spa<br \/>\nDistilerie Domenis<br \/>\nPoligrafiche San Marco<br \/>\nNordest Banca &#8211; Gruppo Banca Popolare di Cividale<\/p>\n<p>La partecipazion ai incuintris In File e je vierte ai socis.<br \/>\nLa cuote associative pal 2013 e je di 20 Euro, e e da dirit di partecip\u00e2 a gratis a dutis lis manifestazions e ai spetacui organiz\u00e2ts da l\u2019associazion cultur\u00e2l Colonos vie pal an.<\/p>\n<p>Cont corint puest\u00e2l n. 01458149<br \/>\nintest\u00e2t a: Associazion cultur\u00e2l Colonos<\/p>\n<hr \/>\n<p>Progjet grafic<br \/>\nStefano Pallavisini &#8211; Ekostudio (Udin)<\/p>\n<p>Stampe<br \/>\nPoligrafiche San Marco<\/p>\n","protected":false},"excerpt":{"rendered":"<p>Opare di Vladislav \u200bShabalin Agriturisim Ai Colonos Vilecjasse di Lestize (Udin) Fri\u00fbl Direzion artistiche _ Federico Rossi Consulence sientifiche _ Angelo Floramo Tescj furlans par cure di _ Gotart Mitri Consulence tecniche _ Andrea Saccomano Associazion cultur\u00e2l Colonos cul contrib\u00fbt di Regjon Autonome Fri\u00fbl-Vignesie Julie &#8211; Assessor\u00e2t a la Culture Comune di Lestizza &#8211; Assessor\u00e2t<\/p>\n","protected":false},"author":1,"featured_media":1469,"parent":2580,"menu_order":2013,"comment_status":"closed","ping_status":"closed","template":"page-templates\/rassegna-edizione.php","meta":[],"acf":[],"_links":{"self":[{"href":"https:\/\/colonos.it\/furlan\/wp-json\/wp\/v2\/pages\/2542"}],"collection":[{"href":"https:\/\/colonos.it\/furlan\/wp-json\/wp\/v2\/pages"}],"about":[{"href":"https:\/\/colonos.it\/furlan\/wp-json\/wp\/v2\/types\/page"}],"author":[{"embeddable":true,"href":"https:\/\/colonos.it\/furlan\/wp-json\/wp\/v2\/users\/1"}],"replies":[{"embeddable":true,"href":"https:\/\/colonos.it\/furlan\/wp-json\/wp\/v2\/comments?post=2542"}],"version-history":[{"count":2,"href":"https:\/\/colonos.it\/furlan\/wp-json\/wp\/v2\/pages\/2542\/revisions"}],"predecessor-version":[{"id":2544,"href":"https:\/\/colonos.it\/furlan\/wp-json\/wp\/v2\/pages\/2542\/revisions\/2544"}],"up":[{"embeddable":true,"href":"https:\/\/colonos.it\/furlan\/wp-json\/wp\/v2\/pages\/2580"}],"wp:featuredmedia":[{"embeddable":true,"href":"https:\/\/colonos.it\/furlan\/wp-json\/wp\/v2\/media\/1469"}],"wp:attachment":[{"href":"https:\/\/colonos.it\/furlan\/wp-json\/wp\/v2\/media?parent=2542"}],"curies":[{"name":"wp","href":"https:\/\/api.w.org\/{rel}","templated":true}]}}