{"id":2014,"date":"2020-12-23T16:21:03","date_gmt":"2020-12-23T15:21:03","guid":{"rendered":"https:\/\/colonos.it\/\/avostanis\/avostanis-2015\/"},"modified":"2021-01-03T15:41:45","modified_gmt":"2021-01-03T14:41:45","slug":"avostanis-2015","status":"publish","type":"page","link":"https:\/\/colonos.it\/furlan\/avostanis\/avostanis-2015\/","title":{"rendered":"Avostanis 2015"},"content":{"rendered":"<p><strong>Agriturisim Ai Colonos<\/strong><br \/>\nVilecjasse di Lestize (Udin) Fri\u00fbl<\/p>\n<p>Direzion artistiche _ Federico Rossi<br \/>\nTescj furlans par cure di _ Gotart Mitri<br \/>\nConsulence tecniche _ Andrea Saccomano<\/p>\n<p>Associazion cultur\u00e2l Colonos<\/p>\n<p>cul contrib\u00fbt di<\/p>\n<p><img decoding=\"async\" loading=\"lazy\" class=\"loghi170 alignnone wp-image-1272 size-full\" src=\"https:\/\/colonos.it\/\/wp-content\/uploads\/2020\/12\/marchio_fvg_bn_web.jpg\" alt=\"\" width=\"393\" height=\"89\" srcset=\"https:\/\/colonos.it\/wp-content\/uploads\/2020\/12\/marchio_fvg_bn_web.jpg 393w, https:\/\/colonos.it\/wp-content\/uploads\/2020\/12\/marchio_fvg_bn_web-300x68.jpg 300w\" sizes=\"(max-width: 393px) 100vw, 393px\" \/><\/p>\n<p><img decoding=\"async\" loading=\"lazy\" class=\"loghi170 alignnone wp-image-1287 size-full\" src=\"https:\/\/colonos.it\/\/wp-content\/uploads\/2020\/12\/Prov_Udine.jpg\" alt=\"\" width=\"300\" height=\"104\" \/><\/p>\n<p>cul sostegn di<\/p>\n<p><img decoding=\"async\" loading=\"lazy\" class=\"loghi170 alignnone wp-image-1289 size-full\" src=\"https:\/\/colonos.it\/\/wp-content\/uploads\/2020\/12\/Banca_Popolare_logo_bn_web.jpg\" alt=\"\" width=\"300\" height=\"41\" \/><\/p>\n<p>in colaborazion cun<br \/>\nComun di Lestize<br \/>\nComun di Scluse<br \/>\nComun di Udin<br \/>\nTeatro dell\u2019Elfo<br \/>\nProgjet Integr\u00e2t Culture dal Fri\u00fbl di Mie\u00e7<br \/>\nCentro Studi Pier Paolo Pasolini<br \/>\nAssociazion Bottega Errante<br \/>\nAssociazion cultur\u00e2l Giorgio Ferigo<br \/>\nGrop am\u00ees di Franco Marchetta<br \/>\nAssociazion cultur\u00e2l Nota<br \/>\nArlef &#8211; Agjenzie regjon\u00e2l pe lenghe furlane<\/p>\n<hr \/>\n<p>La jentrade e je libare par ducj i apontaments.<br \/>\nLa cuote associative pal 2015 e je di 20 euros e e f\u00e2s devent\u00e2 protagoniscj dal progjet dai Colonos.<\/p>\n<p><strong>1 \u20ac PAROMP PAR JESSI A PLOMP<br \/>\n<\/strong>O intind\u00ecn di continu\u00e2 a semen\u00e2, colt\u00e2 e cressi insieme cu la comunit\u00e2t dal nestri teritori (a km v\u00eef ). Parchel o fas\u00ecn cont ta la mobilitazion di dut il popul dai Colonos, che in buine part e dipent di lui la magjie di chest nestri progjet. Ognidun ch\u2019al deventi part ative intant di Avostanis, deventant soci op\u00fbr cul contrib\u00fbt di un euro par ogni apontament ch\u2019al partecipe. Il slogan \u201cUn \u20ac paromp par jessi a plomp\u201d al \u00e8 tal spirt di chel dai i furlans tal dopo-taramot: \u201cUn madon paromp e o tornar\u00ecn a plomp\u201d. Al \u00e8 il moment par tir\u00e2si s\u00f9 lis maniis ducj insieme par une imprese coletive di ricostruzion e di rinassite.<\/p>\n<p>Progjet grafic<br \/>\nStefano Pallavisini &#8211; Ekostudio (Udin)<\/p>\n","protected":false},"excerpt":{"rendered":"<p>Agriturisim Ai Colonos Vilecjasse di Lestize (Udin) Fri\u00fbl Direzion artistiche _ Federico Rossi Tescj furlans par cure di _ Gotart Mitri Consulence tecniche _ Andrea Saccomano Associazion cultur\u00e2l Colonos cul contrib\u00fbt di cul sostegn di in colaborazion cun Comun di Lestize Comun di Scluse Comun di Udin Teatro dell\u2019Elfo Progjet Integr\u00e2t Culture dal Fri\u00fbl di<\/p>\n","protected":false},"author":1,"featured_media":1252,"parent":1939,"menu_order":2015,"comment_status":"closed","ping_status":"closed","template":"page-templates\/rassegna-edizione.php","meta":[],"acf":[],"_links":{"self":[{"href":"https:\/\/colonos.it\/furlan\/wp-json\/wp\/v2\/pages\/2014"}],"collection":[{"href":"https:\/\/colonos.it\/furlan\/wp-json\/wp\/v2\/pages"}],"about":[{"href":"https:\/\/colonos.it\/furlan\/wp-json\/wp\/v2\/types\/page"}],"author":[{"embeddable":true,"href":"https:\/\/colonos.it\/furlan\/wp-json\/wp\/v2\/users\/1"}],"replies":[{"embeddable":true,"href":"https:\/\/colonos.it\/furlan\/wp-json\/wp\/v2\/comments?post=2014"}],"version-history":[{"count":1,"href":"https:\/\/colonos.it\/furlan\/wp-json\/wp\/v2\/pages\/2014\/revisions"}],"predecessor-version":[{"id":2015,"href":"https:\/\/colonos.it\/furlan\/wp-json\/wp\/v2\/pages\/2014\/revisions\/2015"}],"up":[{"embeddable":true,"href":"https:\/\/colonos.it\/furlan\/wp-json\/wp\/v2\/pages\/1939"}],"wp:featuredmedia":[{"embeddable":true,"href":"https:\/\/colonos.it\/furlan\/wp-json\/wp\/v2\/media\/1252"}],"wp:attachment":[{"href":"https:\/\/colonos.it\/furlan\/wp-json\/wp\/v2\/media?parent=2014"}],"curies":[{"name":"wp","href":"https:\/\/api.w.org\/{rel}","templated":true}]}}