{"id":1939,"date":"2020-12-15T12:57:59","date_gmt":"2020-12-15T11:57:59","guid":{"rendered":"https:\/\/colonos.it\/\/avostanis\/"},"modified":"2021-01-25T16:56:44","modified_gmt":"2021-01-25T15:56:44","slug":"avostanis","status":"publish","type":"page","link":"https:\/\/colonos.it\/furlan\/avostanis\/","title":{"rendered":"Avostanis"},"content":{"rendered":"<p>La rassegne Avostanis, che il so tiermin al diven dal furlan \u201cavostanis\u201d, i gr\u00ees di Avost, e je nassude tal 1992 tant che progjet cultur\u00e2l di grande inovazion. Le si faseve difats intun periodi cuant che la sierade par feriis dai puescj di vore e compuartave la sospension da la vite soci\u00e2l e cultur\u00e2l.<br \/>\nUn element di grande origjinalit\u00e2t al jere st\u00e2t chel di puart\u00e2 l\u2019art, la culture e il spetacul f\u00fbr dai spazis canonics e da lis salis di teatri, intun vieri curt\u00eel agricul dul\u00e0 che intune atmosfere convivi\u00e2l, a vignivin f\u00fbr seradis e events plens di magjie: fra incuintris, spetacui teatr\u00e2i e music\u00e2i, moments di poesie e propuestis di art contemporanie.<\/p>\n","protected":false},"excerpt":{"rendered":"<p>La rassegne Avostanis, che il so tiermin al diven dal furlan \u201cavostanis\u201d, i gr\u00ees di Avost, e je nassude tal 1992 tant che progjet cultur\u00e2l di grande inovazion. Le si faseve difats intun periodi cuant che la sierade par feriis dai puescj di vore e compuartave la sospension da la vite soci\u00e2l e cultur\u00e2l. Un<\/p>\n","protected":false},"author":2,"featured_media":0,"parent":0,"menu_order":100,"comment_status":"closed","ping_status":"closed","template":"page-templates\/rassegna-archivio.php","meta":[],"acf":[],"_links":{"self":[{"href":"https:\/\/colonos.it\/furlan\/wp-json\/wp\/v2\/pages\/1939"}],"collection":[{"href":"https:\/\/colonos.it\/furlan\/wp-json\/wp\/v2\/pages"}],"about":[{"href":"https:\/\/colonos.it\/furlan\/wp-json\/wp\/v2\/types\/page"}],"author":[{"embeddable":true,"href":"https:\/\/colonos.it\/furlan\/wp-json\/wp\/v2\/users\/2"}],"replies":[{"embeddable":true,"href":"https:\/\/colonos.it\/furlan\/wp-json\/wp\/v2\/comments?post=1939"}],"version-history":[{"count":4,"href":"https:\/\/colonos.it\/furlan\/wp-json\/wp\/v2\/pages\/1939\/revisions"}],"predecessor-version":[{"id":3044,"href":"https:\/\/colonos.it\/furlan\/wp-json\/wp\/v2\/pages\/1939\/revisions\/3044"}],"wp:attachment":[{"href":"https:\/\/colonos.it\/furlan\/wp-json\/wp\/v2\/media?parent=1939"}],"curies":[{"name":"wp","href":"https:\/\/api.w.org\/{rel}","templated":true}]}}