{"id":1916,"date":"2020-12-21T16:09:58","date_gmt":"2020-12-21T15:09:58","guid":{"rendered":"https:\/\/colonos.it\/\/avostanis-2018\/"},"modified":"2021-01-03T13:07:38","modified_gmt":"2021-01-03T12:07:38","slug":"avostanis-2018","status":"publish","type":"page","link":"https:\/\/colonos.it\/furlan\/avostanis\/avostanis-2018\/","title":{"rendered":"Avostanis 2018"},"content":{"rendered":"<p>Direzion artistiche _ Federico Rossi<br \/>\nCorezion tescj furlans _ Gotart Mitri<br \/>\nConsulence tecniche _ Andrea Saccomano<\/p>\n<p><strong>Associazion cultur\u00e2l Colonos<\/strong><\/p>\n<p>cul contrib\u00fbt di<\/p>\n<p><img decoding=\"async\" loading=\"lazy\" class=\"loghi170 alignnone wp-image-1272 size-full\" src=\"https:\/\/colonos.it\/\/wp-content\/uploads\/2020\/12\/marchio_fvg_bn_web.jpg\" alt=\"\" width=\"393\" height=\"89\" srcset=\"https:\/\/colonos.it\/wp-content\/uploads\/2020\/12\/marchio_fvg_bn_web.jpg 393w, https:\/\/colonos.it\/wp-content\/uploads\/2020\/12\/marchio_fvg_bn_web-300x68.jpg 300w\" sizes=\"(max-width: 393px) 100vw, 393px\" \/><\/p>\n<p>Assessor\u00e2t a la Culture<\/p>\n<p>in colaborazion cun<br \/>\nComun di Lestize<br \/>\nSede RAI dal Fri\u00fbl-Vignesie Julie<br \/>\nPIC &#8211; Progjet Integr\u00e2t Culture dal Fri\u00fbl di Mie\u00e7<br \/>\nGrup Majakovskij<\/p>\n<p>cul sostegn di<\/p>\n<p><img decoding=\"async\" loading=\"lazy\" class=\"loghi150 alignnone wp-image-1276 size-full\" src=\"https:\/\/colonos.it\/\/wp-content\/uploads\/2020\/12\/Logo_Nonino_Nero_VETTORIALE_400.jpg\" alt=\"\" width=\"414\" height=\"93\" srcset=\"https:\/\/colonos.it\/wp-content\/uploads\/2020\/12\/Logo_Nonino_Nero_VETTORIALE_400.jpg 414w, https:\/\/colonos.it\/wp-content\/uploads\/2020\/12\/Logo_Nonino_Nero_VETTORIALE_400-300x67.jpg 300w\" sizes=\"(max-width: 414px) 100vw, 414px\" \/><\/p>\n<p><img decoding=\"async\" loading=\"lazy\" class=\"loghi150 alignnone wp-image-1278 size-full\" src=\"https:\/\/colonos.it\/\/wp-content\/uploads\/2020\/12\/Logo-CiviBank-nopayoff-web_1.jpg\" alt=\"\" width=\"300\" height=\"71\" \/><\/p>\n<hr \/>\n<p>La jentrade e je libare par ducj i apuntaments, f\u00fbr che la conference di Philippe Daverio (jentrade \u20ac 7, a gratis pai socis).<\/p>\n<p>La cuote associative 2018 e je di 20 euros, par jessi protagoniscj dal progjet Colonos.<\/p>\n<p>Program azorn\u00e2t<br \/>\n<a href=\"https:\/\/www.colonos.it\">www.colonos.it<\/a> \u2013 <a href=\"https:\/\/www.facebook.com\/colonos.it\" target=\"_blank\" rel=\"noopener noreferrer\">facebook<\/a> \u2013 <a href=\"mailto:info@colonos.it\">info@colonos.it<\/a><\/p>\n<hr \/>\n<p>Associazion cultur\u00e2l Colonos<br \/>\nVie Zuan di Udin, 8 33050 Vilecjasse di Lestize (Udin)<\/p>\n<p>Agriturismo Ai Colonos<br \/>\n<a href=\"http:\/\/www.aicolonos.it\" target=\"_blank\" rel=\"noopener noreferrer\">www.aicolonos.it<\/a> \u2014 <a href=\"mailto:agricolonos@cheapnet.it\">agricolonos@cheapnet.it<\/a><\/p>\n<p><strong>1 \u20ac PAROMP PAR JESSI A PLOMP<br \/>\n<\/strong>O intind\u00ecn di continu\u00e2 a semen\u00e2, colt\u00e2 e cressi insieme cu la comunit\u00e2t dal nestri teritori (a km v\u00eef). Parchel o fas\u00ecn cont ta la mobilitazion di dut il popul dai Colonos, che in buine part e dipent di lui la magjie di chest nestri progjet. Ognidun ch\u2019al deventi part ative intant di Avostanis, deventant soci op\u00fbr cul contrib\u00fbt di un euro par ogni apontament ch\u2019al partecipe. Il slogan \u201cUn \u20ac paromp par jessi a plomp\u201d al \u00e8 tal spirt di chel dai i furlans tal dopo-taramot:<br \/>\n\u201cUn madon paromp e o tornar\u00ecn a plomp\u201d. Al \u00e8 il moment par tir\u00e2si s\u00f9 lis maniis ducj insieme par une imprese coletive di ricostruzion e di rinassite.<\/p>\n<p>Progjet grafic<br \/>\nStefano Pallavisini &#8211; Ekostudio (Udin)<\/p>\n","protected":false},"excerpt":{"rendered":"<p>Direzion artistiche _ Federico Rossi Corezion tescj furlans _ Gotart Mitri Consulence tecniche _ Andrea Saccomano Associazion cultur\u00e2l Colonos cul contrib\u00fbt di Assessor\u00e2t a la Culture in colaborazion cun Comun di Lestize Sede RAI dal Fri\u00fbl-Vignesie Julie PIC &#8211; Progjet Integr\u00e2t Culture dal Fri\u00fbl di Mie\u00e7 Grup Majakovskij cul sostegn di La jentrade e je<\/p>\n","protected":false},"author":1,"featured_media":1256,"parent":1939,"menu_order":2018,"comment_status":"closed","ping_status":"closed","template":"page-templates\/rassegna-edizione.php","meta":[],"acf":[],"_links":{"self":[{"href":"https:\/\/colonos.it\/furlan\/wp-json\/wp\/v2\/pages\/1916"}],"collection":[{"href":"https:\/\/colonos.it\/furlan\/wp-json\/wp\/v2\/pages"}],"about":[{"href":"https:\/\/colonos.it\/furlan\/wp-json\/wp\/v2\/types\/page"}],"author":[{"embeddable":true,"href":"https:\/\/colonos.it\/furlan\/wp-json\/wp\/v2\/users\/1"}],"replies":[{"embeddable":true,"href":"https:\/\/colonos.it\/furlan\/wp-json\/wp\/v2\/comments?post=1916"}],"version-history":[{"count":3,"href":"https:\/\/colonos.it\/furlan\/wp-json\/wp\/v2\/pages\/1916\/revisions"}],"predecessor-version":[{"id":1921,"href":"https:\/\/colonos.it\/furlan\/wp-json\/wp\/v2\/pages\/1916\/revisions\/1921"}],"up":[{"embeddable":true,"href":"https:\/\/colonos.it\/furlan\/wp-json\/wp\/v2\/pages\/1939"}],"wp:featuredmedia":[{"embeddable":true,"href":"https:\/\/colonos.it\/furlan\/wp-json\/wp\/v2\/media\/1256"}],"wp:attachment":[{"href":"https:\/\/colonos.it\/furlan\/wp-json\/wp\/v2\/media?parent=1916"}],"curies":[{"name":"wp","href":"https:\/\/api.w.org\/{rel}","templated":true}]}}