{"id":1906,"date":"2020-12-23T16:20:40","date_gmt":"2020-12-23T15:20:40","guid":{"rendered":"https:\/\/colonos.it\/\/avostanis-2014\/"},"modified":"2021-01-03T12:55:33","modified_gmt":"2021-01-03T11:55:33","slug":"avostanis-2014","status":"publish","type":"page","link":"https:\/\/colonos.it\/furlan\/avostanis\/avostanis-2014\/","title":{"rendered":"Avostanis 2014"},"content":{"rendered":"<p><em><strong>\u201cIntun c\u00eel di gnot cualchidun al vi\u00f4t dome il sc\u00fbr,<br \/>\njo o ai mi\u00f4r contempl\u00e2 lis stelis\u201d<\/strong><\/em><br \/>\n(Victor Hugo)<\/p>\n<p>Agriturisim Ai Colonos<br \/>\nVilecjasse di Lestize (Udin) Fri\u00fbl<\/p>\n<p>Direzion artistiche _ Federico Rossi<br \/>\nTescj furlans par cure di _ Gotart Mitri<br \/>\nConsulence tecniche _ Andrea Saccomano<\/p>\n<p>Associazion cultur\u00e2l Colonos<\/p>\n<p>cul contrib\u00fbt di<br \/>\nRegjon Autonome Fri\u00fbl-Vignesie Julie &#8211; Assessor\u00e2t a la Culture<br \/>\nProovincie di Udin &#8211; Assessor\u00e2t a la Culture<br \/>\nComun di Lestize<\/p>\n<p>cul sostegn di<br \/>\nAMGA Energia &amp; Servizi spa<br \/>\nDistilerie Domenis<br \/>\nBanca di Cividale Gruppo Banca Popolare di Cividale<\/p>\n<p>in colaborazion cun<br \/>\nProgjet Integr\u00e2t Culture dal Fri\u00fbl di Mie\u00e7<br \/>\nComunit\u00e2t Montane da la Cjargne<br \/>\nCEC &#8211; Udin<br \/>\nAssociazion cultur\u00e2l F\u00fbrclap<\/p>\n<hr \/>\n<p>La jentrade e je libare par ducj i apontaments, f\u00fbr che par il concert dai 21 di Avost, che al \u00e8 a paiament e gratis dome pai socis da l\u2019associazion cultur\u00e2l Colonos.<br \/>\nLa cuote associative pal 2014 e je di 20 euros e e f\u00e2s devent\u00e2 protagoniscj dal progjet dai Colonos.<\/p>\n<p><strong>1 \u20ac PAROMP PAR JESSI A PLOMP<\/strong><br \/>\nO intind\u00ecn di continu\u00e2 a semen\u00e2, colt\u00e2 e cressi insieme cu la comunit\u00e2t dal nestri teritori (a km v\u00eef). Parchel o fas\u00ecn cont ta la mobilitazion di dut il popul dai Colonos, che in buine part<br \/>\ne dipent di lui la magjie di chest nestri progjet.<\/p>\n<p>Ognidun ch\u2019al deventi part ative intant di Avostanis, deventant soci op\u00fbr cul contrib\u00fbt di un euro par ogni apontament ch\u2019al partecipe. Il slogan \u201cUn \u20ac paromp par jessi a plomp\u201d al \u00e8 tal spirt di chel dai i furlans tal dopo-taramot: \u201cUn madon paromp e o tornar\u00ecn a plomp\u201d. Al \u00e8 il moment par tir\u00e2si s\u00f9 lis maniis ducj insieme par une imprese coletive di ricostruzion e di rinassite.<\/p>\n<p>Progjet grafic<br \/>\nStefano Pallavisini &#8211; Ekostudio (Udin)<\/p>\n","protected":false},"excerpt":{"rendered":"<p>\u201cIntun c\u00eel di gnot cualchidun al vi\u00f4t dome il sc\u00fbr, jo o ai mi\u00f4r contempl\u00e2 lis stelis\u201d (Victor Hugo) Agriturisim Ai Colonos Vilecjasse di Lestize (Udin) Fri\u00fbl Direzion artistiche _ Federico Rossi Tescj furlans par cure di _ Gotart Mitri Consulence tecniche _ Andrea Saccomano Associazion cultur\u00e2l Colonos cul contrib\u00fbt di Regjon Autonome Fri\u00fbl-Vignesie Julie<\/p>\n","protected":false},"author":1,"featured_media":1250,"parent":1939,"menu_order":2014,"comment_status":"closed","ping_status":"closed","template":"page-templates\/rassegna-edizione.php","meta":[],"acf":[],"_links":{"self":[{"href":"https:\/\/colonos.it\/furlan\/wp-json\/wp\/v2\/pages\/1906"}],"collection":[{"href":"https:\/\/colonos.it\/furlan\/wp-json\/wp\/v2\/pages"}],"about":[{"href":"https:\/\/colonos.it\/furlan\/wp-json\/wp\/v2\/types\/page"}],"author":[{"embeddable":true,"href":"https:\/\/colonos.it\/furlan\/wp-json\/wp\/v2\/users\/1"}],"replies":[{"embeddable":true,"href":"https:\/\/colonos.it\/furlan\/wp-json\/wp\/v2\/comments?post=1906"}],"version-history":[{"count":2,"href":"https:\/\/colonos.it\/furlan\/wp-json\/wp\/v2\/pages\/1906\/revisions"}],"predecessor-version":[{"id":1908,"href":"https:\/\/colonos.it\/furlan\/wp-json\/wp\/v2\/pages\/1906\/revisions\/1908"}],"up":[{"embeddable":true,"href":"https:\/\/colonos.it\/furlan\/wp-json\/wp\/v2\/pages\/1939"}],"wp:featuredmedia":[{"embeddable":true,"href":"https:\/\/colonos.it\/furlan\/wp-json\/wp\/v2\/media\/1250"}],"wp:attachment":[{"href":"https:\/\/colonos.it\/furlan\/wp-json\/wp\/v2\/media?parent=1906"}],"curies":[{"name":"wp","href":"https:\/\/api.w.org\/{rel}","templated":true}]}}