{"id":1903,"date":"2020-12-23T16:20:24","date_gmt":"2020-12-23T15:20:24","guid":{"rendered":"https:\/\/colonos.it\/\/avostanis-2013\/"},"modified":"2021-01-03T12:52:52","modified_gmt":"2021-01-03T11:52:52","slug":"avostanis-2013","status":"publish","type":"page","link":"https:\/\/colonos.it\/furlan\/avostanis\/avostanis-2013\/","title":{"rendered":"Avostanis 2013"},"content":{"rendered":"<p>Agriturisim Ai Colonos<br \/>\nVilecjasse di Lestize (Udin) Fri\u00fbl<\/p>\n<p>Direzion artistiche _ Federico Rossi<br \/>\nTescj furlans par cure di _ Gotart Mitri<br \/>\nConsulence tecniche _ Andrea Saccomano<\/p>\n<p>Associazion cultur\u00e2l Colonos<\/p>\n<p>cul contrib\u00fbt di<br \/>\nRegjon Autonome Fri\u00fbl-Vignesie Julie &#8211; Assessor\u00e2t a la Culture<br \/>\nProovincie di Udin &#8211; Assessor\u00e2t a la Culture<br \/>\nComun di Lestize<\/p>\n<p>cul sostegn di<br \/>\nAMGA Energia &amp; Servizi spa<br \/>\nDistilerie Domenis<br \/>\nGruppo Banca Popolare di Cividale<\/p>\n<p>in colaborazion cun<br \/>\nProgjet Integr\u00e2t Culture dal Fri\u00fbl di Mie\u00e7<br \/>\nComun di San V\u00eet dal Tiliment<br \/>\nBanca Etica<br \/>\nSlow Food dal Fri\u00fbl<br \/>\nCentri Solidariet\u00e2t Zovins G. Micesio<br \/>\nAssociazion cultur\u00e2l F\u00fbrclap<\/p>\n<hr \/>\n<p>La jentrade e je libare pad ducj i apontaments, f\u00fbr che par chei dai 5\/8 &#8211; 12\/8 e 22\/8, che a son a gratis pai socis da l\u2019associazion cultur\u00e2l Colonos.<br \/>\nLa cuote associative pal 2013 e je di 20 \u20ac e e da dirit di partecip\u00e2 gratis a ducj i apontaments di Avostanis.<\/p>\n<p><strong>1 \u20ac PAROMP PAR JESSI A PLOMP<br \/>\n<\/strong>Tai ultins doi agns la Regjon e \u00e0 tai\u00e2t dal 55% i contrib\u00fbts a l\u2019Associazion cultur\u00e2l Colonos. Une politiche f\u00fbr di scuare e vuarbe, che no \u00e0 cap\u00eet che la culture e je un val\u00f4r primari par front\u00e2 insot une crisi epoc\u00e2l.<br \/>\nLa nestre rispueste a chei ch\u2019a vuelin trasform\u00e2 cheste nestre oasi in desert e je ch\u00ea di resisti e di continu\u00e2 a f\u00e2 ce che o vin fat di passe 20 agns inc\u00e0: semen\u00e2, colt\u00e2 e cressi insieme cu la comunit\u00e2t dal nestri teritori (a km v\u00eef). O fas\u00ecn cont ta la mobilitazion di dut il popul dai Colonos, che in buine part e dipent di lui la magjie di chest progjet. Ognidun ch\u2019al deventi part ative intant di Avostanis, cul contrib\u00fbt di un euro par ogni apontament ch\u2019al partecipe.<br \/>\nIl slogan \u201cUn \u20ac paromp par jessi a plomp\u201d al \u00e8 tal spirt di chel dai i furlans tal dopo-taramot: \u201cUn madon paromp e o tornar\u00ecn a plomp\u201d. Al \u00e8 il moment par tir\u00e2si s\u00f9 lis maniis ducj insieme par une imprese coletive di ricostruzion e di rinassite.<\/p>\n<p>Progjet grafic<br \/>\nStefano Pallavisini &#8211; Ekostudio (Udin)<\/p>\n","protected":false},"excerpt":{"rendered":"<p>Agriturisim Ai Colonos Vilecjasse di Lestize (Udin) Fri\u00fbl Direzion artistiche _ Federico Rossi Tescj furlans par cure di _ Gotart Mitri Consulence tecniche _ Andrea Saccomano Associazion cultur\u00e2l Colonos cul contrib\u00fbt di Regjon Autonome Fri\u00fbl-Vignesie Julie &#8211; Assessor\u00e2t a la Culture Proovincie di Udin &#8211; Assessor\u00e2t a la Culture Comun di Lestize cul sostegn di<\/p>\n","protected":false},"author":1,"featured_media":1246,"parent":1939,"menu_order":2013,"comment_status":"closed","ping_status":"closed","template":"page-templates\/rassegna-edizione.php","meta":[],"acf":[],"_links":{"self":[{"href":"https:\/\/colonos.it\/furlan\/wp-json\/wp\/v2\/pages\/1903"}],"collection":[{"href":"https:\/\/colonos.it\/furlan\/wp-json\/wp\/v2\/pages"}],"about":[{"href":"https:\/\/colonos.it\/furlan\/wp-json\/wp\/v2\/types\/page"}],"author":[{"embeddable":true,"href":"https:\/\/colonos.it\/furlan\/wp-json\/wp\/v2\/users\/1"}],"replies":[{"embeddable":true,"href":"https:\/\/colonos.it\/furlan\/wp-json\/wp\/v2\/comments?post=1903"}],"version-history":[{"count":2,"href":"https:\/\/colonos.it\/furlan\/wp-json\/wp\/v2\/pages\/1903\/revisions"}],"predecessor-version":[{"id":1905,"href":"https:\/\/colonos.it\/furlan\/wp-json\/wp\/v2\/pages\/1903\/revisions\/1905"}],"up":[{"embeddable":true,"href":"https:\/\/colonos.it\/furlan\/wp-json\/wp\/v2\/pages\/1939"}],"wp:featuredmedia":[{"embeddable":true,"href":"https:\/\/colonos.it\/furlan\/wp-json\/wp\/v2\/media\/1246"}],"wp:attachment":[{"href":"https:\/\/colonos.it\/furlan\/wp-json\/wp\/v2\/media?parent=1903"}],"curies":[{"name":"wp","href":"https:\/\/api.w.org\/{rel}","templated":true}]}}