{"id":1900,"date":"2020-12-23T16:20:09","date_gmt":"2020-12-23T15:20:09","guid":{"rendered":"https:\/\/colonos.it\/\/avostanis-2012\/"},"modified":"2021-01-03T12:50:43","modified_gmt":"2021-01-03T11:50:43","slug":"avostanis-2012","status":"publish","type":"page","link":"https:\/\/colonos.it\/furlan\/avostanis\/avostanis-2012\/","title":{"rendered":"Avostanis 2012"},"content":{"rendered":"<p>avostanis 2012 ___ XXI edizione<br \/>\n25 Lui &#8211; 2 Setembar 2012<\/p>\n<p>Direzion artistiche_Federico Rossi \/ Tescj furlans par cure di_Gotart Mitri \/<br \/>\nConsulence tecniche_Andrea Saccomano<\/p>\n<h2>Tal segn di Aquilee<\/h2>\n<p>Candid\u00e2 a Cit\u00e2t Europeane da la Culture pal 2019 dut il sisteme teritori\u00e2l, soci\u00e2l e cultur\u00e2l dal Nordest, p\u00fbr inta lis s\u00f4s molteplicis diferencis, al pues jessi un progjet di ril\u00eaf. Al \u00e8 dut c\u00e2s necessari che, dentri dal sisteme di sinergjiis che a son da\u00fbr a meti adun, la Regjon Fri\u00fbl-Vignesie Julie e cjapi cheste ocasion tant che une oportunit\u00e2t par proponisi di protagoniste sei sul plan cultur\u00e2l che su chel politic-istituzion\u00e2l, cuntun prof\u00eel alt, puartant in dote lis ecelencis da lis nestris comunit\u00e2ts. Jenfri chistis, la prime e je dal sig\u00fbr ch\u00ea dal patrimoni cetant sflandor\u00f4s di Aquilee, cit\u00e2t che l\u2019UNESCO al \u00e0 met\u00fbt dentri ta la liste dai s\u00eets dal patrimoni da l\u2019umanit\u00e2t, tant che lis s\u00f4s lidr\u00ees a \u00e0n nudr\u00eet vie pai secui la civilit\u00e2t furlane e la s\u00f4 identit\u00e2t. In cheste suaze l\u2019associazion cultur\u00e2l Colonos e propon, a traviers di Avostanis, un percors par scandai\u00e2 i aspiets plui origjin\u00e2i e interessants da la storie da la glesie di Aquilee dai prins secu dopo Crist. Une realt\u00e2t vivarose che e je stade caraterizade di une grande autonomie e di une straordenarie origjinalit\u00e2t noo dome dal pont di viste religj\u00f4s, teologjic, liturgjic e music\u00e2l, ma ancje da la ricjece cultur\u00e2l, stant che ch\u00ea glesie &#8211; po metude in sotanance e infin soprimude da la bande dai pod\u00eas fuarts &#8211; e abrace un mosaic european di popui, insed\u00e2t s\u00ec intun credo comun, ma dentri da la ricjece di une feconde molteplicit\u00e2t linguistiche e cultur\u00e2l. O lin a investig\u00e2 cierts aspiets di cheste nestre grande eredit\u00e2t cu la cussience da la s\u00f4 ferbinte atualit\u00e2t.<\/p>\n<p>Associazion cultur\u00e2l Colonos<\/p>\n<p>cul contrib\u00fbt di<br \/>\nRegjon Fri\u00fbl-Vignesie Julie, Assessor\u00e2t a la Culture<br \/>\nProvincie di Udin, Assessor\u00e2t a la Culture<br \/>\nComun di Lestize<\/p>\n<p>cul sostegn di<br \/>\nAMGA Energia &amp; Servizi spa \/ Distilerie Domenis<br \/>\nBanca di Cividale &#8211; Gruppo Banca Popolare di Cividale<\/p>\n<p>in colaborazion cun<br \/>\nAssociazion cultur\u00e2l don Gilberto Pressacco \/ Associazion cultur\u00e2l F\u00fbrclap \/ Fondazione Aquileia \/ Comun di Aquilee \/ Comun di Enemon\u00e7 \/ Comun di Moru\u00e7<\/p>\n","protected":false},"excerpt":{"rendered":"<p>avostanis 2012 ___ XXI edizione 25 Lui &#8211; 2 Setembar 2012 Direzion artistiche_Federico Rossi \/ Tescj furlans par cure di_Gotart Mitri \/ Consulence tecniche_Andrea Saccomano Tal segn di Aquilee Candid\u00e2 a Cit\u00e2t Europeane da la Culture pal 2019 dut il sisteme teritori\u00e2l, soci\u00e2l e cultur\u00e2l dal Nordest, p\u00fbr inta lis s\u00f4s molteplicis diferencis, al pues<\/p>\n","protected":false},"author":1,"featured_media":1244,"parent":1939,"menu_order":2012,"comment_status":"closed","ping_status":"closed","template":"page-templates\/rassegna-edizione.php","meta":[],"acf":[],"_links":{"self":[{"href":"https:\/\/colonos.it\/furlan\/wp-json\/wp\/v2\/pages\/1900"}],"collection":[{"href":"https:\/\/colonos.it\/furlan\/wp-json\/wp\/v2\/pages"}],"about":[{"href":"https:\/\/colonos.it\/furlan\/wp-json\/wp\/v2\/types\/page"}],"author":[{"embeddable":true,"href":"https:\/\/colonos.it\/furlan\/wp-json\/wp\/v2\/users\/1"}],"replies":[{"embeddable":true,"href":"https:\/\/colonos.it\/furlan\/wp-json\/wp\/v2\/comments?post=1900"}],"version-history":[{"count":2,"href":"https:\/\/colonos.it\/furlan\/wp-json\/wp\/v2\/pages\/1900\/revisions"}],"predecessor-version":[{"id":1902,"href":"https:\/\/colonos.it\/furlan\/wp-json\/wp\/v2\/pages\/1900\/revisions\/1902"}],"up":[{"embeddable":true,"href":"https:\/\/colonos.it\/furlan\/wp-json\/wp\/v2\/pages\/1939"}],"wp:featuredmedia":[{"embeddable":true,"href":"https:\/\/colonos.it\/furlan\/wp-json\/wp\/v2\/media\/1244"}],"wp:attachment":[{"href":"https:\/\/colonos.it\/furlan\/wp-json\/wp\/v2\/media?parent=1900"}],"curies":[{"name":"wp","href":"https:\/\/api.w.org\/{rel}","templated":true}]}}