{"id":1898,"date":"2020-12-23T16:17:55","date_gmt":"2020-12-23T15:17:55","guid":{"rendered":"https:\/\/colonos.it\/\/avostanis-2011\/"},"modified":"2021-01-03T12:48:34","modified_gmt":"2021-01-03T11:48:34","slug":"avostanis-2011","status":"publish","type":"page","link":"https:\/\/colonos.it\/furlan\/avostanis\/avostanis-2011\/","title":{"rendered":"Avostanis 2011"},"content":{"rendered":"<p>ai 27 di Lui ai 6 di Setembar \u2014 2011<br \/>\n(program definit\u00eef dai 16 di lui)<\/p>\n<p>Agriturisim Ai Colonos, Vileciasse di Lestize (Udin) &#8211; Fri\u00fbl<\/p>\n<p>Associazion cultur\u00e2l Colonos<\/p>\n<p>Cul contrib\u00fbt di<br \/>\nRegjon Fri\u00fbl-Vignesie Julie<br \/>\nProvincie di Udin<\/p>\n<p>Cul sostegn di<br \/>\nAMGA energia &amp; servizi Spa<br \/>\nCAFC Spa<br \/>\nDistilerie Domenis<br \/>\nNordest Banca e Banca Popolare di Cividale (Gruppo Banca Popolare di Cividale)<\/p>\n<p>In colaborazion cun<br \/>\nAssociazion cultur\u00e2l F\u00fbrclap<\/p>\n<p>Direzion artistiche<br \/>\nFederico Rossi<\/p>\n<p>Tescj furlans<br \/>\nGotart Mitri<\/p>\n<hr \/>\n<h2>naturalia artificialia<\/h2>\n<p>Inta la fase storiche plui dongje la societ\u00e2t ocident\u00e2l e \u00e0 pat\u00eet gambiaments insot parvie di une presince simpri plui pesant e invasive da la \u201cmachine\u201d declinade in dutis lis formis pussibilis di invenzion e aplicazion tecniche, mediant di un proc\u00e8s velo\u00e7 e cence padin ch\u2019al \u00e8 da\u00fbr a rivoluzion\u00e2 il nestri m\u00fbt di vivi, di vualm\u00e2 e di pens\u00e2. Si trate di un fenomen incolm di fats che no si rive a cognossi e di riscjos, tant che cualchi pensad\u00f4r contemporani al \u00e0 p\u00f4re che e rivi une civilt\u00e2t da la tecnocrazie.<\/p>\n<p>Dopo tr\u00ea mil agns, cuant che la vite umane si \u00e8 compagnade cun mie\u00e7s tecnologjics dome mecanics, cum\u00f2 i confins, une volte disfarence\u00e2ts, jenfri l\u2019aspiet natur\u00e2l e chel artifici\u00e2l a son devent\u00e2ts simpri plui malsig\u00fbrs.<\/p>\n<p>L\u2019ativit\u00e2t ferbinte par l\u2019artificializazion dal ambient di bande dal om, cetant infuartide di une difusion imburide da lis gnovis tecnologjiis informatichis e telematichis, e somee che e sedi da\u00fbr a gambi\u00e2 la nature umane istesse. I artefats no son plui sogjets difarents e esternis pal om, ma a son devent\u00e2ts estension dal so cuarp, dai siei sens e da la s\u00f4 ment. L\u2019om e la machine, il natur\u00e2l e l\u2019artifici\u00e2l, il re\u00e2l e il virtu\u00e2l a son da\u00fbr a instre\u00e7\u00e2si cuntune intime ibridazion simpri plui gruesse.<\/p>\n<p>\u201cLis machinis a stan deventant biologjichis, e ce ch\u2019al \u00e8 biologjic al sta deventant mecaniz\u00e2t\u201d<br \/>\n(Kevin Kelly)<\/p>\n<p>La vincjesime edizion di Avostanis e invide a pens\u00e2 disore di chescj temis di fonde.<\/p>\n","protected":false},"excerpt":{"rendered":"<p>ai 27 di Lui ai 6 di Setembar \u2014 2011 (program definit\u00eef dai 16 di lui) Agriturisim Ai Colonos, Vileciasse di Lestize (Udin) &#8211; Fri\u00fbl Associazion cultur\u00e2l Colonos Cul contrib\u00fbt di Regjon Fri\u00fbl-Vignesie Julie Provincie di Udin Cul sostegn di AMGA energia &amp; servizi Spa CAFC Spa Distilerie Domenis Nordest Banca e Banca Popolare di<\/p>\n","protected":false},"author":1,"featured_media":1242,"parent":1939,"menu_order":2011,"comment_status":"closed","ping_status":"closed","template":"page-templates\/rassegna-edizione.php","meta":[],"acf":[],"_links":{"self":[{"href":"https:\/\/colonos.it\/furlan\/wp-json\/wp\/v2\/pages\/1898"}],"collection":[{"href":"https:\/\/colonos.it\/furlan\/wp-json\/wp\/v2\/pages"}],"about":[{"href":"https:\/\/colonos.it\/furlan\/wp-json\/wp\/v2\/types\/page"}],"author":[{"embeddable":true,"href":"https:\/\/colonos.it\/furlan\/wp-json\/wp\/v2\/users\/1"}],"replies":[{"embeddable":true,"href":"https:\/\/colonos.it\/furlan\/wp-json\/wp\/v2\/comments?post=1898"}],"version-history":[{"count":1,"href":"https:\/\/colonos.it\/furlan\/wp-json\/wp\/v2\/pages\/1898\/revisions"}],"predecessor-version":[{"id":1899,"href":"https:\/\/colonos.it\/furlan\/wp-json\/wp\/v2\/pages\/1898\/revisions\/1899"}],"up":[{"embeddable":true,"href":"https:\/\/colonos.it\/furlan\/wp-json\/wp\/v2\/pages\/1939"}],"wp:featuredmedia":[{"embeddable":true,"href":"https:\/\/colonos.it\/furlan\/wp-json\/wp\/v2\/media\/1242"}],"wp:attachment":[{"href":"https:\/\/colonos.it\/furlan\/wp-json\/wp\/v2\/media?parent=1898"}],"curies":[{"name":"wp","href":"https:\/\/api.w.org\/{rel}","templated":true}]}}