{"id":1892,"date":"2020-12-23T16:19:23","date_gmt":"2020-12-23T15:19:23","guid":{"rendered":"https:\/\/colonos.it\/\/avostanis-2008\/"},"modified":"2021-01-03T12:44:05","modified_gmt":"2021-01-03T11:44:05","slug":"avostanis-2008","status":"publish","type":"page","link":"https:\/\/colonos.it\/furlan\/avostanis\/avostanis-2008\/","title":{"rendered":"Avostanis 2008"},"content":{"rendered":"<h2>raze contadine ogm<\/h2>\n<p>La tiere e je sacre.<br \/>\nDut ce che al suc\u00eat a la tiere<br \/>\nal suc\u00eat ai f\u00ees da la tiere.<\/p>\n<p>Cjavr\u00fbl \u00c7uet _ capo indian, 1854<\/p>\n<p>Dentri da la emergjence ecologjiche planetarie provocade dal om, l\u2019agriculture e la classe contadine a son stadis cjapadis di une mutazion gjenetiche. Lis multinazion\u00e2ls da l\u2019industrie agroaliment\u00e2r a \u00e0n svilup\u00e2t une strategjie di stermini da lis societ\u00e2ts contadinis tradizion\u00e2ls implantadis tai principis da la solidariet\u00e2t e dal ecuilibri ecologjic mediant da la propagande e da l\u2019imposizion di un model di agriculture che e smicje dome a nudr\u00ee inter\u00e8s economics bocognons, fiscant lis risorsis energjetichis, sfrutant i terens cu la pierdite di fertilit\u00e2t da lis tieris e la distruzion da la biodiviersit\u00e2t, dislidrisant lis comunit\u00e2ts loc\u00e2ls dal teritori e dal ambient dul\u00e0 che a vivevin, sdrumant i l\u00f4r val\u00f4rs soci\u00e2i, cultur\u00e2i e spirtu\u00e2i. La figure dal &#8220;contadin&#8221; peade a la tiere e je stade rimpla\u00e7ade di une categorie di &#8220;coltivad\u00f4rs&#8221; che a son funzion\u00e2i al profit di p\u00f4cs e grancj grups economics, pronts aromai a control\u00e2 e sfrut\u00e2 lis formis da la vite.<\/p>\n","protected":false},"excerpt":{"rendered":"<p>raze contadine ogm La tiere e je sacre. Dut ce che al suc\u00eat a la tiere al suc\u00eat ai f\u00ees da la tiere. Cjavr\u00fbl \u00c7uet _ capo indian, 1854 Dentri da la emergjence ecologjiche planetarie provocade dal om, l\u2019agriculture e la classe contadine a son stadis cjapadis di une mutazion gjenetiche. Lis multinazion\u00e2ls da l\u2019industrie<\/p>\n","protected":false},"author":1,"featured_media":1266,"parent":1939,"menu_order":2008,"comment_status":"closed","ping_status":"closed","template":"page-templates\/rassegna-edizione.php","meta":[],"acf":[],"_links":{"self":[{"href":"https:\/\/colonos.it\/furlan\/wp-json\/wp\/v2\/pages\/1892"}],"collection":[{"href":"https:\/\/colonos.it\/furlan\/wp-json\/wp\/v2\/pages"}],"about":[{"href":"https:\/\/colonos.it\/furlan\/wp-json\/wp\/v2\/types\/page"}],"author":[{"embeddable":true,"href":"https:\/\/colonos.it\/furlan\/wp-json\/wp\/v2\/users\/1"}],"replies":[{"embeddable":true,"href":"https:\/\/colonos.it\/furlan\/wp-json\/wp\/v2\/comments?post=1892"}],"version-history":[{"count":1,"href":"https:\/\/colonos.it\/furlan\/wp-json\/wp\/v2\/pages\/1892\/revisions"}],"predecessor-version":[{"id":1893,"href":"https:\/\/colonos.it\/furlan\/wp-json\/wp\/v2\/pages\/1892\/revisions\/1893"}],"up":[{"embeddable":true,"href":"https:\/\/colonos.it\/furlan\/wp-json\/wp\/v2\/pages\/1939"}],"wp:featuredmedia":[{"embeddable":true,"href":"https:\/\/colonos.it\/furlan\/wp-json\/wp\/v2\/media\/1266"}],"wp:attachment":[{"href":"https:\/\/colonos.it\/furlan\/wp-json\/wp\/v2\/media?parent=1892"}],"curies":[{"name":"wp","href":"https:\/\/api.w.org\/{rel}","templated":true}]}}