{"id":1888,"date":"2020-12-23T16:18:49","date_gmt":"2020-12-23T15:18:49","guid":{"rendered":"https:\/\/colonos.it\/\/avostanis-2006\/"},"modified":"2021-01-03T12:42:15","modified_gmt":"2021-01-03T11:42:15","slug":"avostanis-2006","status":"publish","type":"page","link":"https:\/\/colonos.it\/furlan\/avostanis\/avostanis-2006\/","title":{"rendered":"Avostanis 2006"},"content":{"rendered":"<h2>di f\u00fbr dentri la l\u00fbs<\/h2>\n<p>Cence di te, cun te<br \/>\nun pas indav\u00fbr, un pas indenant<br \/>\nslungjant la man<br \/>\ncu la fuarce dal rama\u00e7 tal pen\u00e7 dal c\u00eel<br \/>\ncul via\u00e7 dai v\u00f4i tal mont<br \/>\na planc a planc si cjatar\u00ecn &#8216;ne gnot,<br \/>\ncjalant di n\u00f4 ce ch&#8217;a nol reste,<br \/>\nintun trimul lus\u00ee di lune, di f\u00fbr, tal c\u00fbr<br \/>\ndentri la l\u00fbs.<\/p>\n<p>Pierluigi Cappello<br \/>\n(poesie inedite &#8211; ai 28 di jugn dal 2006)<\/p>\n","protected":false},"excerpt":{"rendered":"<p>di f\u00fbr dentri la l\u00fbs Cence di te, cun te un pas indav\u00fbr, un pas indenant slungjant la man cu la fuarce dal rama\u00e7 tal pen\u00e7 dal c\u00eel cul via\u00e7 dai v\u00f4i tal mont a planc a planc si cjatar\u00ecn &#8216;ne gnot, cjalant di n\u00f4 ce ch&#8217;a nol reste, intun trimul lus\u00ee di lune, di<\/p>\n","protected":false},"author":1,"featured_media":1270,"parent":1939,"menu_order":2006,"comment_status":"closed","ping_status":"closed","template":"page-templates\/rassegna-edizione.php","meta":[],"acf":[],"_links":{"self":[{"href":"https:\/\/colonos.it\/furlan\/wp-json\/wp\/v2\/pages\/1888"}],"collection":[{"href":"https:\/\/colonos.it\/furlan\/wp-json\/wp\/v2\/pages"}],"about":[{"href":"https:\/\/colonos.it\/furlan\/wp-json\/wp\/v2\/types\/page"}],"author":[{"embeddable":true,"href":"https:\/\/colonos.it\/furlan\/wp-json\/wp\/v2\/users\/1"}],"replies":[{"embeddable":true,"href":"https:\/\/colonos.it\/furlan\/wp-json\/wp\/v2\/comments?post=1888"}],"version-history":[{"count":1,"href":"https:\/\/colonos.it\/furlan\/wp-json\/wp\/v2\/pages\/1888\/revisions"}],"predecessor-version":[{"id":1889,"href":"https:\/\/colonos.it\/furlan\/wp-json\/wp\/v2\/pages\/1888\/revisions\/1889"}],"up":[{"embeddable":true,"href":"https:\/\/colonos.it\/furlan\/wp-json\/wp\/v2\/pages\/1939"}],"wp:featuredmedia":[{"embeddable":true,"href":"https:\/\/colonos.it\/furlan\/wp-json\/wp\/v2\/media\/1270"}],"wp:attachment":[{"href":"https:\/\/colonos.it\/furlan\/wp-json\/wp\/v2\/media?parent=1888"}],"curies":[{"name":"wp","href":"https:\/\/api.w.org\/{rel}","templated":true}]}}