{"id":1327,"date":"2020-12-23T16:22:51","date_gmt":"2020-12-23T15:22:51","guid":{"rendered":"https:\/\/colonos.it\/\/?page_id=1327"},"modified":"2021-01-02T15:39:19","modified_gmt":"2021-01-02T14:39:19","slug":"in-file-2009","status":"publish","type":"page","link":"https:\/\/colonos.it\/furlan\/in-file\/in-file-2009\/","title":{"rendered":"In File 2009"},"content":{"rendered":"<h2>De Rebus Incognitis<\/h2>\n<p>Con il titolo &#8220;De rebus incognitis&#8221;, mutuato dal diario di viaggio in Cina scritto dal Beato Odorico da Pordenone nel Trecento, i nove incontri ed eventi di In File 09 proseguono la ricerca avviata lo scorso anno sul tema del viaggio-esplorazione, allargandone il significato su altri piani: il viaggiare che scaturisce da un&#8217;esigenza etica di solidariet\u00e0 e militanza politica (Cora Slocomb Savorgnan di Brazz\u00e0 e Tina Modotti), da una necessit\u00e0 di vita (l&#8217;epica emigrazione friulana nella costruzione della ferrovia transiberiana), dalla ricerca creativa di nuovi orizzonti e nuove utopie (l&#8217;intervento artistico dei giovani di Temperaturambiente dell&#8217;Accademia di Belle Arti con sede a Villa Manin) e il progetto d&#8217;arte &#8220;Insiums-progjet utopie&#8221;), da una condizione di vita (i rom e i sinti).<\/p>\n<p>Gli incontri del 30 gennaio, 6 e 20 febbraio saranno trasmessi su Radio Spazio 103 la domenica successiva, alle ore 16.<\/p>\n<p>L&#8217;iniziativa \u00e8 realizzata con il contributo dell&#8217;Assessorato alla Culture della regione Friuli-Venezia Giulia e con il sostegno della Distilleria Domenis e Nordest banca.<\/p>\n<hr \/>\n<p>Direzione artistica &gt; Federico Rossi<\/p>\n<p>La partecipazione agli incontri \u00e8 aperta ai soci.<\/p>\n<p>La quota associativa per il 2009 \u00e8 di 15 Euro, e d\u00e0 diritto alla partecipazione gratuita a tutte le manifestazioni e a tutti gli spettacoli organizzati dall\u2019associazione culturale Colonos nel corso dell\u2019anno<\/p>\n<p>Progetto grafico &gt; Ekostudio (Udin)<\/p>\n<p>Foto del bus &gt; Luca d&#8217;Agostino<\/p>\n","protected":false},"excerpt":{"rendered":"<p>De Rebus Incognitis Con il titolo &#8220;De rebus incognitis&#8221;, mutuato dal diario di viaggio in Cina scritto dal Beato Odorico da Pordenone nel Trecento, i nove incontri ed eventi di In File 09 proseguono la ricerca avviata lo scorso anno sul tema del viaggio-esplorazione, allargandone il significato su altri piani: il viaggiare che scaturisce da<\/p>\n","protected":false},"author":1,"featured_media":1382,"parent":2580,"menu_order":2009,"comment_status":"closed","ping_status":"closed","template":"page-templates\/rassegna-edizione.php","meta":[],"acf":[],"_links":{"self":[{"href":"https:\/\/colonos.it\/furlan\/wp-json\/wp\/v2\/pages\/1327"}],"collection":[{"href":"https:\/\/colonos.it\/furlan\/wp-json\/wp\/v2\/pages"}],"about":[{"href":"https:\/\/colonos.it\/furlan\/wp-json\/wp\/v2\/types\/page"}],"author":[{"embeddable":true,"href":"https:\/\/colonos.it\/furlan\/wp-json\/wp\/v2\/users\/1"}],"replies":[{"embeddable":true,"href":"https:\/\/colonos.it\/furlan\/wp-json\/wp\/v2\/comments?post=1327"}],"version-history":[{"count":3,"href":"https:\/\/colonos.it\/furlan\/wp-json\/wp\/v2\/pages\/1327\/revisions"}],"predecessor-version":[{"id":1350,"href":"https:\/\/colonos.it\/furlan\/wp-json\/wp\/v2\/pages\/1327\/revisions\/1350"}],"up":[{"embeddable":true,"href":"https:\/\/colonos.it\/furlan\/wp-json\/wp\/v2\/pages\/2580"}],"wp:featuredmedia":[{"embeddable":true,"href":"https:\/\/colonos.it\/furlan\/wp-json\/wp\/v2\/media\/1382"}],"wp:attachment":[{"href":"https:\/\/colonos.it\/furlan\/wp-json\/wp\/v2\/media?parent=1327"}],"curies":[{"name":"wp","href":"https:\/\/api.w.org\/{rel}","templated":true}]}}